{"id":11655,"date":"2026-03-05T08:00:29","date_gmt":"2026-03-05T08:00:29","guid":{"rendered":"https:\/\/engitech.az\/?post_type=product&#038;p=11655"},"modified":"2026-03-05T08:00:29","modified_gmt":"2026-03-05T08:00:29","slug":"z407-bluetooth-computer-speakers-with-subwoofer-and-wireless-control","status":"publish","type":"product","link":"https:\/\/engitech.az\/en\/product\/z407-bluetooth-computer-speakers-with-subwoofer-and-wireless-control\/","title":{"rendered":"Z407 Bluetooth Computer Speakers with Subwoofer and Wireless control"},"content":{"rendered":"<div class=\"flex flex-col text-sm pb-25\">\n<article class=\"text-token-text-primary w-full focus:outline-none [--shadow-height:45px] has-data-writing-block:pointer-events-none has-data-writing-block:-mt-(--shadow-height) has-data-writing-block:pt-(--shadow-height) [&amp;:has([data-writing-block])&gt;*]:pointer-events-auto scroll-mt-[calc(var(--header-height)+min(200px,max(70px,20svh)))]\" dir=\"auto\" tabindex=\"-1\" data-turn-id=\"request-699e9dbc-1860-8387-a7b4-00d3226d9468-6\" data-testid=\"conversation-turn-90\" data-scroll-anchor=\"true\" data-turn=\"assistant\">\n<div class=\"text-base my-auto mx-auto pb-10 [--thread-content-margin:--spacing(4)] @w-sm\/main:[--thread-content-margin:--spacing(6)] @w-lg\/main:[--thread-content-margin:--spacing(16)] px-(--thread-content-margin)\">\n<div class=\"[--thread-content-max-width:40rem] @w-lg\/main:[--thread-content-max-width:48rem] mx-auto max-w-(--thread-content-max-width) flex-1 group\/turn-messages focus-visible:outline-hidden relative flex w-full min-w-0 flex-col agent-turn\" tabindex=\"-1\">\n<div class=\"flex max-w-full flex-col grow\">\n<div class=\"min-h-8 text-message relative flex w-full flex-col items-end gap-2 text-start break-words whitespace-normal [.text-message+&amp;]:mt-1\" dir=\"auto\" data-message-author-role=\"assistant\" data-message-id=\"cd391ddf-53bf-4a15-a367-9cff78acc059\" data-message-model-slug=\"gpt-5-3\">\n<div class=\"flex w-full flex-col gap-1 empty:hidden first:pt-[1px]\">\n<div class=\"markdown prose dark:prose-invert w-full wrap-break-word dark markdown-new-styling\">\n<ul>\n<li data-start=\"2\" data-end=\"93\"><strong data-start=\"2\" data-end=\"13\">M\u0259hsul:<\/strong> Logitech Z407 Bluetooth Computer Speakers with Subwoofer and Wireless Control<\/li>\n<li data-start=\"96\" data-end=\"142\"><strong data-start=\"96\" data-end=\"111\">Category:<\/strong> 2.1 komp\u00fcter dinamik sistemi<\/li>\n<li data-start=\"145\" data-end=\"182\"><strong data-start=\"145\" data-end=\"155\">Contact:<\/strong> Bluetooth \/ USB \/ 3.5 mm<\/li>\n<li data-start=\"185\" data-end=\"328\"><strong data-start=\"185\" data-end=\"201\">Functions:<\/strong> Subwoofer il\u0259 g\u00fccl\u00fc bass, simsiz idar\u0259etm\u0259 dial\u0131, 80 W g\u00fcc, 2 peyk dinamik + subwoofer<\/li>\n<li data-start=\"331\" data-end=\"435\"><strong data-start=\"331\" data-end=\"344\">Usage:<\/strong> Komp\u00fcterd\u0259 musiqi, film v\u0259 oyun \u00fc\u00e7\u00fcn speaker sistemi<\/li>\n<\/ul>\n<\/div>\n<\/div>\n<\/div>\n<\/div>\n<div class=\"z-0 flex min-h-[46px] justify-start\"><\/div>\n<div class=\"mt-3 w-full empty:hidden\">\n<div class=\"text-center\"><\/div>\n<\/div>\n<\/div>\n<\/div>\n<\/article>\n<\/div>\n<div class=\"pointer-events-none h-px w-px absolute bottom-0\" aria-hidden=\"true\" data-edge=\"true\"><\/div>","protected":false},"excerpt":{"rendered":"<p>M\u0259hsul: Logitech Z407 Bluetooth Computer Speakers with Subwoofer and Wireless  [&#8230;]<\/p>","protected":false},"featured_media":11656,"comment_status":"open","ping_status":"closed","template":"","meta":[],"product_brand":[],"product_cat":[66],"product_tag":[],"class_list":{"0":"post-11655","1":"product","2":"type-product","3":"status-publish","4":"has-post-thumbnail","6":"product_cat-logitech","7":"pa_mehsul-tipi-speakers","9":"first","10":"instock","11":"sold-individually","12":"shipping-taxable","13":"purchasable","14":"product-type-simple"},"_links":{"self":[{"href":"https:\/\/engitech.az\/en\/wp-json\/wp\/v2\/product\/11655","targetHints":{"allow":["GET"]}}],"collection":[{"href":"https:\/\/engitech.az\/en\/wp-json\/wp\/v2\/product"}],"about":[{"href":"https:\/\/engitech.az\/en\/wp-json\/wp\/v2\/types\/product"}],"replies":[{"embeddable":true,"href":"https:\/\/engitech.az\/en\/wp-json\/wp\/v2\/comments?post=11655"}],"wp:featuredmedia":[{"embeddable":true,"href":"https:\/\/engitech.az\/en\/wp-json\/wp\/v2\/media\/11656"}],"wp:attachment":[{"href":"https:\/\/engitech.az\/en\/wp-json\/wp\/v2\/media?parent=11655"}],"wp:term":[{"taxonomy":"product_brand","embeddable":true,"href":"https:\/\/engitech.az\/en\/wp-json\/wp\/v2\/product_brand?post=11655"},{"taxonomy":"product_cat","embeddable":true,"href":"https:\/\/engitech.az\/en\/wp-json\/wp\/v2\/product_cat?post=11655"},{"taxonomy":"product_tag","embeddable":true,"href":"https:\/\/engitech.az\/en\/wp-json\/wp\/v2\/product_tag?post=11655"}],"curies":[{"name":"wp","href":"https:\/\/api.w.org\/{rel}","templated":true}]}}