{"id":11657,"date":"2026-03-05T08:02:47","date_gmt":"2026-03-05T08:02:47","guid":{"rendered":"https:\/\/engitech.az\/?post_type=product&#038;p=11657"},"modified":"2026-03-05T08:02:48","modified_gmt":"2026-03-05T08:02:48","slug":"hyperboom","status":"publish","type":"product","link":"https:\/\/engitech.az\/en\/product\/hyperboom\/","title":{"rendered":"HYPERBOOM"},"content":{"rendered":"<ul>\n<li data-start=\"2\" data-end=\"39\"><strong data-start=\"2\" data-end=\"13\">M\u0259hsul:<\/strong> Ultimate Ears HYPERBOOM<\/li>\n<li data-start=\"42\" data-end=\"92\"><strong data-start=\"42\" data-end=\"57\">Category:<\/strong> G\u00fccl\u00fc portativ Bluetooth dinamik<\/li>\n<li data-start=\"95\" data-end=\"133\"><strong data-start=\"95\" data-end=\"105\">Contact:<\/strong> Bluetooth \/ AUX \/ Optical<\/li>\n<li data-start=\"136\" data-end=\"278\"><strong data-start=\"136\" data-end=\"152\">Functions:<\/strong> \u00c7ox g\u00fccl\u00fc bass v\u0259 360\u00b0 s\u0259s, Adaptive EQ, IPX4 suya davaml\u0131l\u0131q, ~24 saat batareya \u00f6mr\u00fc<\/li>\n<li data-start=\"281\" data-end=\"395\"><strong data-start=\"281\" data-end=\"294\">Usage:<\/strong> Party, a\u00e7\u0131q hava v\u0259 b\u00f6y\u00fck m\u0259kanlarda musiqi \u00fc\u00e7\u00fcn g\u00fccl\u00fc speaker<\/li>\n<\/ul>","protected":false},"excerpt":{"rendered":"<p>M\u0259hsul: Ultimate Ears HYPERBOOM Kateqoriya: G\u00fccl\u00fc portativ Bluetooth dinamik \u018flaq\u0259:  [&#8230;]<\/p>","protected":false},"featured_media":0,"comment_status":"open","ping_status":"closed","template":"","meta":[],"product_brand":[],"product_cat":[66],"product_tag":[],"class_list":{"0":"post-11657","1":"product","2":"type-product","3":"status-publish","5":"product_cat-logitech","6":"pa_mehsul-tipi-speakers","8":"first","9":"instock","10":"sold-individually","11":"shipping-taxable","12":"purchasable","13":"product-type-simple"},"_links":{"self":[{"href":"https:\/\/engitech.az\/en\/wp-json\/wp\/v2\/product\/11657","targetHints":{"allow":["GET"]}}],"collection":[{"href":"https:\/\/engitech.az\/en\/wp-json\/wp\/v2\/product"}],"about":[{"href":"https:\/\/engitech.az\/en\/wp-json\/wp\/v2\/types\/product"}],"replies":[{"embeddable":true,"href":"https:\/\/engitech.az\/en\/wp-json\/wp\/v2\/comments?post=11657"}],"wp:attachment":[{"href":"https:\/\/engitech.az\/en\/wp-json\/wp\/v2\/media?parent=11657"}],"wp:term":[{"taxonomy":"product_brand","embeddable":true,"href":"https:\/\/engitech.az\/en\/wp-json\/wp\/v2\/product_brand?post=11657"},{"taxonomy":"product_cat","embeddable":true,"href":"https:\/\/engitech.az\/en\/wp-json\/wp\/v2\/product_cat?post=11657"},{"taxonomy":"product_tag","embeddable":true,"href":"https:\/\/engitech.az\/en\/wp-json\/wp\/v2\/product_tag?post=11657"}],"curies":[{"name":"wp","href":"https:\/\/api.w.org\/{rel}","templated":true}]}}