{"id":11680,"date":"2026-03-06T07:58:34","date_gmt":"2026-03-06T07:58:34","guid":{"rendered":"https:\/\/engitech.az\/?post_type=product&#038;p=11680"},"modified":"2026-03-06T07:58:34","modified_gmt":"2026-03-06T07:58:34","slug":"jabra-evolve-65-te","status":"publish","type":"product","link":"https:\/\/engitech.az\/en\/product\/jabra-evolve-65-te\/","title":{"rendered":"Jabra Evolve 65 TE"},"content":{"rendered":"<article class=\"text-token-text-primary w-full focus:outline-none [--shadow-height:45px] has-data-writing-block:pointer-events-none has-data-writing-block:-mt-(--shadow-height) has-data-writing-block:pt-(--shadow-height) [&amp;:has([data-writing-block])&gt;*]:pointer-events-auto scroll-mt-(--header-height)\" dir=\"auto\" tabindex=\"-1\" data-turn-id=\"91413e74-2fd6-4a76-887f-b2650cb37d5e\" data-testid=\"conversation-turn-101\" data-scroll-anchor=\"false\" data-turn=\"user\"><\/article>\n<article class=\"text-token-text-primary w-full focus:outline-none [--shadow-height:45px] has-data-writing-block:pointer-events-none has-data-writing-block:-mt-(--shadow-height) has-data-writing-block:pt-(--shadow-height) [&amp;:has([data-writing-block])&gt;*]:pointer-events-auto scroll-mt-[calc(var(--header-height)+min(200px,max(70px,20svh)))]\" dir=\"auto\" tabindex=\"-1\" data-turn-id=\"request-699e9dbc-1860-8387-a7b4-00d3226d9468-12\" data-testid=\"conversation-turn-102\" data-scroll-anchor=\"true\" data-turn=\"assistant\">\n<div class=\"text-base my-auto mx-auto pb-10 [--thread-content-margin:--spacing(4)] @w-sm\/main:[--thread-content-margin:--spacing(6)] @w-lg\/main:[--thread-content-margin:--spacing(16)] px-(--thread-content-margin)\">\n<div class=\"[--thread-content-max-width:40rem] @w-lg\/main:[--thread-content-max-width:48rem] mx-auto max-w-(--thread-content-max-width) flex-1 group\/turn-messages focus-visible:outline-hidden relative flex w-full min-w-0 flex-col agent-turn\" tabindex=\"-1\">\n<div class=\"flex max-w-full flex-col grow\">\n<div class=\"min-h-8 text-message relative flex w-full flex-col items-end gap-2 text-start break-words whitespace-normal [.text-message+&amp;]:mt-1\" dir=\"auto\" data-message-author-role=\"assistant\" data-message-id=\"da0b6585-5a81-4a46-bfa1-006b6732b0f8\" data-message-model-slug=\"gpt-5-3\">\n<div class=\"flex w-full flex-col gap-1 empty:hidden first:pt-[1px]\">\n<div class=\"markdown prose dark:prose-invert w-full wrap-break-word dark markdown-new-styling\">\n<ul>\n<li data-start=\"2\" data-end=\"34\"><strong data-start=\"2\" data-end=\"13\" data-is-only-node=\"\">M\u0259hsul:<\/strong> Jabra Evolve 65 TE<\/li>\n<li data-start=\"37\" data-end=\"75\"><strong data-start=\"37\" data-end=\"52\" data-is-only-node=\"\">Category:<\/strong> Simsiz ofis headseti<\/li>\n<li data-start=\"78\" data-end=\"114\"><strong data-start=\"78\" data-end=\"88\" data-is-only-node=\"\">Contact:<\/strong> Bluetooth \/ USB adapter<\/li>\n<li data-start=\"117\" data-end=\"194\"><strong data-start=\"117\" data-end=\"133\" data-is-only-node=\"\">Functions:<\/strong> S\u0259s-azaldan mikrofon, 2 cihazla qo\u015fulma, ~16 saat batareya<\/li>\n<li data-start=\"197\" data-end=\"256\"><strong data-start=\"197\" data-end=\"210\" data-is-only-node=\"\">Usage:<\/strong> Video konfrans v\u0259 ofis \u00fcnsiyy\u0259ti \u00fc\u00e7\u00fcn headset<\/li>\n<\/ul>\n<\/div>\n<\/div>\n<\/div>\n<\/div>\n<\/div>\n<\/div>\n<\/article>","protected":false},"excerpt":{"rendered":"<p>M\u0259hsul: Jabra Evolve 65 TE Kateqoriya: Simsiz ofis headseti \u018flaq\u0259:  [&#8230;]<\/p>","protected":false},"featured_media":11681,"comment_status":"open","ping_status":"closed","template":"","meta":[],"product_brand":[],"product_cat":[173],"product_tag":[],"class_list":{"0":"post-11680","1":"product","2":"type-product","3":"status-publish","4":"has-post-thumbnail","6":"product_cat-jabra","7":"pa_mehsul-tipi-headsets","9":"first","10":"instock","11":"sold-individually","12":"shipping-taxable","13":"purchasable","14":"product-type-simple"},"_links":{"self":[{"href":"https:\/\/engitech.az\/en\/wp-json\/wp\/v2\/product\/11680","targetHints":{"allow":["GET"]}}],"collection":[{"href":"https:\/\/engitech.az\/en\/wp-json\/wp\/v2\/product"}],"about":[{"href":"https:\/\/engitech.az\/en\/wp-json\/wp\/v2\/types\/product"}],"replies":[{"embeddable":true,"href":"https:\/\/engitech.az\/en\/wp-json\/wp\/v2\/comments?post=11680"}],"wp:featuredmedia":[{"embeddable":true,"href":"https:\/\/engitech.az\/en\/wp-json\/wp\/v2\/media\/11681"}],"wp:attachment":[{"href":"https:\/\/engitech.az\/en\/wp-json\/wp\/v2\/media?parent=11680"}],"wp:term":[{"taxonomy":"product_brand","embeddable":true,"href":"https:\/\/engitech.az\/en\/wp-json\/wp\/v2\/product_brand?post=11680"},{"taxonomy":"product_cat","embeddable":true,"href":"https:\/\/engitech.az\/en\/wp-json\/wp\/v2\/product_cat?post=11680"},{"taxonomy":"product_tag","embeddable":true,"href":"https:\/\/engitech.az\/en\/wp-json\/wp\/v2\/product_tag?post=11680"}],"curies":[{"name":"wp","href":"https:\/\/api.w.org\/{rel}","templated":true}]}}