{"id":11686,"date":"2026-03-06T08:07:27","date_gmt":"2026-03-06T08:07:27","guid":{"rendered":"https:\/\/engitech.az\/?post_type=product&#038;p=11686"},"modified":"2026-03-06T08:07:28","modified_gmt":"2026-03-06T08:07:28","slug":"jabra-evolve-40-stereo-mono","status":"publish","type":"product","link":"https:\/\/engitech.az\/en\/product\/jabra-evolve-40-stereo-mono\/","title":{"rendered":"Jabra Evolve 40 Stereo \/ Mono"},"content":{"rendered":"<ul>\n<li data-start=\"2\" data-end=\"47\"><strong data-start=\"2\" data-end=\"13\">M\u0259hsul:<\/strong> Jabra Evolve 40 (Stereo \/ Mono)<\/li>\n<li data-start=\"50\" data-end=\"99\"><strong data-start=\"50\" data-end=\"65\">Category:<\/strong> Kabel il\u0259 qo\u015fulan ofis headseti<\/li>\n<li data-start=\"102\" data-end=\"132\"><strong data-start=\"102\" data-end=\"112\">Contact:<\/strong> USB \/ 3.5 mm jack<\/li>\n<li data-start=\"135\" data-end=\"305\"><strong data-start=\"135\" data-end=\"151\">Functions:<\/strong> S\u0259s-azaldan mikrofon, inline idar\u0259etm\u0259, busylight g\u00f6st\u0259ricisi, Stereo (iki qulaq) v\u0259 Mono (t\u0259k qulaq) versiyalar\u0131<\/li>\n<li data-start=\"308\" data-end=\"405\"><strong data-start=\"308\" data-end=\"321\">Usage:<\/strong> Video konfrans v\u0259 ofis \u00fcnsiyy\u0259ti \u00fc\u00e7\u00fcn headset<\/li>\n<\/ul>","protected":false},"excerpt":{"rendered":"<p>M\u0259hsul: Jabra Evolve 40 (Stereo \/ Mono) Kateqoriya: Kabel il\u0259  [&#8230;]<\/p>","protected":false},"featured_media":11687,"comment_status":"open","ping_status":"closed","template":"","meta":[],"product_brand":[],"product_cat":[173],"product_tag":[],"class_list":{"0":"post-11686","1":"product","2":"type-product","3":"status-publish","4":"has-post-thumbnail","6":"product_cat-jabra","7":"pa_mehsul-tipi-headsets","9":"first","10":"instock","11":"sold-individually","12":"shipping-taxable","13":"purchasable","14":"product-type-simple"},"_links":{"self":[{"href":"https:\/\/engitech.az\/en\/wp-json\/wp\/v2\/product\/11686","targetHints":{"allow":["GET"]}}],"collection":[{"href":"https:\/\/engitech.az\/en\/wp-json\/wp\/v2\/product"}],"about":[{"href":"https:\/\/engitech.az\/en\/wp-json\/wp\/v2\/types\/product"}],"replies":[{"embeddable":true,"href":"https:\/\/engitech.az\/en\/wp-json\/wp\/v2\/comments?post=11686"}],"wp:featuredmedia":[{"embeddable":true,"href":"https:\/\/engitech.az\/en\/wp-json\/wp\/v2\/media\/11687"}],"wp:attachment":[{"href":"https:\/\/engitech.az\/en\/wp-json\/wp\/v2\/media?parent=11686"}],"wp:term":[{"taxonomy":"product_brand","embeddable":true,"href":"https:\/\/engitech.az\/en\/wp-json\/wp\/v2\/product_brand?post=11686"},{"taxonomy":"product_cat","embeddable":true,"href":"https:\/\/engitech.az\/en\/wp-json\/wp\/v2\/product_cat?post=11686"},{"taxonomy":"product_tag","embeddable":true,"href":"https:\/\/engitech.az\/en\/wp-json\/wp\/v2\/product_tag?post=11686"}],"curies":[{"name":"wp","href":"https:\/\/api.w.org\/{rel}","templated":true}]}}