{"id":11688,"date":"2026-03-06T08:09:25","date_gmt":"2026-03-06T08:09:25","guid":{"rendered":"https:\/\/engitech.az\/?post_type=product&#038;p=11688"},"modified":"2026-03-06T08:09:26","modified_gmt":"2026-03-06T08:09:26","slug":"jabra-evolve-30-ii","status":"publish","type":"product","link":"https:\/\/engitech.az\/en\/product\/jabra-evolve-30-ii\/","title":{"rendered":"Jabra Evolve 30 II"},"content":{"rendered":"<ul>\n<li data-start=\"2\" data-end=\"34\"><strong data-start=\"2\" data-end=\"13\">M\u0259hsul:<\/strong> Jabra Evolve 30 II<\/li>\n<li data-start=\"37\" data-end=\"86\"><strong data-start=\"37\" data-end=\"52\">Category:<\/strong> Kabel il\u0259 qo\u015fulan ofis headseti<\/li>\n<li data-start=\"89\" data-end=\"119\"><strong data-start=\"89\" data-end=\"99\">Contact:<\/strong> USB \/ 3.5 mm jack<\/li>\n<li data-start=\"122\" data-end=\"248\"><strong data-start=\"122\" data-end=\"138\">Functions:<\/strong> S\u0259s-azaldan mikrofon, kabel \u00fcz\u0259rind\u0259 idar\u0259etm\u0259, plug-and-play qo\u015fulma<\/li>\n<li data-start=\"251\" data-end=\"348\"><strong data-start=\"251\" data-end=\"264\">Usage:<\/strong> Video konfrans v\u0259 ofis \u00fcnsiyy\u0259ti \u00fc\u00e7\u00fcn headset<\/li>\n<\/ul>","protected":false},"excerpt":{"rendered":"<p>M\u0259hsul: Jabra Evolve 30 II Kateqoriya: Kabel il\u0259 qo\u015fulan ofis  [&#8230;]<\/p>","protected":false},"featured_media":11689,"comment_status":"open","ping_status":"closed","template":"","meta":[],"product_brand":[],"product_cat":[173],"product_tag":[],"class_list":{"0":"post-11688","1":"product","2":"type-product","3":"status-publish","4":"has-post-thumbnail","6":"product_cat-jabra","7":"pa_mehsul-tipi-headsets","9":"first","10":"instock","11":"sold-individually","12":"shipping-taxable","13":"purchasable","14":"product-type-simple"},"_links":{"self":[{"href":"https:\/\/engitech.az\/en\/wp-json\/wp\/v2\/product\/11688","targetHints":{"allow":["GET"]}}],"collection":[{"href":"https:\/\/engitech.az\/en\/wp-json\/wp\/v2\/product"}],"about":[{"href":"https:\/\/engitech.az\/en\/wp-json\/wp\/v2\/types\/product"}],"replies":[{"embeddable":true,"href":"https:\/\/engitech.az\/en\/wp-json\/wp\/v2\/comments?post=11688"}],"wp:featuredmedia":[{"embeddable":true,"href":"https:\/\/engitech.az\/en\/wp-json\/wp\/v2\/media\/11689"}],"wp:attachment":[{"href":"https:\/\/engitech.az\/en\/wp-json\/wp\/v2\/media?parent=11688"}],"wp:term":[{"taxonomy":"product_brand","embeddable":true,"href":"https:\/\/engitech.az\/en\/wp-json\/wp\/v2\/product_brand?post=11688"},{"taxonomy":"product_cat","embeddable":true,"href":"https:\/\/engitech.az\/en\/wp-json\/wp\/v2\/product_cat?post=11688"},{"taxonomy":"product_tag","embeddable":true,"href":"https:\/\/engitech.az\/en\/wp-json\/wp\/v2\/product_tag?post=11688"}],"curies":[{"name":"wp","href":"https:\/\/api.w.org\/{rel}","templated":true}]}}