{"id":11692,"date":"2026-03-06T08:19:42","date_gmt":"2026-03-06T08:19:42","guid":{"rendered":"https:\/\/engitech.az\/?post_type=product&#038;p=11692"},"modified":"2026-03-06T08:19:42","modified_gmt":"2026-03-06T08:19:42","slug":"jabra-evolve2-65","status":"publish","type":"product","link":"https:\/\/engitech.az\/en\/product\/jabra-evolve2-65\/","title":{"rendered":"Jabra Evolve2 65"},"content":{"rendered":"<div class=\"flex flex-col text-sm\">\n<article class=\"text-token-text-primary w-full focus:outline-none [--shadow-height:45px] has-data-writing-block:pointer-events-none has-data-writing-block:-mt-(--shadow-height) has-data-writing-block:pt-(--shadow-height) [&amp;:has([data-writing-block])&gt;*]:pointer-events-auto scroll-mt-[calc(var(--header-height)+min(200px,max(70px,20svh)))]\" dir=\"auto\" tabindex=\"-1\" data-turn-id=\"request-699e9dbc-1860-8387-a7b4-00d3226d9468-20\" data-testid=\"conversation-turn-118\" data-scroll-anchor=\"true\" data-turn=\"assistant\">\n<div class=\"text-base my-auto mx-auto pb-10 [--thread-content-margin:--spacing(4)] @w-sm\/main:[--thread-content-margin:--spacing(6)] @w-lg\/main:[--thread-content-margin:--spacing(16)] px-(--thread-content-margin)\">\n<div class=\"[--thread-content-max-width:40rem] @w-lg\/main:[--thread-content-max-width:48rem] mx-auto max-w-(--thread-content-max-width) flex-1 group\/turn-messages focus-visible:outline-hidden relative flex w-full min-w-0 flex-col agent-turn\" tabindex=\"-1\">\n<div class=\"flex max-w-full flex-col grow\">\n<div class=\"min-h-8 text-message relative flex w-full flex-col items-end gap-2 text-start break-words whitespace-normal [.text-message+&amp;]:mt-1\" dir=\"auto\" data-message-author-role=\"assistant\" data-message-id=\"3cc56fdf-e659-4f24-98b3-b062695a6a29\" data-message-model-slug=\"gpt-5-3\">\n<div class=\"flex w-full flex-col gap-1 empty:hidden first:pt-[1px]\">\n<div class=\"markdown prose dark:prose-invert w-full wrap-break-word dark markdown-new-styling\">\n<ul>\n<li data-start=\"2\" data-end=\"32\"><strong data-start=\"2\" data-end=\"13\">M\u0259hsul:<\/strong> Jabra Evolve2 65<\/li>\n<li data-start=\"35\" data-end=\"73\"><strong data-start=\"35\" data-end=\"50\">Category:<\/strong> Simsiz ofis headseti<\/li>\n<li data-start=\"76\" data-end=\"112\"><strong data-start=\"76\" data-end=\"86\">Contact:<\/strong> Bluetooth \/ USB adapter<\/li>\n<li data-start=\"115\" data-end=\"259\"><strong data-start=\"115\" data-end=\"131\">Functions:<\/strong> 3 s\u0259s-azaldan mikrofon, 40 mm dinamikl\u0259r, 30 m simsiz m\u0259saf\u0259, ~35\u201337 saat batareya \u00f6mr\u00fc<\/li>\n<li data-start=\"262\" data-end=\"372\"><strong data-start=\"262\" data-end=\"275\">Usage:<\/strong> Video konfrans v\u0259 ofis \u00fcnsiyy\u0259ti \u00fc\u00e7\u00fcn professional headset<\/li>\n<\/ul>\n<\/div>\n<\/div>\n<\/div>\n<\/div>\n<div class=\"z-0 flex min-h-[46px] justify-start\"><\/div>\n<div class=\"mt-3 w-full empty:hidden\">\n<div class=\"text-center\"><\/div>\n<\/div>\n<\/div>\n<\/div>\n<\/article>\n<\/div>\n<div class=\"pointer-events-none h-px w-px absolute bottom-0\" aria-hidden=\"true\" data-edge=\"true\"><\/div>","protected":false},"excerpt":{"rendered":"<p>M\u0259hsul: Jabra Evolve2 65 Kateqoriya: Simsiz ofis headseti \u018flaq\u0259: Bluetooth  [&#8230;]<\/p>","protected":false},"featured_media":11693,"comment_status":"open","ping_status":"closed","template":"","meta":[],"product_brand":[],"product_cat":[173],"product_tag":[],"class_list":{"0":"post-11692","1":"product","2":"type-product","3":"status-publish","4":"has-post-thumbnail","6":"product_cat-jabra","7":"pa_mehsul-tipi-headsets","9":"first","10":"instock","11":"sold-individually","12":"shipping-taxable","13":"purchasable","14":"product-type-simple"},"_links":{"self":[{"href":"https:\/\/engitech.az\/en\/wp-json\/wp\/v2\/product\/11692","targetHints":{"allow":["GET"]}}],"collection":[{"href":"https:\/\/engitech.az\/en\/wp-json\/wp\/v2\/product"}],"about":[{"href":"https:\/\/engitech.az\/en\/wp-json\/wp\/v2\/types\/product"}],"replies":[{"embeddable":true,"href":"https:\/\/engitech.az\/en\/wp-json\/wp\/v2\/comments?post=11692"}],"wp:featuredmedia":[{"embeddable":true,"href":"https:\/\/engitech.az\/en\/wp-json\/wp\/v2\/media\/11693"}],"wp:attachment":[{"href":"https:\/\/engitech.az\/en\/wp-json\/wp\/v2\/media?parent=11692"}],"wp:term":[{"taxonomy":"product_brand","embeddable":true,"href":"https:\/\/engitech.az\/en\/wp-json\/wp\/v2\/product_brand?post=11692"},{"taxonomy":"product_cat","embeddable":true,"href":"https:\/\/engitech.az\/en\/wp-json\/wp\/v2\/product_cat?post=11692"},{"taxonomy":"product_tag","embeddable":true,"href":"https:\/\/engitech.az\/en\/wp-json\/wp\/v2\/product_tag?post=11692"}],"curies":[{"name":"wp","href":"https:\/\/api.w.org\/{rel}","templated":true}]}}