{"id":11703,"date":"2026-03-11T10:54:46","date_gmt":"2026-03-11T10:54:46","guid":{"rendered":"https:\/\/engitech.az\/?post_type=product&#038;p=11703"},"modified":"2026-03-11T10:54:46","modified_gmt":"2026-03-11T10:54:46","slug":"jabra-speak2-75","status":"publish","type":"product","link":"https:\/\/engitech.az\/en\/product\/jabra-speak2-75\/","title":{"rendered":"Jabra Speak2 75"},"content":{"rendered":"<p>\u2022 <strong data-start=\"2\" data-end=\"13\">M\u0259hsul:<\/strong> Jabra Speak2 75<br data-start=\"29\" data-end=\"32\" \/>\u2022 <strong data-start=\"34\" data-end=\"49\">Category:<\/strong> Portativ konfrans speakerphone<br data-start=\"80\" data-end=\"83\" \/>\u2022 <strong data-start=\"85\" data-end=\"95\">Contact:<\/strong> USB-C \/ USB-A, Bluetooth 5.2<br data-start=\"124\" data-end=\"127\" \/>\u2022 <strong data-start=\"129\" data-end=\"145\">Functions:<\/strong> 4 s\u0259s-azaldan mikrofon, full-duplex s\u0259s, kabel \u00fcz\u0259rind\u0259 idar\u0259etm\u0259, plug-and-play<br data-start=\"226\" data-end=\"229\" \/>\u2022 <strong data-start=\"231\" data-end=\"244\">Usage:<\/strong> Video konfrans v\u0259 onlayn g\u00f6r\u00fc\u015fl\u0259r \u00fc\u00e7\u00fcn speakerphone<\/p>","protected":false},"excerpt":{"rendered":"<p>\u2022 M\u0259hsul: Jabra Speak2 75\u2022 Kateqoriya: Portativ konfrans speakerphone\u2022 \u018flaq\u0259:  [&#8230;]<\/p>","protected":false},"featured_media":11704,"comment_status":"open","ping_status":"closed","template":"","meta":[],"product_brand":[],"product_cat":[173],"product_tag":[],"class_list":{"0":"post-11703","1":"product","2":"type-product","3":"status-publish","4":"has-post-thumbnail","6":"product_cat-jabra","7":"pa_mehsul-tipi-conference-speakerphones","9":"first","10":"instock","11":"sold-individually","12":"shipping-taxable","13":"purchasable","14":"product-type-simple"},"_links":{"self":[{"href":"https:\/\/engitech.az\/en\/wp-json\/wp\/v2\/product\/11703","targetHints":{"allow":["GET"]}}],"collection":[{"href":"https:\/\/engitech.az\/en\/wp-json\/wp\/v2\/product"}],"about":[{"href":"https:\/\/engitech.az\/en\/wp-json\/wp\/v2\/types\/product"}],"replies":[{"embeddable":true,"href":"https:\/\/engitech.az\/en\/wp-json\/wp\/v2\/comments?post=11703"}],"wp:featuredmedia":[{"embeddable":true,"href":"https:\/\/engitech.az\/en\/wp-json\/wp\/v2\/media\/11704"}],"wp:attachment":[{"href":"https:\/\/engitech.az\/en\/wp-json\/wp\/v2\/media?parent=11703"}],"wp:term":[{"taxonomy":"product_brand","embeddable":true,"href":"https:\/\/engitech.az\/en\/wp-json\/wp\/v2\/product_brand?post=11703"},{"taxonomy":"product_cat","embeddable":true,"href":"https:\/\/engitech.az\/en\/wp-json\/wp\/v2\/product_cat?post=11703"},{"taxonomy":"product_tag","embeddable":true,"href":"https:\/\/engitech.az\/en\/wp-json\/wp\/v2\/product_tag?post=11703"}],"curies":[{"name":"wp","href":"https:\/\/api.w.org\/{rel}","templated":true}]}}