{"id":11711,"date":"2026-03-11T12:24:57","date_gmt":"2026-03-11T12:24:57","guid":{"rendered":"https:\/\/engitech.az\/?post_type=product&#038;p=11711"},"modified":"2026-03-11T12:24:57","modified_gmt":"2026-03-11T12:24:57","slug":"jabra-panacast-meet-anywhere-panacast-speak-750-bundle","status":"publish","type":"product","link":"https:\/\/engitech.az\/en\/product\/jabra-panacast-meet-anywhere-panacast-speak-750-bundle\/","title":{"rendered":"Jabra PanaCast Meet Anywhere (PanaCast &#038; Speak 750 bundle)"},"content":{"rendered":"<p>\u2022 <strong data-start=\"2\" data-end=\"13\">M\u0259hsul:<\/strong> Jabra PanaCast Meet Anywhere (PanaCast &amp; Speak\u202f750)<br data-start=\"65\" data-end=\"68\" \/>\u2022 <strong data-start=\"70\" data-end=\"85\">Category:<\/strong> Video konfrans AV bundle<br data-start=\"110\" data-end=\"113\" \/>\u2022 <strong data-start=\"115\" data-end=\"125\">Contact:<\/strong> USB\u2011C (kamera), USB\u2011A \/ Bluetooth (speakerphone)<br data-start=\"174\" data-end=\"177\" \/>\u2022 <strong data-start=\"179\" data-end=\"195\">Functions:<\/strong> 180\u00b0 4K panoramik kamera, full\u2011duplex s\u0259s, s\u0259s\u2011azaldan mikrofon, plug\u2011and\u2011play<br data-start=\"274\" data-end=\"277\" \/>\u2022 <strong data-start=\"279\" data-end=\"292\">Usage:<\/strong> Hibrid i\u015f v\u0259 video konfranslar \u00fc\u00e7\u00fcn portativ h\u0259ll.<\/p>","protected":false},"excerpt":{"rendered":"<p>\u2022 M\u0259hsul: Jabra PanaCast Meet Anywhere (PanaCast &amp; Speak\u202f750)\u2022 Kateqoriya:  [&#8230;]<\/p>","protected":false},"featured_media":11717,"comment_status":"open","ping_status":"closed","template":"","meta":[],"product_brand":[],"product_cat":[173],"product_tag":[],"class_list":{"0":"post-11711","1":"product","2":"type-product","3":"status-publish","4":"has-post-thumbnail","6":"product_cat-jabra","7":"pa_mehsul-tipi-personal-video-cameras","9":"first","10":"instock","11":"sold-individually","12":"shipping-taxable","13":"purchasable","14":"product-type-simple"},"_links":{"self":[{"href":"https:\/\/engitech.az\/en\/wp-json\/wp\/v2\/product\/11711","targetHints":{"allow":["GET"]}}],"collection":[{"href":"https:\/\/engitech.az\/en\/wp-json\/wp\/v2\/product"}],"about":[{"href":"https:\/\/engitech.az\/en\/wp-json\/wp\/v2\/types\/product"}],"replies":[{"embeddable":true,"href":"https:\/\/engitech.az\/en\/wp-json\/wp\/v2\/comments?post=11711"}],"wp:featuredmedia":[{"embeddable":true,"href":"https:\/\/engitech.az\/en\/wp-json\/wp\/v2\/media\/11717"}],"wp:attachment":[{"href":"https:\/\/engitech.az\/en\/wp-json\/wp\/v2\/media?parent=11711"}],"wp:term":[{"taxonomy":"product_brand","embeddable":true,"href":"https:\/\/engitech.az\/en\/wp-json\/wp\/v2\/product_brand?post=11711"},{"taxonomy":"product_cat","embeddable":true,"href":"https:\/\/engitech.az\/en\/wp-json\/wp\/v2\/product_cat?post=11711"},{"taxonomy":"product_tag","embeddable":true,"href":"https:\/\/engitech.az\/en\/wp-json\/wp\/v2\/product_tag?post=11711"}],"curies":[{"name":"wp","href":"https:\/\/api.w.org\/{rel}","templated":true}]}}