{"id":11720,"date":"2026-03-12T05:36:02","date_gmt":"2026-03-12T05:36:02","guid":{"rendered":"https:\/\/engitech.az\/?post_type=product&#038;p=11720"},"modified":"2026-03-12T05:41:08","modified_gmt":"2026-03-12T05:41:08","slug":"jabra-panacast-room-kit","status":"publish","type":"product","link":"https:\/\/engitech.az\/en\/product\/jabra-panacast-room-kit\/","title":{"rendered":"Jabra PanaCast Room Kit"},"content":{"rendered":"<p>\u2022 <strong data-start=\"2\" data-end=\"13\">M\u0259hsul:<\/strong> Jabra PanaCast Room Kit<br data-start=\"37\" data-end=\"40\" \/>\u2022 <strong data-start=\"42\" data-end=\"57\">Category:<\/strong> Video konfrans otaq sistemi<br data-start=\"85\" data-end=\"88\" \/>\u2022 <strong data-start=\"90\" data-end=\"100\">Contact:<\/strong> USB-C \/ USB-A, HDMI<br data-start=\"120\" data-end=\"123\" \/>\u2022 <strong data-start=\"125\" data-end=\"141\">Functions:<\/strong> 180\u00b0 panoramik 4K kamera, a\u011f\u0131ll\u0131 g\u00f6r\u00fcnt\u00fc optimizasiyas\u0131, konfrans idar\u0259etm\u0259si, plug-and-play<br data-start=\"234\" data-end=\"237\" \/>\u2022 <strong data-start=\"239\" data-end=\"252\">Usage:<\/strong> Ki\u00e7ik v\u0259 orta \u00f6l\u00e7\u00fcl\u00fc iclas otaqlar\u0131 \u00fc\u00e7\u00fcn video konfrans sistemi.<\/p>","protected":false},"excerpt":{"rendered":"<p>\u2022 M\u0259hsul: Jabra PanaCast Room Kit\u2022 Kateqoriya: Video konfrans otaq  [&#8230;]<\/p>","protected":false},"featured_media":11729,"comment_status":"open","ping_status":"closed","template":"","meta":[],"product_brand":[],"product_cat":[173],"product_tag":[],"class_list":{"0":"post-11720","1":"product","2":"type-product","3":"status-publish","4":"has-post-thumbnail","6":"product_cat-jabra","7":"pa_mehsul-tipi-video-conferencing-cameras","9":"first","10":"instock","11":"sold-individually","12":"shipping-taxable","13":"purchasable","14":"product-type-simple"},"_links":{"self":[{"href":"https:\/\/engitech.az\/en\/wp-json\/wp\/v2\/product\/11720","targetHints":{"allow":["GET"]}}],"collection":[{"href":"https:\/\/engitech.az\/en\/wp-json\/wp\/v2\/product"}],"about":[{"href":"https:\/\/engitech.az\/en\/wp-json\/wp\/v2\/types\/product"}],"replies":[{"embeddable":true,"href":"https:\/\/engitech.az\/en\/wp-json\/wp\/v2\/comments?post=11720"}],"wp:featuredmedia":[{"embeddable":true,"href":"https:\/\/engitech.az\/en\/wp-json\/wp\/v2\/media\/11729"}],"wp:attachment":[{"href":"https:\/\/engitech.az\/en\/wp-json\/wp\/v2\/media?parent=11720"}],"wp:term":[{"taxonomy":"product_brand","embeddable":true,"href":"https:\/\/engitech.az\/en\/wp-json\/wp\/v2\/product_brand?post=11720"},{"taxonomy":"product_cat","embeddable":true,"href":"https:\/\/engitech.az\/en\/wp-json\/wp\/v2\/product_cat?post=11720"},{"taxonomy":"product_tag","embeddable":true,"href":"https:\/\/engitech.az\/en\/wp-json\/wp\/v2\/product_tag?post=11720"}],"curies":[{"name":"wp","href":"https:\/\/api.w.org\/{rel}","templated":true}]}}