{"id":11730,"date":"2026-03-12T05:44:17","date_gmt":"2026-03-12T05:44:17","guid":{"rendered":"https:\/\/engitech.az\/?post_type=product&#038;p=11730"},"modified":"2026-03-12T05:44:18","modified_gmt":"2026-03-12T05:44:18","slug":"jabra-panacast-room-kit-multi","status":"publish","type":"product","link":"https:\/\/engitech.az\/en\/product\/jabra-panacast-room-kit-multi\/","title":{"rendered":"Jabra PanaCast Room Kit Multi"},"content":{"rendered":"<p>\u2022 <strong data-start=\"2\" data-end=\"13\">M\u0259hsul:<\/strong> Jabra PanaCast Room Kit Multi<br data-start=\"43\" data-end=\"46\" \/>\u2022 <strong data-start=\"48\" data-end=\"63\">Category:<\/strong> Video konfrans otaq sistemi<br data-start=\"91\" data-end=\"94\" \/>\u2022 <strong data-start=\"96\" data-end=\"106\">Contact:<\/strong> USB-C \/ USB-A, HDMI<br data-start=\"126\" data-end=\"129\" \/>\u2022 <strong data-start=\"131\" data-end=\"147\">Functions:<\/strong> Multi-kamera sistemi, 180\u00b0 panoramik video, geni\u015f otaqlar \u00fc\u00e7\u00fcn \u0259lav\u0259 audio, plug-and-play qura\u015fd\u0131rma <br data-start=\"286\" data-end=\"289\" \/>\u2022 <strong data-start=\"291\" data-end=\"304\">Usage:<\/strong> B\u00f6y\u00fck iclas otaqlar\u0131 v\u0259 video konfranslar \u00fc\u00e7\u00fcn AV h\u0259ll (t\u0259xmin\u0259n 20+ n\u0259f\u0259rlik otaqlar)<\/p>","protected":false},"excerpt":{"rendered":"<p>\u2022 M\u0259hsul: Jabra PanaCast Room Kit Multi\u2022 Kateqoriya: Video konfrans  [&#8230;]<\/p>","protected":false},"featured_media":11731,"comment_status":"open","ping_status":"closed","template":"","meta":[],"product_brand":[],"product_cat":[173],"product_tag":[],"class_list":{"0":"post-11730","1":"product","2":"type-product","3":"status-publish","4":"has-post-thumbnail","6":"product_cat-jabra","7":"pa_mehsul-tipi-video-conferencing-cameras","9":"first","10":"instock","11":"sold-individually","12":"shipping-taxable","13":"purchasable","14":"product-type-simple"},"_links":{"self":[{"href":"https:\/\/engitech.az\/en\/wp-json\/wp\/v2\/product\/11730","targetHints":{"allow":["GET"]}}],"collection":[{"href":"https:\/\/engitech.az\/en\/wp-json\/wp\/v2\/product"}],"about":[{"href":"https:\/\/engitech.az\/en\/wp-json\/wp\/v2\/types\/product"}],"replies":[{"embeddable":true,"href":"https:\/\/engitech.az\/en\/wp-json\/wp\/v2\/comments?post=11730"}],"wp:featuredmedia":[{"embeddable":true,"href":"https:\/\/engitech.az\/en\/wp-json\/wp\/v2\/media\/11731"}],"wp:attachment":[{"href":"https:\/\/engitech.az\/en\/wp-json\/wp\/v2\/media?parent=11730"}],"wp:term":[{"taxonomy":"product_brand","embeddable":true,"href":"https:\/\/engitech.az\/en\/wp-json\/wp\/v2\/product_brand?post=11730"},{"taxonomy":"product_cat","embeddable":true,"href":"https:\/\/engitech.az\/en\/wp-json\/wp\/v2\/product_cat?post=11730"},{"taxonomy":"product_tag","embeddable":true,"href":"https:\/\/engitech.az\/en\/wp-json\/wp\/v2\/product_tag?post=11730"}],"curies":[{"name":"wp","href":"https:\/\/api.w.org\/{rel}","templated":true}]}}