{"id":11734,"date":"2026-03-12T06:44:46","date_gmt":"2026-03-12T06:44:46","guid":{"rendered":"https:\/\/engitech.az\/?post_type=product&#038;p=11734"},"modified":"2026-03-12T06:44:46","modified_gmt":"2026-03-12T06:44:46","slug":"streamer-1-x-hdmi-sh-201","status":"publish","type":"product","link":"https:\/\/engitech.az\/en\/product\/streamer-1-x-hdmi-sh-201\/","title":{"rendered":"STREAMER 1 x HDMI &#8211; SH-201"},"content":{"rendered":"<p>\u2022 <strong data-start=\"2\" data-end=\"13\">M\u0259hsul:<\/strong> ALCAD STREAMER 1 \u00d7 HDMI \u2013 IP (SH-201)<br data-start=\"51\" data-end=\"54\" \/>\u2022 <strong data-start=\"56\" data-end=\"71\">Category:<\/strong> HDMI-d\u0259n IP-\u0259 video streamer<br data-start=\"100\" data-end=\"103\" \/>\u2022 <strong data-start=\"105\" data-end=\"115\">Contact:<\/strong> HDMI, Ethernet<br data-start=\"130\" data-end=\"133\" \/>\u2022 <strong data-start=\"135\" data-end=\"151\">Functions:<\/strong> H.264 kodla\u015fd\u0131rma, 1080p yay\u0131m<br data-start=\"182\" data-end=\"185\" \/>\u2022 <strong data-start=\"187\" data-end=\"200\">Usage:<\/strong> HDMI siqnal\u0131n\u0131 IP \u015f\u0259b\u0259k\u0259 \u00fcz\u0259rind\u0259n yay\u0131mlamaq \u00fc\u00e7\u00fcn.<\/p>","protected":false},"excerpt":{"rendered":"<p>\u2022 M\u0259hsul: ALCAD STREAMER 1 \u00d7 HDMI \u2013 IP (SH-201)\u2022  [&#8230;]<\/p>","protected":false},"featured_media":11753,"comment_status":"open","ping_status":"closed","template":"","meta":[],"product_brand":[],"product_cat":[174],"product_tag":[],"class_list":{"0":"post-11734","1":"product","2":"type-product","3":"status-publish","4":"has-post-thumbnail","6":"product_cat-alcad","7":"pa_mehsul-tipi-multimedia-iptv","9":"first","10":"instock","11":"sold-individually","12":"shipping-taxable","13":"purchasable","14":"product-type-simple"},"_links":{"self":[{"href":"https:\/\/engitech.az\/en\/wp-json\/wp\/v2\/product\/11734","targetHints":{"allow":["GET"]}}],"collection":[{"href":"https:\/\/engitech.az\/en\/wp-json\/wp\/v2\/product"}],"about":[{"href":"https:\/\/engitech.az\/en\/wp-json\/wp\/v2\/types\/product"}],"replies":[{"embeddable":true,"href":"https:\/\/engitech.az\/en\/wp-json\/wp\/v2\/comments?post=11734"}],"wp:featuredmedia":[{"embeddable":true,"href":"https:\/\/engitech.az\/en\/wp-json\/wp\/v2\/media\/11753"}],"wp:attachment":[{"href":"https:\/\/engitech.az\/en\/wp-json\/wp\/v2\/media?parent=11734"}],"wp:term":[{"taxonomy":"product_brand","embeddable":true,"href":"https:\/\/engitech.az\/en\/wp-json\/wp\/v2\/product_brand?post=11734"},{"taxonomy":"product_cat","embeddable":true,"href":"https:\/\/engitech.az\/en\/wp-json\/wp\/v2\/product_cat?post=11734"},{"taxonomy":"product_tag","embeddable":true,"href":"https:\/\/engitech.az\/en\/wp-json\/wp\/v2\/product_tag?post=11734"}],"curies":[{"name":"wp","href":"https:\/\/api.w.org\/{rel}","templated":true}]}}