{"id":11756,"date":"2026-03-12T06:48:09","date_gmt":"2026-03-12T06:48:09","guid":{"rendered":"https:\/\/engitech.az\/?post_type=product&#038;p=11756"},"modified":"2026-03-12T06:48:09","modified_gmt":"2026-03-12T06:48:09","slug":"streamer-dvb-s-s2-ip-diseqc-ss-202","status":"publish","type":"product","link":"https:\/\/engitech.az\/en\/product\/streamer-dvb-s-s2-ip-diseqc-ss-202\/","title":{"rendered":"STREAMER DVB-S\/S2 &#8211; IP DiSEqC  &#8211; SS-202"},"content":{"rendered":"<p>\u2022 <strong data-start=\"2\" data-end=\"13\">M\u0259hsul:<\/strong> ALCAD STREAMER DVB-S\/S2 \u2013 IP DiSEqC (SS-202)<br data-start=\"58\" data-end=\"61\" \/>\u2022 <strong data-start=\"63\" data-end=\"78\">Category:<\/strong> DVB-S\/S2-d\u0259n IP-\u0259 video streamer<br data-start=\"111\" data-end=\"114\" \/>\u2022 <strong data-start=\"116\" data-end=\"126\">Contact:<\/strong> SAT giri\u015f, Ethernet<br data-start=\"146\" data-end=\"149\" \/>\u2022 <strong data-start=\"151\" data-end=\"167\">Functions:<\/strong> DiSEqC d\u0259st\u0259yi, H.264 kodla\u015fd\u0131rma, IP stream<br data-start=\"212\" data-end=\"215\" \/>\u2022 <strong data-start=\"217\" data-end=\"230\">Usage:<\/strong> Peyk TV siqnal\u0131n\u0131 IP \u015f\u0259b\u0259k\u0259 \u00fcz\u0259rind\u0259n yaymaq \u00fc\u00e7\u00fcn.<\/p>","protected":false},"excerpt":{"rendered":"<p>\u2022 M\u0259hsul: ALCAD STREAMER DVB-S\/S2 \u2013 IP DiSEqC (SS-202)\u2022 Kateqoriya:  [&#8230;]<\/p>","protected":false},"featured_media":11757,"comment_status":"open","ping_status":"closed","template":"","meta":[],"product_brand":[],"product_cat":[174],"product_tag":[],"class_list":{"0":"post-11756","1":"product","2":"type-product","3":"status-publish","4":"has-post-thumbnail","6":"product_cat-alcad","7":"pa_mehsul-tipi-multimedia-iptv","9":"first","10":"instock","11":"sold-individually","12":"shipping-taxable","13":"purchasable","14":"product-type-simple"},"_links":{"self":[{"href":"https:\/\/engitech.az\/en\/wp-json\/wp\/v2\/product\/11756","targetHints":{"allow":["GET"]}}],"collection":[{"href":"https:\/\/engitech.az\/en\/wp-json\/wp\/v2\/product"}],"about":[{"href":"https:\/\/engitech.az\/en\/wp-json\/wp\/v2\/types\/product"}],"replies":[{"embeddable":true,"href":"https:\/\/engitech.az\/en\/wp-json\/wp\/v2\/comments?post=11756"}],"wp:featuredmedia":[{"embeddable":true,"href":"https:\/\/engitech.az\/en\/wp-json\/wp\/v2\/media\/11757"}],"wp:attachment":[{"href":"https:\/\/engitech.az\/en\/wp-json\/wp\/v2\/media?parent=11756"}],"wp:term":[{"taxonomy":"product_brand","embeddable":true,"href":"https:\/\/engitech.az\/en\/wp-json\/wp\/v2\/product_brand?post=11756"},{"taxonomy":"product_cat","embeddable":true,"href":"https:\/\/engitech.az\/en\/wp-json\/wp\/v2\/product_cat?post=11756"},{"taxonomy":"product_tag","embeddable":true,"href":"https:\/\/engitech.az\/en\/wp-json\/wp\/v2\/product_tag?post=11756"}],"curies":[{"name":"wp","href":"https:\/\/api.w.org\/{rel}","templated":true}]}}