{"id":11758,"date":"2026-03-12T06:53:46","date_gmt":"2026-03-12T06:53:46","guid":{"rendered":"https:\/\/engitech.az\/?post_type=product&#038;p=11758"},"modified":"2026-03-12T06:53:46","modified_gmt":"2026-03-12T06:53:46","slug":"streamer-dvb-t-ip-ci-st-110","status":"publish","type":"product","link":"https:\/\/engitech.az\/en\/product\/streamer-dvb-t-ip-ci-st-110\/","title":{"rendered":"STREAMER DVB-T IP CI-ST-110"},"content":{"rendered":"<p>\u2022 <strong data-start=\"2\" data-end=\"13\">M\u0259hsul:<\/strong> ALCAD STREAMER DVB\u2011T IP CI (ST\u2011110)<br data-start=\"49\" data-end=\"52\" \/>\u2022 <strong data-start=\"54\" data-end=\"69\">Category:<\/strong> DVB\u2011T-d\u0259n IP-\u0259 video streamer<br data-start=\"99\" data-end=\"102\" \/>\u2022 <strong data-start=\"104\" data-end=\"114\">Contact:<\/strong> DVB\u2011T giri\u015f, Ethernet<br data-start=\"136\" data-end=\"139\" \/>\u2022 <strong data-start=\"141\" data-end=\"157\">Functions:<\/strong> CI\/CAM d\u0259st\u0259yi, H.264 kodla\u015fd\u0131rma, IP stream<br data-start=\"202\" data-end=\"205\" \/>\u2022 <strong data-start=\"207\" data-end=\"220\">Usage:<\/strong> R\u0259q\u0259msal TV siqnal\u0131n\u0131 IP \u015f\u0259b\u0259k\u0259si \u00fcz\u0259rind\u0259n yaymaq \u00fc\u00e7\u00fcn.<\/p>","protected":false},"excerpt":{"rendered":"<p>\u2022 M\u0259hsul: ALCAD STREAMER DVB\u2011T IP CI (ST\u2011110)\u2022 Kateqoriya: DVB\u2011T-d\u0259n  [&#8230;]<\/p>","protected":false},"featured_media":11759,"comment_status":"open","ping_status":"closed","template":"","meta":[],"product_brand":[],"product_cat":[174],"product_tag":[],"class_list":{"0":"post-11758","1":"product","2":"type-product","3":"status-publish","4":"has-post-thumbnail","6":"product_cat-alcad","7":"pa_mehsul-tipi-multimedia-iptv","9":"first","10":"instock","11":"sold-individually","12":"shipping-taxable","13":"purchasable","14":"product-type-simple"},"_links":{"self":[{"href":"https:\/\/engitech.az\/en\/wp-json\/wp\/v2\/product\/11758","targetHints":{"allow":["GET"]}}],"collection":[{"href":"https:\/\/engitech.az\/en\/wp-json\/wp\/v2\/product"}],"about":[{"href":"https:\/\/engitech.az\/en\/wp-json\/wp\/v2\/types\/product"}],"replies":[{"embeddable":true,"href":"https:\/\/engitech.az\/en\/wp-json\/wp\/v2\/comments?post=11758"}],"wp:featuredmedia":[{"embeddable":true,"href":"https:\/\/engitech.az\/en\/wp-json\/wp\/v2\/media\/11759"}],"wp:attachment":[{"href":"https:\/\/engitech.az\/en\/wp-json\/wp\/v2\/media?parent=11758"}],"wp:term":[{"taxonomy":"product_brand","embeddable":true,"href":"https:\/\/engitech.az\/en\/wp-json\/wp\/v2\/product_brand?post=11758"},{"taxonomy":"product_cat","embeddable":true,"href":"https:\/\/engitech.az\/en\/wp-json\/wp\/v2\/product_cat?post=11758"},{"taxonomy":"product_tag","embeddable":true,"href":"https:\/\/engitech.az\/en\/wp-json\/wp\/v2\/product_tag?post=11758"}],"curies":[{"name":"wp","href":"https:\/\/api.w.org\/{rel}","templated":true}]}}