{"id":11760,"date":"2026-03-12T06:55:47","date_gmt":"2026-03-12T06:55:47","guid":{"rendered":"https:\/\/engitech.az\/?post_type=product&#038;p=11760"},"modified":"2026-03-12T06:55:48","modified_gmt":"2026-03-12T06:55:48","slug":"iptv-solution-demo-kit-dke-140","status":"publish","type":"product","link":"https:\/\/engitech.az\/en\/product\/iptv-solution-demo-kit-dke-140\/","title":{"rendered":"IPTV SOLUTION DEMO KIT  &#8211; DKE-140"},"content":{"rendered":"<p>\u2022 <strong data-start=\"2\" data-end=\"13\">M\u0259hsul:<\/strong> ALCAD IPTV Solution Demo Kit (DKE-140)<br data-start=\"52\" data-end=\"55\" \/>\u2022 <strong data-start=\"57\" data-end=\"72\">Category:<\/strong> IPTV demo \/ t\u0259hsil d\u0259sti<br data-start=\"97\" data-end=\"100\" \/>\u2022 <strong data-start=\"102\" data-end=\"112\">Contact:<\/strong> HDMI, Ethernet<br data-start=\"127\" data-end=\"130\" \/>\u2022 <strong data-start=\"132\" data-end=\"148\">Functions:<\/strong> IP stream n\u00fcmayi\u015fi, m\u00fcxt\u0259lif TV formatlar\u0131 d\u0259st\u0259yi, plug-and-play<br data-start=\"214\" data-end=\"217\" \/>\u2022 <strong data-start=\"219\" data-end=\"232\">Usage:<\/strong> IPTV h\u0259ll\u0259rinin n\u00fcmayi\u015fi v\u0259 test edilm\u0259si \u00fc\u00e7\u00fcn.<\/p>","protected":false},"excerpt":{"rendered":"<p>\u2022 M\u0259hsul: ALCAD IPTV Solution Demo Kit (DKE-140)\u2022 Kateqoriya: IPTV  [&#8230;]<\/p>","protected":false},"featured_media":11761,"comment_status":"open","ping_status":"closed","template":"","meta":[],"product_brand":[],"product_cat":[174],"product_tag":[],"class_list":{"0":"post-11760","1":"product","2":"type-product","3":"status-publish","4":"has-post-thumbnail","6":"product_cat-alcad","7":"pa_mehsul-tipi-multimedia-iptv","9":"first","10":"instock","11":"sold-individually","12":"shipping-taxable","13":"purchasable","14":"product-type-simple"},"_links":{"self":[{"href":"https:\/\/engitech.az\/en\/wp-json\/wp\/v2\/product\/11760","targetHints":{"allow":["GET"]}}],"collection":[{"href":"https:\/\/engitech.az\/en\/wp-json\/wp\/v2\/product"}],"about":[{"href":"https:\/\/engitech.az\/en\/wp-json\/wp\/v2\/types\/product"}],"replies":[{"embeddable":true,"href":"https:\/\/engitech.az\/en\/wp-json\/wp\/v2\/comments?post=11760"}],"wp:featuredmedia":[{"embeddable":true,"href":"https:\/\/engitech.az\/en\/wp-json\/wp\/v2\/media\/11761"}],"wp:attachment":[{"href":"https:\/\/engitech.az\/en\/wp-json\/wp\/v2\/media?parent=11760"}],"wp:term":[{"taxonomy":"product_brand","embeddable":true,"href":"https:\/\/engitech.az\/en\/wp-json\/wp\/v2\/product_brand?post=11760"},{"taxonomy":"product_cat","embeddable":true,"href":"https:\/\/engitech.az\/en\/wp-json\/wp\/v2\/product_cat?post=11760"},{"taxonomy":"product_tag","embeddable":true,"href":"https:\/\/engitech.az\/en\/wp-json\/wp\/v2\/product_tag?post=11760"}],"curies":[{"name":"wp","href":"https:\/\/api.w.org\/{rel}","templated":true}]}}