{"id":11762,"date":"2026-03-12T06:57:18","date_gmt":"2026-03-12T06:57:18","guid":{"rendered":"https:\/\/engitech.az\/?post_type=product&#038;p=11762"},"modified":"2026-03-12T06:57:18","modified_gmt":"2026-03-12T06:57:18","slug":"set-top-box-iptv-stb-053","status":"publish","type":"product","link":"https:\/\/engitech.az\/en\/product\/set-top-box-iptv-stb-053\/","title":{"rendered":"SET-TOP BOX IPTV-STB-053"},"content":{"rendered":"<p>\u2022 <strong data-start=\"2\" data-end=\"13\">M\u0259hsul:<\/strong> ALCAD Set\u2011Top Box IPTV (STB\u2011053)<br data-start=\"46\" data-end=\"49\" \/>\u2022 <strong data-start=\"51\" data-end=\"66\">Category:<\/strong> IPTV set-top box<br data-start=\"83\" data-end=\"86\" \/>\u2022 <strong data-start=\"88\" data-end=\"98\">Contact:<\/strong> Ethernet, HDMI, AV \u00e7\u0131x\u0131\u015f\u0131<br data-start=\"124\" data-end=\"127\" \/>\u2022 <strong data-start=\"129\" data-end=\"145\">Functions:<\/strong> H.264 dekodla\u015fd\u0131rma, elektron proqram b\u0259l\u0259d\u00e7isi (EPG), IP stream q\u0259bul<br data-start=\"216\" data-end=\"219\" \/>\u2022 <strong data-start=\"221\" data-end=\"234\">Usage:<\/strong> IPTV siqnallar\u0131n\u0131 TV-d\u0259 izl\u0259m\u0259k \u00fc\u00e7\u00fcn.<\/p>","protected":false},"excerpt":{"rendered":"<p>\u2022 M\u0259hsul: ALCAD Set\u2011Top Box IPTV (STB\u2011053)\u2022 Kateqoriya: IPTV set-top  [&#8230;]<\/p>","protected":false},"featured_media":11763,"comment_status":"open","ping_status":"closed","template":"","meta":[],"product_brand":[],"product_cat":[174],"product_tag":[],"class_list":{"0":"post-11762","1":"product","2":"type-product","3":"status-publish","4":"has-post-thumbnail","6":"product_cat-alcad","7":"pa_mehsul-tipi-multimedia-iptv","9":"first","10":"instock","11":"sold-individually","12":"shipping-taxable","13":"purchasable","14":"product-type-simple"},"_links":{"self":[{"href":"https:\/\/engitech.az\/en\/wp-json\/wp\/v2\/product\/11762","targetHints":{"allow":["GET"]}}],"collection":[{"href":"https:\/\/engitech.az\/en\/wp-json\/wp\/v2\/product"}],"about":[{"href":"https:\/\/engitech.az\/en\/wp-json\/wp\/v2\/types\/product"}],"replies":[{"embeddable":true,"href":"https:\/\/engitech.az\/en\/wp-json\/wp\/v2\/comments?post=11762"}],"wp:featuredmedia":[{"embeddable":true,"href":"https:\/\/engitech.az\/en\/wp-json\/wp\/v2\/media\/11763"}],"wp:attachment":[{"href":"https:\/\/engitech.az\/en\/wp-json\/wp\/v2\/media?parent=11762"}],"wp:term":[{"taxonomy":"product_brand","embeddable":true,"href":"https:\/\/engitech.az\/en\/wp-json\/wp\/v2\/product_brand?post=11762"},{"taxonomy":"product_cat","embeddable":true,"href":"https:\/\/engitech.az\/en\/wp-json\/wp\/v2\/product_cat?post=11762"},{"taxonomy":"product_tag","embeddable":true,"href":"https:\/\/engitech.az\/en\/wp-json\/wp\/v2\/product_tag?post=11762"}],"curies":[{"name":"wp","href":"https:\/\/api.w.org\/{rel}","templated":true}]}}