{"id":11768,"date":"2026-03-12T07:21:10","date_gmt":"2026-03-12T07:21:10","guid":{"rendered":"https:\/\/engitech.az\/?post_type=product&#038;p=11768"},"modified":"2026-03-12T07:21:10","modified_gmt":"2026-03-12T07:21:10","slug":"middleware-license-alcad-ds-sof-404","status":"publish","type":"product","link":"https:\/\/engitech.az\/en\/product\/middleware-license-alcad-ds-sof-404\/","title":{"rendered":"MIDDLEWARE LICENSE &#8211; ALCAD DS  -SOF-404"},"content":{"rendered":"<p>\u2022 <strong data-start=\"2\" data-end=\"13\">M\u0259hsul:<\/strong> ALCAD Middleware License \u2013 ALCAD DS (SOF-404)<br data-start=\"59\" data-end=\"62\" \/>\u2022 <strong data-start=\"64\" data-end=\"79\">Category:<\/strong> IPTV proqram t\u0259minat\u0131 lisenziyas\u0131<br data-start=\"113\" data-end=\"116\" \/>\u2022 <strong data-start=\"118\" data-end=\"128\">Contact:<\/strong> \u015e\u0259b\u0259k\u0259 (IP)<br data-start=\"140\" data-end=\"143\" \/>\u2022 <strong data-start=\"145\" data-end=\"161\">Functions:<\/strong> IPTV v\u0259 video paylama idar\u0259si, istifad\u0259\u00e7i interfeysi d\u0259st\u0259yi, proqram inteqrasiyas\u0131<br data-start=\"245\" data-end=\"248\" \/>\u2022 <strong data-start=\"250\" data-end=\"263\">Usage:<\/strong> IPTV sisteml\u0259rind\u0259 orta proqram t\u0259minat\u0131 (middleware) funksiyalar\u0131n\u0131 t\u0259min etm\u0259k \u00fc\u00e7\u00fcn.<\/p>","protected":false},"excerpt":{"rendered":"<p>\u2022 M\u0259hsul: ALCAD Middleware License \u2013 ALCAD DS (SOF-404)\u2022 Kateqoriya:  [&#8230;]<\/p>","protected":false},"featured_media":11769,"comment_status":"open","ping_status":"closed","template":"","meta":[],"product_brand":[],"product_cat":[174],"product_tag":[],"class_list":{"0":"post-11768","1":"product","2":"type-product","3":"status-publish","4":"has-post-thumbnail","6":"product_cat-alcad","7":"pa_mehsul-tipi-multimedia-iptv","9":"first","10":"instock","11":"sold-individually","12":"shipping-taxable","13":"purchasable","14":"product-type-simple"},"_links":{"self":[{"href":"https:\/\/engitech.az\/en\/wp-json\/wp\/v2\/product\/11768","targetHints":{"allow":["GET"]}}],"collection":[{"href":"https:\/\/engitech.az\/en\/wp-json\/wp\/v2\/product"}],"about":[{"href":"https:\/\/engitech.az\/en\/wp-json\/wp\/v2\/types\/product"}],"replies":[{"embeddable":true,"href":"https:\/\/engitech.az\/en\/wp-json\/wp\/v2\/comments?post=11768"}],"wp:featuredmedia":[{"embeddable":true,"href":"https:\/\/engitech.az\/en\/wp-json\/wp\/v2\/media\/11769"}],"wp:attachment":[{"href":"https:\/\/engitech.az\/en\/wp-json\/wp\/v2\/media?parent=11768"}],"wp:term":[{"taxonomy":"product_brand","embeddable":true,"href":"https:\/\/engitech.az\/en\/wp-json\/wp\/v2\/product_brand?post=11768"},{"taxonomy":"product_cat","embeddable":true,"href":"https:\/\/engitech.az\/en\/wp-json\/wp\/v2\/product_cat?post=11768"},{"taxonomy":"product_tag","embeddable":true,"href":"https:\/\/engitech.az\/en\/wp-json\/wp\/v2\/product_tag?post=11768"}],"curies":[{"name":"wp","href":"https:\/\/api.w.org\/{rel}","templated":true}]}}