{"id":11772,"date":"2026-03-12T07:27:03","date_gmt":"2026-03-12T07:27:03","guid":{"rendered":"https:\/\/engitech.az\/?post_type=product&#038;p=11772"},"modified":"2026-03-12T07:27:03","modified_gmt":"2026-03-12T07:27:03","slug":"bed-call-unit-call-button-din8-bus-llc-901","status":"publish","type":"product","link":"https:\/\/engitech.az\/en\/product\/bed-call-unit-call-button-din8-bus-llc-901\/","title":{"rendered":"BED CALL UNIT CALL BUTTON &#038; DIN8, BUS  -LLC-901"},"content":{"rendered":"<p>\u2022 <strong data-start=\"2\" data-end=\"13\">M\u0259hsul:<\/strong> ALCAD Bed Call Unit \u2013 Call Button &amp; DIN8, BUS (LLC-901)<br data-start=\"69\" data-end=\"72\" \/>\u2022 <strong data-start=\"74\" data-end=\"89\">Category:<\/strong> Hospital \u00e7a\u011f\u0131r\u0131\u015f sistemi cihaz\u0131<br data-start=\"121\" data-end=\"124\" \/>\u2022 <strong data-start=\"126\" data-end=\"136\">Contact:<\/strong> BUS, DIN8 konnektor<br data-start=\"156\" data-end=\"159\" \/>\u2022 <strong data-start=\"161\" data-end=\"177\">Functions:<\/strong> X\u0259st\u0259 \u00e7a\u011f\u0131r\u0131\u015f\u0131, siqnal \u00f6t\u00fcrm\u0259, asan qura\u015fd\u0131rma<br data-start=\"224\" data-end=\"227\" \/>\u2022 <strong data-start=\"229\" data-end=\"242\">Usage:<\/strong> X\u0259st\u0259xana v\u0259 tibbi m\u00fc\u0259ssis\u0259l\u0259rd\u0259 x\u0259st\u0259 \u00e7a\u011f\u0131r\u0131\u015f sistemi \u00fc\u00e7\u00fcn.<\/p>","protected":false},"excerpt":{"rendered":"<p>\u2022 M\u0259hsul: ALCAD Bed Call Unit \u2013 Call Button &amp;  [&#8230;]<\/p>","protected":false},"featured_media":11778,"comment_status":"open","ping_status":"closed","template":"","meta":[],"product_brand":[],"product_cat":[174],"product_tag":[],"class_list":{"0":"post-11772","1":"product","2":"type-product","3":"status-publish","4":"has-post-thumbnail","6":"product_cat-alcad","7":"pa_mehsul-tipi-health-security","9":"first","10":"instock","11":"sold-individually","12":"shipping-taxable","13":"purchasable","14":"product-type-simple"},"_links":{"self":[{"href":"https:\/\/engitech.az\/en\/wp-json\/wp\/v2\/product\/11772","targetHints":{"allow":["GET"]}}],"collection":[{"href":"https:\/\/engitech.az\/en\/wp-json\/wp\/v2\/product"}],"about":[{"href":"https:\/\/engitech.az\/en\/wp-json\/wp\/v2\/types\/product"}],"replies":[{"embeddable":true,"href":"https:\/\/engitech.az\/en\/wp-json\/wp\/v2\/comments?post=11772"}],"wp:featuredmedia":[{"embeddable":true,"href":"https:\/\/engitech.az\/en\/wp-json\/wp\/v2\/media\/11778"}],"wp:attachment":[{"href":"https:\/\/engitech.az\/en\/wp-json\/wp\/v2\/media?parent=11772"}],"wp:term":[{"taxonomy":"product_brand","embeddable":true,"href":"https:\/\/engitech.az\/en\/wp-json\/wp\/v2\/product_brand?post=11772"},{"taxonomy":"product_cat","embeddable":true,"href":"https:\/\/engitech.az\/en\/wp-json\/wp\/v2\/product_cat?post=11772"},{"taxonomy":"product_tag","embeddable":true,"href":"https:\/\/engitech.az\/en\/wp-json\/wp\/v2\/product_tag?post=11772"}],"curies":[{"name":"wp","href":"https:\/\/api.w.org\/{rel}","templated":true}]}}