{"id":11779,"date":"2026-03-12T07:29:18","date_gmt":"2026-03-12T07:29:18","guid":{"rendered":"https:\/\/engitech.az\/?post_type=product&#038;p=11779"},"modified":"2026-03-12T07:29:18","modified_gmt":"2026-03-12T07:29:18","slug":"ceiling-pull-cord-for-toilet-llc-829","status":"publish","type":"product","link":"https:\/\/engitech.az\/en\/product\/ceiling-pull-cord-for-toilet-llc-829\/","title":{"rendered":"Ceiling pull cord for toilet  &#8211; LLC-829"},"content":{"rendered":"<p>\u2022 <strong data-start=\"2\" data-end=\"13\">M\u0259hsul:<\/strong> ALCAD Ceiling Pull Cord for Toilet (LLC-829)<br data-start=\"58\" data-end=\"61\" \/>\u2022 <strong data-start=\"63\" data-end=\"78\">Category:<\/strong> Hospital \u00e7a\u011f\u0131r\u0131\u015f sistemi aksessuar\u0131<br data-start=\"114\" data-end=\"117\" \/>\u2022 <strong data-start=\"119\" data-end=\"129\">Contact:<\/strong> BUS ba\u011flant\u0131s\u0131<br data-start=\"144\" data-end=\"147\" \/>\u2022 <strong data-start=\"149\" data-end=\"165\">Functions:<\/strong> X\u00fcsusi siqnal \u00f6t\u00fcrm\u0259, t\u0259hl\u00fck\u0259sizlik \u00fc\u00e7\u00fcn asan \u0259l \u00e7\u0259km\u0259<br data-start=\"220\" data-end=\"223\" \/>\u2022 <strong data-start=\"225\" data-end=\"238\">Usage:<\/strong> X\u0259st\u0259xana v\u0259 tibb m\u00fc\u0259ssis\u0259l\u0259rind\u0259 tualet \u00e7a\u011f\u0131r\u0131\u015f sistemi \u00fc\u00e7\u00fcn.<\/p>","protected":false},"excerpt":{"rendered":"<p>\u2022 M\u0259hsul: ALCAD Ceiling Pull Cord for Toilet (LLC-829)\u2022 Kateqoriya:  [&#8230;]<\/p>","protected":false},"featured_media":11780,"comment_status":"open","ping_status":"closed","template":"","meta":[],"product_brand":[],"product_cat":[174],"product_tag":[],"class_list":{"0":"post-11779","1":"product","2":"type-product","3":"status-publish","4":"has-post-thumbnail","6":"product_cat-alcad","7":"pa_mehsul-tipi-health-security","9":"first","10":"instock","11":"sold-individually","12":"shipping-taxable","13":"purchasable","14":"product-type-simple"},"_links":{"self":[{"href":"https:\/\/engitech.az\/en\/wp-json\/wp\/v2\/product\/11779","targetHints":{"allow":["GET"]}}],"collection":[{"href":"https:\/\/engitech.az\/en\/wp-json\/wp\/v2\/product"}],"about":[{"href":"https:\/\/engitech.az\/en\/wp-json\/wp\/v2\/types\/product"}],"replies":[{"embeddable":true,"href":"https:\/\/engitech.az\/en\/wp-json\/wp\/v2\/comments?post=11779"}],"wp:featuredmedia":[{"embeddable":true,"href":"https:\/\/engitech.az\/en\/wp-json\/wp\/v2\/media\/11780"}],"wp:attachment":[{"href":"https:\/\/engitech.az\/en\/wp-json\/wp\/v2\/media?parent=11779"}],"wp:term":[{"taxonomy":"product_brand","embeddable":true,"href":"https:\/\/engitech.az\/en\/wp-json\/wp\/v2\/product_brand?post=11779"},{"taxonomy":"product_cat","embeddable":true,"href":"https:\/\/engitech.az\/en\/wp-json\/wp\/v2\/product_cat?post=11779"},{"taxonomy":"product_tag","embeddable":true,"href":"https:\/\/engitech.az\/en\/wp-json\/wp\/v2\/product_tag?post=11779"}],"curies":[{"name":"wp","href":"https:\/\/api.w.org\/{rel}","templated":true}]}}