{"id":11781,"date":"2026-03-12T07:32:38","date_gmt":"2026-03-12T07:32:38","guid":{"rendered":"https:\/\/engitech.az\/?post_type=product&#038;p=11781"},"modified":"2026-03-12T07:32:38","modified_gmt":"2026-03-12T07:32:38","slug":"blue-code-button-llc-841","status":"publish","type":"product","link":"https:\/\/engitech.az\/en\/product\/blue-code-button-llc-841\/","title":{"rendered":"BLUE CODE BUTTON -LLC-841"},"content":{"rendered":"<p>\u2022 <strong data-start=\"2\" data-end=\"13\">M\u0259hsul:<\/strong> ALCAD Blue Code Button (LLC-841)<br data-start=\"46\" data-end=\"49\" \/>\u2022 <strong data-start=\"51\" data-end=\"66\">Category:<\/strong> Hospital t\u0259cili \u00e7a\u011f\u0131r\u0131\u015f d\u00fcym\u0259si<br data-start=\"98\" data-end=\"101\" \/>\u2022 <strong data-start=\"103\" data-end=\"113\">Contact:<\/strong> BUS ba\u011flant\u0131s\u0131<br data-start=\"128\" data-end=\"131\" \/>\u2022 <strong data-start=\"133\" data-end=\"149\">Functions:<\/strong> T\u0259cili siqnal g\u00f6nd\u0259rm\u0259, asan qura\u015fd\u0131rma<br data-start=\"189\" data-end=\"192\" \/>\u2022 <strong data-start=\"194\" data-end=\"207\">Usage:<\/strong> X\u0259st\u0259xana v\u0259 tibbi m\u00fc\u0259ssis\u0259l\u0259rd\u0259 t\u0259cili v\u0259ziyy\u0259tl\u0259r \u00fc\u00e7\u00fcn \u00e7a\u011f\u0131r\u0131\u015f sistemi.<\/p>","protected":false},"excerpt":{"rendered":"<p>\u2022 M\u0259hsul: ALCAD Blue Code Button (LLC-841)\u2022 Kateqoriya: Hospital t\u0259cili  [&#8230;]<\/p>","protected":false},"featured_media":11782,"comment_status":"open","ping_status":"closed","template":"","meta":[],"product_brand":[],"product_cat":[174],"product_tag":[],"class_list":{"0":"post-11781","1":"product","2":"type-product","3":"status-publish","4":"has-post-thumbnail","6":"product_cat-alcad","7":"pa_mehsul-tipi-health-security","9":"first","10":"instock","11":"sold-individually","12":"shipping-taxable","13":"purchasable","14":"product-type-simple"},"_links":{"self":[{"href":"https:\/\/engitech.az\/en\/wp-json\/wp\/v2\/product\/11781","targetHints":{"allow":["GET"]}}],"collection":[{"href":"https:\/\/engitech.az\/en\/wp-json\/wp\/v2\/product"}],"about":[{"href":"https:\/\/engitech.az\/en\/wp-json\/wp\/v2\/types\/product"}],"replies":[{"embeddable":true,"href":"https:\/\/engitech.az\/en\/wp-json\/wp\/v2\/comments?post=11781"}],"wp:featuredmedia":[{"embeddable":true,"href":"https:\/\/engitech.az\/en\/wp-json\/wp\/v2\/media\/11782"}],"wp:attachment":[{"href":"https:\/\/engitech.az\/en\/wp-json\/wp\/v2\/media?parent=11781"}],"wp:term":[{"taxonomy":"product_brand","embeddable":true,"href":"https:\/\/engitech.az\/en\/wp-json\/wp\/v2\/product_brand?post=11781"},{"taxonomy":"product_cat","embeddable":true,"href":"https:\/\/engitech.az\/en\/wp-json\/wp\/v2\/product_cat?post=11781"},{"taxonomy":"product_tag","embeddable":true,"href":"https:\/\/engitech.az\/en\/wp-json\/wp\/v2\/product_tag?post=11781"}],"curies":[{"name":"wp","href":"https:\/\/api.w.org\/{rel}","templated":true}]}}