{"id":11785,"date":"2026-03-12T07:36:36","date_gmt":"2026-03-12T07:36:36","guid":{"rendered":"https:\/\/engitech.az\/?post_type=product&#038;p=11785"},"modified":"2026-03-12T07:36:36","modified_gmt":"2026-03-12T07:36:36","slug":"presence-1st-2nd-call-blue-code-but-llc-832","status":"publish","type":"product","link":"https:\/\/engitech.az\/en\/product\/presence-1st-2nd-call-blue-code-but-llc-832\/","title":{"rendered":"PRESENCE 1st, 2nd, CALL &#038; BLUE CODE BUT. &#8211; LLC-832"},"content":{"rendered":"<div class=\"flex flex-col text-sm pb-25\">\n<article class=\"text-token-text-primary w-full focus:outline-none [--shadow-height:45px] has-data-writing-block:pointer-events-none has-data-writing-block:-mt-(--shadow-height) has-data-writing-block:pt-(--shadow-height) [&amp;:has([data-writing-block])&gt;*]:pointer-events-auto scroll-mt-[calc(var(--header-height)+min(200px,max(70px,20svh)))]\" dir=\"auto\" tabindex=\"-1\" data-turn-id=\"request-WEB:62cf56c6-968d-45ef-a3a6-c76eb5c7ca11-30\" data-testid=\"conversation-turn-62\" data-scroll-anchor=\"true\" data-turn=\"assistant\">\n<div class=\"text-base my-auto mx-auto pb-10 [--thread-content-margin:var(--thread-content-margin-xs,calc(var(--spacing)*4))] @w-sm\/main:[--thread-content-margin:var(--thread-content-margin-sm,calc(var(--spacing)*6))] @w-lg\/main:[--thread-content-margin:var(--thread-content-margin-lg,calc(var(--spacing)*16))] px-(--thread-content-margin)\">\n<div class=\"[--thread-content-max-width:40rem] @w-lg\/main:[--thread-content-max-width:48rem] mx-auto max-w-(--thread-content-max-width) flex-1 group\/turn-messages focus-visible:outline-hidden relative flex w-full min-w-0 flex-col agent-turn\" tabindex=\"-1\">\n<div class=\"flex max-w-full flex-col gap-4 grow\">\n<div class=\"min-h-8 text-message relative flex w-full flex-col items-end gap-2 text-start break-words whitespace-normal [.text-message+&amp;]:mt-1\" dir=\"auto\" data-message-author-role=\"assistant\" data-message-id=\"859b3ce8-7ce2-464d-bf2e-c7d48901b481\" data-message-model-slug=\"gpt-5-mini\">\n<div class=\"flex w-full flex-col gap-1 empty:hidden\">\n<div class=\"markdown prose dark:prose-invert w-full wrap-break-word dark markdown-new-styling\">\n<p data-start=\"0\" data-end=\"335\" data-is-last-node=\"\" data-is-only-node=\"\">\u2022 <strong data-start=\"2\" data-end=\"13\">M\u0259hsul:<\/strong> ALCAD Presence 1st, 2nd, Call &amp; Blue Code Button (LLC-832)<br data-start=\"72\" data-end=\"75\" \/>\u2022 <strong data-start=\"77\" data-end=\"92\">Category:<\/strong> Hospital \u00e7a\u011f\u0131r\u0131\u015f sistemi paneli<br data-start=\"124\" data-end=\"127\" \/>\u2022 <strong data-start=\"129\" data-end=\"139\">Contact:<\/strong> BUS ba\u011flant\u0131s\u0131<br data-start=\"154\" data-end=\"157\" \/>\u2022 <strong data-start=\"159\" data-end=\"175\">Functions:<\/strong> X\u0259st\u0259 \u00e7a\u011f\u0131r\u0131\u015f\u0131, t\u0259cili (Blue Code) siqnal\u0131, 1-ci v\u0259 2-ci prioritet \u00e7a\u011f\u0131r\u0131\u015flar<br data-start=\"253\" data-end=\"256\" \/>\u2022 <strong data-start=\"258\" data-end=\"271\">Usage:<\/strong> X\u0259st\u0259xana v\u0259 tibbi m\u00fc\u0259ssis\u0259l\u0259rd\u0259 m\u00fcxt\u0259lif \u00e7a\u011f\u0131r\u0131\u015f n\u00f6vl\u0259ri \u00fc\u00e7\u00fcn.<\/p>\n<\/div>\n<\/div>\n<\/div>\n<\/div>\n<div class=\"z-0 flex min-h-[46px] justify-start\"><\/div>\n<div class=\"mt-3 w-full empty:hidden\">\n<div class=\"text-center\"><\/div>\n<\/div>\n<\/div>\n<\/div>\n<\/article>\n<\/div>\n<div class=\"pointer-events-none h-px w-px absolute bottom-0\" aria-hidden=\"true\" data-edge=\"true\"><\/div>","protected":false},"excerpt":{"rendered":"<p>\u2022 M\u0259hsul: ALCAD Presence 1st, 2nd, Call &amp; Blue Code  [&#8230;]<\/p>","protected":false},"featured_media":11786,"comment_status":"open","ping_status":"closed","template":"","meta":[],"product_brand":[],"product_cat":[174],"product_tag":[],"class_list":{"0":"post-11785","1":"product","2":"type-product","3":"status-publish","4":"has-post-thumbnail","6":"product_cat-alcad","7":"pa_mehsul-tipi-health-security","9":"first","10":"instock","11":"sold-individually","12":"shipping-taxable","13":"purchasable","14":"product-type-simple"},"_links":{"self":[{"href":"https:\/\/engitech.az\/en\/wp-json\/wp\/v2\/product\/11785","targetHints":{"allow":["GET"]}}],"collection":[{"href":"https:\/\/engitech.az\/en\/wp-json\/wp\/v2\/product"}],"about":[{"href":"https:\/\/engitech.az\/en\/wp-json\/wp\/v2\/types\/product"}],"replies":[{"embeddable":true,"href":"https:\/\/engitech.az\/en\/wp-json\/wp\/v2\/comments?post=11785"}],"wp:featuredmedia":[{"embeddable":true,"href":"https:\/\/engitech.az\/en\/wp-json\/wp\/v2\/media\/11786"}],"wp:attachment":[{"href":"https:\/\/engitech.az\/en\/wp-json\/wp\/v2\/media?parent=11785"}],"wp:term":[{"taxonomy":"product_brand","embeddable":true,"href":"https:\/\/engitech.az\/en\/wp-json\/wp\/v2\/product_brand?post=11785"},{"taxonomy":"product_cat","embeddable":true,"href":"https:\/\/engitech.az\/en\/wp-json\/wp\/v2\/product_cat?post=11785"},{"taxonomy":"product_tag","embeddable":true,"href":"https:\/\/engitech.az\/en\/wp-json\/wp\/v2\/product_tag?post=11785"}],"curies":[{"name":"wp","href":"https:\/\/api.w.org\/{rel}","templated":true}]}}