{"id":11787,"date":"2026-03-12T07:38:39","date_gmt":"2026-03-12T07:38:39","guid":{"rendered":"https:\/\/engitech.az\/?post_type=product&#038;p=11787"},"modified":"2026-03-12T07:38:39","modified_gmt":"2026-03-12T07:38:39","slug":"presence-button-llc-830","status":"publish","type":"product","link":"https:\/\/engitech.az\/en\/product\/presence-button-llc-830\/","title":{"rendered":"PRESENCE BUTTON  &#8211; LLC-830"},"content":{"rendered":"<p>\u2022 <strong data-start=\"2\" data-end=\"13\">M\u0259hsul:<\/strong> ALCAD Presence Button (LLC-830)<br data-start=\"45\" data-end=\"48\" \/>\u2022 <strong data-start=\"50\" data-end=\"65\">Category:<\/strong> Hospital \u00e7a\u011f\u0131r\u0131\u015f sistemi d\u00fcym\u0259si<br data-start=\"98\" data-end=\"101\" \/>\u2022 <strong data-start=\"103\" data-end=\"113\">Contact:<\/strong> BUS ba\u011flant\u0131s\u0131<br data-start=\"128\" data-end=\"131\" \/>\u2022 <strong data-start=\"133\" data-end=\"149\">Functions:<\/strong> X\u0259st\u0259 v\u0259 ya personal m\u00f6vcudlu\u011funu siqnal il\u0259 bildirm\u0259<br data-start=\"203\" data-end=\"206\" \/>\u2022 <strong data-start=\"208\" data-end=\"221\">Usage:<\/strong> X\u0259st\u0259xana v\u0259 tibbi m\u00fc\u0259ssis\u0259l\u0259rd\u0259 m\u00f6vcudluq\/\u00e7a\u011f\u0131r\u0131\u015f monitorinqi \u00fc\u00e7\u00fcn.<\/p>","protected":false},"excerpt":{"rendered":"<p>\u2022 M\u0259hsul: ALCAD Presence Button (LLC-830)\u2022 Kateqoriya: Hospital \u00e7a\u011f\u0131r\u0131\u015f sistemi  [&#8230;]<\/p>","protected":false},"featured_media":11788,"comment_status":"open","ping_status":"closed","template":"","meta":[],"product_brand":[],"product_cat":[174],"product_tag":[],"class_list":{"0":"post-11787","1":"product","2":"type-product","3":"status-publish","4":"has-post-thumbnail","6":"product_cat-alcad","7":"pa_mehsul-tipi-health-security","9":"first","10":"instock","11":"sold-individually","12":"shipping-taxable","13":"purchasable","14":"product-type-simple"},"_links":{"self":[{"href":"https:\/\/engitech.az\/en\/wp-json\/wp\/v2\/product\/11787","targetHints":{"allow":["GET"]}}],"collection":[{"href":"https:\/\/engitech.az\/en\/wp-json\/wp\/v2\/product"}],"about":[{"href":"https:\/\/engitech.az\/en\/wp-json\/wp\/v2\/types\/product"}],"replies":[{"embeddable":true,"href":"https:\/\/engitech.az\/en\/wp-json\/wp\/v2\/comments?post=11787"}],"wp:featuredmedia":[{"embeddable":true,"href":"https:\/\/engitech.az\/en\/wp-json\/wp\/v2\/media\/11788"}],"wp:attachment":[{"href":"https:\/\/engitech.az\/en\/wp-json\/wp\/v2\/media?parent=11787"}],"wp:term":[{"taxonomy":"product_brand","embeddable":true,"href":"https:\/\/engitech.az\/en\/wp-json\/wp\/v2\/product_brand?post=11787"},{"taxonomy":"product_cat","embeddable":true,"href":"https:\/\/engitech.az\/en\/wp-json\/wp\/v2\/product_cat?post=11787"},{"taxonomy":"product_tag","embeddable":true,"href":"https:\/\/engitech.az\/en\/wp-json\/wp\/v2\/product_tag?post=11787"}],"curies":[{"name":"wp","href":"https:\/\/api.w.org\/{rel}","templated":true}]}}