{"id":11789,"date":"2026-03-12T07:40:30","date_gmt":"2026-03-12T07:40:30","guid":{"rendered":"https:\/\/engitech.az\/?post_type=product&#038;p=11789"},"modified":"2026-03-12T07:41:38","modified_gmt":"2026-03-12T07:41:38","slug":"bed-unit-with-3-buttons-connector-llc-803","status":"publish","type":"product","link":"https:\/\/engitech.az\/en\/product\/bed-unit-with-3-buttons-connector-llc-803\/","title":{"rendered":"BED UNIT WITH 3 BUTTONS &#038; CONNECTOR  &#8211; LLC-803"},"content":{"rendered":"<p>\u2022 <strong data-start=\"2\" data-end=\"13\">M\u0259hsul:<\/strong> ALCAD Bed Unit with 3 Buttons &amp; Connector (LLC-803)<br data-start=\"65\" data-end=\"68\" \/>\u2022 <strong data-start=\"70\" data-end=\"85\">Category:<\/strong> Hospital \u00e7a\u011f\u0131r\u0131\u015f sistemi yataq modulu<br data-start=\"123\" data-end=\"126\" \/>\u2022 <strong data-start=\"128\" data-end=\"138\">Contact:<\/strong> BUS ba\u011flant\u0131s\u0131, DIN8 konnektor<br data-start=\"169\" data-end=\"172\" \/>\u2022 <strong data-start=\"174\" data-end=\"190\">Functions:<\/strong> 3 d\u00fcym\u0259 il\u0259 x\u0259st\u0259 \u00e7a\u011f\u0131r\u0131\u015f\u0131, siqnal \u00f6t\u00fcrm\u0259<br data-start=\"232\" data-end=\"235\" \/>\u2022 <strong data-start=\"237\" data-end=\"250\">Usage:<\/strong> X\u0259st\u0259xana v\u0259 tibbi m\u00fc\u0259ssis\u0259l\u0259rd\u0259 x\u0259st\u0259nin \u00e7a\u011f\u0131r\u0131\u015f\u0131n\u0131 t\u0259min etm\u0259k \u00fc\u00e7\u00fcn.<\/p>","protected":false},"excerpt":{"rendered":"<p>\u2022 M\u0259hsul: ALCAD Bed Unit with 3 Buttons &amp; Connector  [&#8230;]<\/p>","protected":false},"featured_media":11792,"comment_status":"open","ping_status":"closed","template":"","meta":[],"product_brand":[],"product_cat":[174],"product_tag":[],"class_list":{"0":"post-11789","1":"product","2":"type-product","3":"status-publish","4":"has-post-thumbnail","6":"product_cat-alcad","7":"pa_mehsul-tipi-health-security","9":"first","10":"instock","11":"sold-individually","12":"shipping-taxable","13":"purchasable","14":"product-type-simple"},"_links":{"self":[{"href":"https:\/\/engitech.az\/en\/wp-json\/wp\/v2\/product\/11789","targetHints":{"allow":["GET"]}}],"collection":[{"href":"https:\/\/engitech.az\/en\/wp-json\/wp\/v2\/product"}],"about":[{"href":"https:\/\/engitech.az\/en\/wp-json\/wp\/v2\/types\/product"}],"replies":[{"embeddable":true,"href":"https:\/\/engitech.az\/en\/wp-json\/wp\/v2\/comments?post=11789"}],"wp:featuredmedia":[{"embeddable":true,"href":"https:\/\/engitech.az\/en\/wp-json\/wp\/v2\/media\/11792"}],"wp:attachment":[{"href":"https:\/\/engitech.az\/en\/wp-json\/wp\/v2\/media?parent=11789"}],"wp:term":[{"taxonomy":"product_brand","embeddable":true,"href":"https:\/\/engitech.az\/en\/wp-json\/wp\/v2\/product_brand?post=11789"},{"taxonomy":"product_cat","embeddable":true,"href":"https:\/\/engitech.az\/en\/wp-json\/wp\/v2\/product_cat?post=11789"},{"taxonomy":"product_tag","embeddable":true,"href":"https:\/\/engitech.az\/en\/wp-json\/wp\/v2\/product_tag?post=11789"}],"curies":[{"name":"wp","href":"https:\/\/api.w.org\/{rel}","templated":true}]}}