{"id":11793,"date":"2026-03-12T07:43:11","date_gmt":"2026-03-12T07:43:11","guid":{"rendered":"https:\/\/engitech.az\/?post_type=product&#038;p=11793"},"modified":"2026-03-12T07:43:11","modified_gmt":"2026-03-12T07:43:11","slug":"bed-unit-call-presence-din8-llc-802","status":"publish","type":"product","link":"https:\/\/engitech.az\/en\/product\/bed-unit-call-presence-din8-llc-802\/","title":{"rendered":"BED UNIT CALL, PRESENCE &#038; DIN8  -LLC-802"},"content":{"rendered":"<p>\u2022 <strong data-start=\"2\" data-end=\"13\">M\u0259hsul:<\/strong> ALCAD Bed Unit \u2013 Call, Presence &amp; DIN8 (LLC-802)<br data-start=\"62\" data-end=\"65\" \/>\u2022 <strong data-start=\"67\" data-end=\"82\">Category:<\/strong> Hospital \u00e7a\u011f\u0131r\u0131\u015f sistemi yataq modulu<br data-start=\"120\" data-end=\"123\" \/>\u2022 <strong data-start=\"125\" data-end=\"135\">Contact:<\/strong> BUS ba\u011flant\u0131s\u0131, DIN8 konnektor<br data-start=\"166\" data-end=\"169\" \/>\u2022 <strong data-start=\"171\" data-end=\"187\">Functions:<\/strong> X\u0259st\u0259 \u00e7a\u011f\u0131r\u0131\u015f\u0131, m\u00f6vcudluq siqnal\u0131, siqnal \u00f6t\u00fcrm\u0259<br data-start=\"236\" data-end=\"239\" \/>\u2022 <strong data-start=\"241\" data-end=\"254\">Usage:<\/strong> X\u0259st\u0259xana v\u0259 tibbi m\u00fc\u0259ssis\u0259l\u0259rd\u0259 x\u0259st\u0259 \u00e7a\u011f\u0131r\u0131\u015f v\u0259 m\u00f6vcudluq monitorinqi \u00fc\u00e7\u00fcn.<\/p>","protected":false},"excerpt":{"rendered":"<p>\u2022 M\u0259hsul: ALCAD Bed Unit \u2013 Call, Presence &amp; DIN8  [&#8230;]<\/p>","protected":false},"featured_media":11794,"comment_status":"open","ping_status":"closed","template":"","meta":[],"product_brand":[],"product_cat":[174],"product_tag":[],"class_list":{"0":"post-11793","1":"product","2":"type-product","3":"status-publish","4":"has-post-thumbnail","6":"product_cat-alcad","7":"pa_mehsul-tipi-health-security","9":"first","10":"instock","11":"sold-individually","12":"shipping-taxable","13":"purchasable","14":"product-type-simple"},"_links":{"self":[{"href":"https:\/\/engitech.az\/en\/wp-json\/wp\/v2\/product\/11793","targetHints":{"allow":["GET"]}}],"collection":[{"href":"https:\/\/engitech.az\/en\/wp-json\/wp\/v2\/product"}],"about":[{"href":"https:\/\/engitech.az\/en\/wp-json\/wp\/v2\/types\/product"}],"replies":[{"embeddable":true,"href":"https:\/\/engitech.az\/en\/wp-json\/wp\/v2\/comments?post=11793"}],"wp:featuredmedia":[{"embeddable":true,"href":"https:\/\/engitech.az\/en\/wp-json\/wp\/v2\/media\/11794"}],"wp:attachment":[{"href":"https:\/\/engitech.az\/en\/wp-json\/wp\/v2\/media?parent=11793"}],"wp:term":[{"taxonomy":"product_brand","embeddable":true,"href":"https:\/\/engitech.az\/en\/wp-json\/wp\/v2\/product_brand?post=11793"},{"taxonomy":"product_cat","embeddable":true,"href":"https:\/\/engitech.az\/en\/wp-json\/wp\/v2\/product_cat?post=11793"},{"taxonomy":"product_tag","embeddable":true,"href":"https:\/\/engitech.az\/en\/wp-json\/wp\/v2\/product_tag?post=11793"}],"curies":[{"name":"wp","href":"https:\/\/api.w.org\/{rel}","templated":true}]}}