{"id":11795,"date":"2026-03-12T07:44:53","date_gmt":"2026-03-12T07:44:53","guid":{"rendered":"https:\/\/engitech.az\/?post_type=product&#038;p=11795"},"modified":"2026-03-12T07:44:53","modified_gmt":"2026-03-12T07:44:53","slug":"controller-relays-in-room-rs-485-ces-113","status":"publish","type":"product","link":"https:\/\/engitech.az\/en\/product\/controller-relays-in-room-rs-485-ces-113\/","title":{"rendered":"CONTROLLER RELAYS IN ROOM RS-485  &#8211; CES-113"},"content":{"rendered":"<p>\u2022 <strong data-start=\"2\" data-end=\"13\">M\u0259hsul:<\/strong> ALCAD Controller Relays in Room RS-485 (CES-113)<br data-start=\"62\" data-end=\"65\" \/>\u2022 <strong data-start=\"67\" data-end=\"82\">Category:<\/strong> X\u0259st\u0259xana ota\u011f\u0131 idar\u0259etm\u0259 modulu<br data-start=\"115\" data-end=\"118\" \/>\u2022 <strong data-start=\"120\" data-end=\"130\">Contact:<\/strong> RS-485 bus<br data-start=\"141\" data-end=\"144\" \/>\u2022 <strong data-start=\"146\" data-end=\"162\">Functions:<\/strong> Otaq relel\u0259rinin idar\u0259si, siqnal \u00f6t\u00fcrm\u0259<br data-start=\"202\" data-end=\"205\" \/>\u2022 <strong data-start=\"207\" data-end=\"220\">Usage:<\/strong> X\u0259st\u0259xana v\u0259 tibbi m\u00fc\u0259ssis\u0259l\u0259rd\u0259 otaq cihazlar\u0131n\u0131 idar\u0259 etm\u0259k \u00fc\u00e7\u00fcn.<\/p>","protected":false},"excerpt":{"rendered":"<p>\u2022 M\u0259hsul: ALCAD Controller Relays in Room RS-485 (CES-113)\u2022 Kateqoriya:  [&#8230;]<\/p>","protected":false},"featured_media":11796,"comment_status":"open","ping_status":"closed","template":"","meta":[],"product_brand":[],"product_cat":[174],"product_tag":[],"class_list":{"0":"post-11795","1":"product","2":"type-product","3":"status-publish","4":"has-post-thumbnail","6":"product_cat-alcad","7":"pa_mehsul-tipi-health-security","9":"first","10":"instock","11":"sold-individually","12":"shipping-taxable","13":"purchasable","14":"product-type-simple"},"_links":{"self":[{"href":"https:\/\/engitech.az\/en\/wp-json\/wp\/v2\/product\/11795","targetHints":{"allow":["GET"]}}],"collection":[{"href":"https:\/\/engitech.az\/en\/wp-json\/wp\/v2\/product"}],"about":[{"href":"https:\/\/engitech.az\/en\/wp-json\/wp\/v2\/types\/product"}],"replies":[{"embeddable":true,"href":"https:\/\/engitech.az\/en\/wp-json\/wp\/v2\/comments?post=11795"}],"wp:featuredmedia":[{"embeddable":true,"href":"https:\/\/engitech.az\/en\/wp-json\/wp\/v2\/media\/11796"}],"wp:attachment":[{"href":"https:\/\/engitech.az\/en\/wp-json\/wp\/v2\/media?parent=11795"}],"wp:term":[{"taxonomy":"product_brand","embeddable":true,"href":"https:\/\/engitech.az\/en\/wp-json\/wp\/v2\/product_brand?post=11795"},{"taxonomy":"product_cat","embeddable":true,"href":"https:\/\/engitech.az\/en\/wp-json\/wp\/v2\/product_cat?post=11795"},{"taxonomy":"product_tag","embeddable":true,"href":"https:\/\/engitech.az\/en\/wp-json\/wp\/v2\/product_tag?post=11795"}],"curies":[{"name":"wp","href":"https:\/\/api.w.org\/{rel}","templated":true}]}}