{"id":11797,"date":"2026-03-12T07:46:32","date_gmt":"2026-03-12T07:46:32","guid":{"rendered":"https:\/\/engitech.az\/?post_type=product&#038;p=11797"},"modified":"2026-03-12T07:46:32","modified_gmt":"2026-03-12T07:46:32","slug":"peripheral-concentrator-rs-485-acc-547","status":"publish","type":"product","link":"https:\/\/engitech.az\/en\/product\/peripheral-concentrator-rs-485-acc-547\/","title":{"rendered":"PERIPHERAL CONCENTRATOR RS-485 &#8211; ACC-547"},"content":{"rendered":"<p>\u2022 <strong data-start=\"2\" data-end=\"13\">M\u0259hsul:<\/strong> ALCAD Peripheral Concentrator RS-485 (ACC-547)<br data-start=\"60\" data-end=\"63\" \/>\u2022 <strong data-start=\"65\" data-end=\"80\">Category:<\/strong> X\u0259st\u0259xana \u00e7a\u011f\u0131r\u0131\u015f sistemi konsentrat\u00f6r\u00fc<br data-start=\"120\" data-end=\"123\" \/>\u2022 <strong data-start=\"125\" data-end=\"135\">Contact:<\/strong> RS-485 bus<br data-start=\"146\" data-end=\"149\" \/>\u2022 <strong data-start=\"151\" data-end=\"167\">Functions:<\/strong> \u00c7oxsayl\u0131 periferik cihazlar\u0131 birl\u0259\u015fdirm\u0259, siqnal \u00f6t\u00fcrm\u0259<br data-start=\"223\" data-end=\"226\" \/>\u2022 <strong data-start=\"228\" data-end=\"241\">Usage:<\/strong> X\u0259st\u0259xana v\u0259 tibbi m\u00fc\u0259ssis\u0259l\u0259rd\u0259 \u00e7a\u011f\u0131r\u0131\u015f sistemi periferikl\u0259rini m\u0259rk\u0259zl\u0259\u015fdirm\u0259k \u00fc\u00e7\u00fcn.<\/p>","protected":false},"excerpt":{"rendered":"<p>\u2022 M\u0259hsul: ALCAD Peripheral Concentrator RS-485 (ACC-547)\u2022 Kateqoriya: X\u0259st\u0259xana \u00e7a\u011f\u0131r\u0131\u015f  [&#8230;]<\/p>","protected":false},"featured_media":11798,"comment_status":"open","ping_status":"closed","template":"","meta":[],"product_brand":[],"product_cat":[174],"product_tag":[],"class_list":{"0":"post-11797","1":"product","2":"type-product","3":"status-publish","4":"has-post-thumbnail","6":"product_cat-alcad","7":"pa_mehsul-tipi-health-security","9":"first","10":"instock","11":"sold-individually","12":"shipping-taxable","13":"purchasable","14":"product-type-simple"},"_links":{"self":[{"href":"https:\/\/engitech.az\/en\/wp-json\/wp\/v2\/product\/11797","targetHints":{"allow":["GET"]}}],"collection":[{"href":"https:\/\/engitech.az\/en\/wp-json\/wp\/v2\/product"}],"about":[{"href":"https:\/\/engitech.az\/en\/wp-json\/wp\/v2\/types\/product"}],"replies":[{"embeddable":true,"href":"https:\/\/engitech.az\/en\/wp-json\/wp\/v2\/comments?post=11797"}],"wp:featuredmedia":[{"embeddable":true,"href":"https:\/\/engitech.az\/en\/wp-json\/wp\/v2\/media\/11798"}],"wp:attachment":[{"href":"https:\/\/engitech.az\/en\/wp-json\/wp\/v2\/media?parent=11797"}],"wp:term":[{"taxonomy":"product_brand","embeddable":true,"href":"https:\/\/engitech.az\/en\/wp-json\/wp\/v2\/product_brand?post=11797"},{"taxonomy":"product_cat","embeddable":true,"href":"https:\/\/engitech.az\/en\/wp-json\/wp\/v2\/product_cat?post=11797"},{"taxonomy":"product_tag","embeddable":true,"href":"https:\/\/engitech.az\/en\/wp-json\/wp\/v2\/product_tag?post=11797"}],"curies":[{"name":"wp","href":"https:\/\/api.w.org\/{rel}","templated":true}]}}