{"id":11801,"date":"2026-03-12T08:08:29","date_gmt":"2026-03-12T08:08:29","guid":{"rendered":"https:\/\/engitech.az\/?post_type=product&#038;p=11801"},"modified":"2026-03-12T08:08:29","modified_gmt":"2026-03-12T08:08:29","slug":"4-relay-controller-acc-421","status":"publish","type":"product","link":"https:\/\/engitech.az\/en\/product\/4-relay-controller-acc-421\/","title":{"rendered":"4 RELAY CONTROLLER  &#8211; ACC-421"},"content":{"rendered":"<p>\u2022 <strong data-start=\"2\" data-end=\"13\">M\u0259hsul:<\/strong> ALCAD 4 Relay Controller (ACC-421)<br data-start=\"48\" data-end=\"51\" \/>\u2022 <strong data-start=\"53\" data-end=\"68\">Category:<\/strong> Rele idar\u0259etm\u0259 modulu<br data-start=\"90\" data-end=\"93\" \/>\u2022 <strong data-start=\"95\" data-end=\"105\">Contact:<\/strong> RS-485 bus<br data-start=\"116\" data-end=\"119\" \/>\u2022 <strong data-start=\"121\" data-end=\"137\">Functions:<\/strong> 4 rele \u00e7\u0131x\u0131\u015f\u0131, siqnal idar\u0259si<br data-start=\"167\" data-end=\"170\" \/>\u2022 <strong data-start=\"172\" data-end=\"185\">Usage:<\/strong> X\u0259st\u0259xana v\u0259 dig\u0259r idar\u0259etm\u0259 sisteml\u0259rind\u0259 cihaz v\u0259 rel\u0259l\u0259rin n\u0259zar\u0259ti \u00fc\u00e7\u00fcn.<\/p>","protected":false},"excerpt":{"rendered":"<p>\u2022 M\u0259hsul: ALCAD 4 Relay Controller (ACC-421)\u2022 Kateqoriya: Rele idar\u0259etm\u0259  [&#8230;]<\/p>","protected":false},"featured_media":11803,"comment_status":"open","ping_status":"closed","template":"","meta":[],"product_brand":[],"product_cat":[174],"product_tag":[],"class_list":{"0":"post-11801","1":"product","2":"type-product","3":"status-publish","4":"has-post-thumbnail","6":"product_cat-alcad","7":"pa_mehsul-tipi-health-security","9":"first","10":"instock","11":"sold-individually","12":"shipping-taxable","13":"purchasable","14":"product-type-simple"},"_links":{"self":[{"href":"https:\/\/engitech.az\/en\/wp-json\/wp\/v2\/product\/11801","targetHints":{"allow":["GET"]}}],"collection":[{"href":"https:\/\/engitech.az\/en\/wp-json\/wp\/v2\/product"}],"about":[{"href":"https:\/\/engitech.az\/en\/wp-json\/wp\/v2\/types\/product"}],"replies":[{"embeddable":true,"href":"https:\/\/engitech.az\/en\/wp-json\/wp\/v2\/comments?post=11801"}],"wp:featuredmedia":[{"embeddable":true,"href":"https:\/\/engitech.az\/en\/wp-json\/wp\/v2\/media\/11803"}],"wp:attachment":[{"href":"https:\/\/engitech.az\/en\/wp-json\/wp\/v2\/media?parent=11801"}],"wp:term":[{"taxonomy":"product_brand","embeddable":true,"href":"https:\/\/engitech.az\/en\/wp-json\/wp\/v2\/product_brand?post=11801"},{"taxonomy":"product_cat","embeddable":true,"href":"https:\/\/engitech.az\/en\/wp-json\/wp\/v2\/product_cat?post=11801"},{"taxonomy":"product_tag","embeddable":true,"href":"https:\/\/engitech.az\/en\/wp-json\/wp\/v2\/product_tag?post=11801"}],"curies":[{"name":"wp","href":"https:\/\/api.w.org\/{rel}","templated":true}]}}