{"id":11804,"date":"2026-03-12T08:09:53","date_gmt":"2026-03-12T08:09:53","guid":{"rendered":"https:\/\/engitech.az\/?post_type=product&#038;p=11804"},"modified":"2026-03-12T08:09:53","modified_gmt":"2026-03-12T08:09:53","slug":"ip67-nurse-call-with-light-llc-751","status":"publish","type":"product","link":"https:\/\/engitech.az\/en\/product\/ip67-nurse-call-with-light-llc-751\/","title":{"rendered":"IP67 NURSE CALL WITH LIGHT -LLC-751"},"content":{"rendered":"<p>\u2022 <strong data-start=\"2\" data-end=\"13\">M\u0259hsul:<\/strong> ALCAD IP67 Nurse Call with Light (LLC-751)<br data-start=\"56\" data-end=\"59\" \/>\u2022 <strong data-start=\"61\" data-end=\"76\">Category:<\/strong> X\u0259st\u0259xana \u00e7a\u011f\u0131r\u0131\u015f sistemi d\u00fcym\u0259si<br data-start=\"110\" data-end=\"113\" \/>\u2022 <strong data-start=\"115\" data-end=\"125\">Contact:<\/strong> BUS ba\u011flant\u0131s\u0131<br data-start=\"140\" data-end=\"143\" \/>\u2022 <strong data-start=\"145\" data-end=\"161\">Functions:<\/strong> IP67 suya davaml\u0131l\u0131q, i\u015f\u0131ql\u0131 \u00e7a\u011f\u0131r\u0131\u015f siqnal\u0131<br data-start=\"206\" data-end=\"209\" \/>\u2022 <strong data-start=\"211\" data-end=\"224\">Usage:<\/strong> X\u0259st\u0259xana v\u0259 tibbi m\u00fc\u0259ssis\u0259l\u0259rd\u0259 x\u0259st\u0259 \u00e7a\u011f\u0131r\u0131\u015f\u0131 \u00fc\u00e7\u00fcn, x\u00fcsusil\u0259 n\u0259mli v\u0259 tualet sah\u0259l\u0259ri \u00fc\u00e7\u00fcn.<\/p>","protected":false},"excerpt":{"rendered":"<p>\u2022 M\u0259hsul: ALCAD IP67 Nurse Call with Light (LLC-751)\u2022 Kateqoriya:  [&#8230;]<\/p>","protected":false},"featured_media":11805,"comment_status":"open","ping_status":"closed","template":"","meta":[],"product_brand":[],"product_cat":[174],"product_tag":[],"class_list":{"0":"post-11804","1":"product","2":"type-product","3":"status-publish","4":"has-post-thumbnail","6":"product_cat-alcad","7":"pa_mehsul-tipi-health-security","9":"first","10":"instock","11":"sold-individually","12":"shipping-taxable","13":"purchasable","14":"product-type-simple"},"_links":{"self":[{"href":"https:\/\/engitech.az\/en\/wp-json\/wp\/v2\/product\/11804","targetHints":{"allow":["GET"]}}],"collection":[{"href":"https:\/\/engitech.az\/en\/wp-json\/wp\/v2\/product"}],"about":[{"href":"https:\/\/engitech.az\/en\/wp-json\/wp\/v2\/types\/product"}],"replies":[{"embeddable":true,"href":"https:\/\/engitech.az\/en\/wp-json\/wp\/v2\/comments?post=11804"}],"wp:featuredmedia":[{"embeddable":true,"href":"https:\/\/engitech.az\/en\/wp-json\/wp\/v2\/media\/11805"}],"wp:attachment":[{"href":"https:\/\/engitech.az\/en\/wp-json\/wp\/v2\/media?parent=11804"}],"wp:term":[{"taxonomy":"product_brand","embeddable":true,"href":"https:\/\/engitech.az\/en\/wp-json\/wp\/v2\/product_brand?post=11804"},{"taxonomy":"product_cat","embeddable":true,"href":"https:\/\/engitech.az\/en\/wp-json\/wp\/v2\/product_cat?post=11804"},{"taxonomy":"product_tag","embeddable":true,"href":"https:\/\/engitech.az\/en\/wp-json\/wp\/v2\/product_tag?post=11804"}],"curies":[{"name":"wp","href":"https:\/\/api.w.org\/{rel}","templated":true}]}}