{"id":11806,"date":"2026-03-12T08:11:49","date_gmt":"2026-03-12T08:11:49","guid":{"rendered":"https:\/\/engitech.az\/?post_type=product&#038;p=11806"},"modified":"2026-03-12T08:11:49","modified_gmt":"2026-03-12T08:11:49","slug":"door-top-warning-lamp-multicolored-and-m-sen-724","status":"publish","type":"product","link":"https:\/\/engitech.az\/en\/product\/door-top-warning-lamp-multicolored-and-m-sen-724\/","title":{"rendered":"DOOR TOP WARNING LAMP MULTICOLORED AND M  -SEN-724"},"content":{"rendered":"<p>\u2022 <strong data-start=\"2\" data-end=\"13\">M\u0259hsul:<\/strong> ALCAD Door Top Warning Lamp Multicolored and M (SEN-724)<br data-start=\"70\" data-end=\"73\" \/>\u2022 <strong data-start=\"75\" data-end=\"90\">Category:<\/strong> Siqnal i\u015f\u0131\u011f\u0131 \/ x\u0259b\u0259rdarl\u0131q lampas\u0131<br data-start=\"125\" data-end=\"128\" \/>\u2022 <strong data-start=\"130\" data-end=\"140\">Contact:<\/strong> BUS ba\u011flant\u0131s\u0131<br data-start=\"155\" data-end=\"158\" \/>\u2022 <strong data-start=\"160\" data-end=\"176\">Functions:<\/strong> \u00c7oxr\u0259ngli vizual siqnal, otaq v\u0259 ya cihaz v\u0259ziyy\u0259tini g\u00f6st\u0259rm\u0259<br data-start=\"239\" data-end=\"242\" \/>\u2022 <strong data-start=\"244\" data-end=\"257\">Usage:<\/strong> X\u0259st\u0259xana v\u0259 dig\u0259r m\u00fc\u0259ssis\u0259l\u0259rd\u0259 otaq v\u0259 avadanl\u0131q statusunu vizual g\u00f6st\u0259rm\u0259k \u00fc\u00e7\u00fcn.<\/p>","protected":false},"excerpt":{"rendered":"<p>\u2022 M\u0259hsul: ALCAD Door Top Warning Lamp Multicolored and M  [&#8230;]<\/p>","protected":false},"featured_media":11807,"comment_status":"open","ping_status":"closed","template":"","meta":[],"product_brand":[],"product_cat":[174],"product_tag":[],"class_list":{"0":"post-11806","1":"product","2":"type-product","3":"status-publish","4":"has-post-thumbnail","6":"product_cat-alcad","7":"pa_mehsul-tipi-health-security","9":"first","10":"instock","11":"sold-individually","12":"shipping-taxable","13":"purchasable","14":"product-type-simple"},"_links":{"self":[{"href":"https:\/\/engitech.az\/en\/wp-json\/wp\/v2\/product\/11806","targetHints":{"allow":["GET"]}}],"collection":[{"href":"https:\/\/engitech.az\/en\/wp-json\/wp\/v2\/product"}],"about":[{"href":"https:\/\/engitech.az\/en\/wp-json\/wp\/v2\/types\/product"}],"replies":[{"embeddable":true,"href":"https:\/\/engitech.az\/en\/wp-json\/wp\/v2\/comments?post=11806"}],"wp:featuredmedia":[{"embeddable":true,"href":"https:\/\/engitech.az\/en\/wp-json\/wp\/v2\/media\/11807"}],"wp:attachment":[{"href":"https:\/\/engitech.az\/en\/wp-json\/wp\/v2\/media?parent=11806"}],"wp:term":[{"taxonomy":"product_brand","embeddable":true,"href":"https:\/\/engitech.az\/en\/wp-json\/wp\/v2\/product_brand?post=11806"},{"taxonomy":"product_cat","embeddable":true,"href":"https:\/\/engitech.az\/en\/wp-json\/wp\/v2\/product_cat?post=11806"},{"taxonomy":"product_tag","embeddable":true,"href":"https:\/\/engitech.az\/en\/wp-json\/wp\/v2\/product_tag?post=11806"}],"curies":[{"name":"wp","href":"https:\/\/api.w.org\/{rel}","templated":true}]}}