{"id":11810,"date":"2026-03-12T08:19:44","date_gmt":"2026-03-12T08:19:44","guid":{"rendered":"https:\/\/engitech.az\/?post_type=product&#038;p=11810"},"modified":"2026-03-12T08:19:44","modified_gmt":"2026-03-12T08:19:44","slug":"waterproof-wireless-call-bracelet-sni-312","status":"publish","type":"product","link":"https:\/\/engitech.az\/en\/product\/waterproof-wireless-call-bracelet-sni-312\/","title":{"rendered":"WATERPROOF WIRELESS CALL BRACELET  -SNI-312"},"content":{"rendered":"<p>\u2022 <strong data-start=\"2\" data-end=\"13\">M\u0259hsul:<\/strong> ALCAD Waterproof Wireless Call Bracelet (SNI-312)<br data-start=\"63\" data-end=\"66\" \/>\u2022 <strong data-start=\"68\" data-end=\"83\">Category:<\/strong> Simsiz x\u0259st\u0259 \u00e7a\u011f\u0131r\u0131\u015f bil\u0259yi<br data-start=\"111\" data-end=\"114\" \/>\u2022 <strong data-start=\"116\" data-end=\"126\">Contact:<\/strong> Wireless (simsiz)<br data-start=\"144\" data-end=\"147\" \/>\u2022 <strong data-start=\"149\" data-end=\"165\">Functions:<\/strong> Suya davaml\u0131, x\u0259st\u0259 \u00e7a\u011f\u0131r\u0131\u015f\u0131 siqnal\u0131<br data-start=\"202\" data-end=\"205\" \/>\u2022 <strong data-start=\"207\" data-end=\"220\">Usage:<\/strong> X\u0259st\u0259xana v\u0259 tibbi m\u00fc\u0259ssis\u0259l\u0259rd\u0259 mobil x\u0259st\u0259l\u0259r \u00fc\u00e7\u00fcn \u00e7a\u011f\u0131r\u0131\u015f sistemi.<\/p>","protected":false},"excerpt":{"rendered":"<p>\u2022 M\u0259hsul: ALCAD Waterproof Wireless Call Bracelet (SNI-312)\u2022 Kateqoriya: Simsiz  [&#8230;]<\/p>","protected":false},"featured_media":11811,"comment_status":"open","ping_status":"closed","template":"","meta":[],"product_brand":[],"product_cat":[174],"product_tag":[],"class_list":{"0":"post-11810","1":"product","2":"type-product","3":"status-publish","4":"has-post-thumbnail","6":"product_cat-alcad","7":"pa_mehsul-tipi-health-security","9":"first","10":"instock","11":"sold-individually","12":"shipping-taxable","13":"purchasable","14":"product-type-simple"},"_links":{"self":[{"href":"https:\/\/engitech.az\/en\/wp-json\/wp\/v2\/product\/11810","targetHints":{"allow":["GET"]}}],"collection":[{"href":"https:\/\/engitech.az\/en\/wp-json\/wp\/v2\/product"}],"about":[{"href":"https:\/\/engitech.az\/en\/wp-json\/wp\/v2\/types\/product"}],"replies":[{"embeddable":true,"href":"https:\/\/engitech.az\/en\/wp-json\/wp\/v2\/comments?post=11810"}],"wp:featuredmedia":[{"embeddable":true,"href":"https:\/\/engitech.az\/en\/wp-json\/wp\/v2\/media\/11811"}],"wp:attachment":[{"href":"https:\/\/engitech.az\/en\/wp-json\/wp\/v2\/media?parent=11810"}],"wp:term":[{"taxonomy":"product_brand","embeddable":true,"href":"https:\/\/engitech.az\/en\/wp-json\/wp\/v2\/product_brand?post=11810"},{"taxonomy":"product_cat","embeddable":true,"href":"https:\/\/engitech.az\/en\/wp-json\/wp\/v2\/product_cat?post=11810"},{"taxonomy":"product_tag","embeddable":true,"href":"https:\/\/engitech.az\/en\/wp-json\/wp\/v2\/product_tag?post=11810"}],"curies":[{"name":"wp","href":"https:\/\/api.w.org\/{rel}","templated":true}]}}