{"id":11828,"date":"2026-03-12T08:32:47","date_gmt":"2026-03-12T08:32:47","guid":{"rendered":"https:\/\/engitech.az\/?post_type=product&#038;p=11828"},"modified":"2026-03-12T08:32:48","modified_gmt":"2026-03-12T08:32:48","slug":"vertical-antivan-intercom-center-cic-612","status":"publish","type":"product","link":"https:\/\/engitech.az\/en\/product\/vertical-antivan-intercom-center-cic-612\/","title":{"rendered":"VERTICAL ANTIVAN. INTERCOM. CENTER  &#8211; CIC-612"},"content":{"rendered":"<p>\u2022 <strong data-start=\"2\" data-end=\"13\">M\u0259hsul:<\/strong> ALCAD Vertical Antivan Intercom Center (CIC-612)<br data-start=\"62\" data-end=\"65\" \/>\u2022 <strong data-start=\"67\" data-end=\"82\">Category:<\/strong> Hospital interkom v\u0259 t\u0259hl\u00fck\u0259sizlik sistemi<br data-start=\"125\" data-end=\"128\" \/>\u2022 <strong data-start=\"130\" data-end=\"140\">Contact:<\/strong> BUS \/ \u015e\u0259b\u0259k\u0259 ba\u011flant\u0131s\u0131<br data-start=\"164\" data-end=\"167\" \/>\u2022 <strong data-start=\"169\" data-end=\"185\">Functions:<\/strong> Otaqlar aras\u0131 audio \u00fcnsiyy\u0259t, z\u0259d\u0259y\u0259 davaml\u0131 korpus, \u00e7a\u011f\u0131r\u0131\u015f idar\u0259si<br data-start=\"254\" data-end=\"257\" \/>\u2022 <strong data-start=\"259\" data-end=\"272\">Usage:<\/strong> X\u0259st\u0259xana v\u0259 tibbi m\u00fc\u0259ssis\u0259l\u0259rd\u0259 interkom v\u0259 \u00e7a\u011f\u0131r\u0131\u015f sistemi m\u0259rk\u0259zi \u00fc\u00e7\u00fcn.<\/p>","protected":false},"excerpt":{"rendered":"<p>\u2022 M\u0259hsul: ALCAD Vertical Antivan Intercom Center (CIC-612)\u2022 Kateqoriya: Hospital  [&#8230;]<\/p>","protected":false},"featured_media":11829,"comment_status":"open","ping_status":"closed","template":"","meta":[],"product_brand":[],"product_cat":[174],"product_tag":[],"class_list":{"0":"post-11828","1":"product","2":"type-product","3":"status-publish","4":"has-post-thumbnail","6":"product_cat-alcad","7":"pa_mehsul-tipi-health-security","9":"first","10":"instock","11":"sold-individually","12":"shipping-taxable","13":"purchasable","14":"product-type-simple"},"_links":{"self":[{"href":"https:\/\/engitech.az\/en\/wp-json\/wp\/v2\/product\/11828","targetHints":{"allow":["GET"]}}],"collection":[{"href":"https:\/\/engitech.az\/en\/wp-json\/wp\/v2\/product"}],"about":[{"href":"https:\/\/engitech.az\/en\/wp-json\/wp\/v2\/types\/product"}],"replies":[{"embeddable":true,"href":"https:\/\/engitech.az\/en\/wp-json\/wp\/v2\/comments?post=11828"}],"wp:featuredmedia":[{"embeddable":true,"href":"https:\/\/engitech.az\/en\/wp-json\/wp\/v2\/media\/11829"}],"wp:attachment":[{"href":"https:\/\/engitech.az\/en\/wp-json\/wp\/v2\/media?parent=11828"}],"wp:term":[{"taxonomy":"product_brand","embeddable":true,"href":"https:\/\/engitech.az\/en\/wp-json\/wp\/v2\/product_brand?post=11828"},{"taxonomy":"product_cat","embeddable":true,"href":"https:\/\/engitech.az\/en\/wp-json\/wp\/v2\/product_cat?post=11828"},{"taxonomy":"product_tag","embeddable":true,"href":"https:\/\/engitech.az\/en\/wp-json\/wp\/v2\/product_tag?post=11828"}],"curies":[{"name":"wp","href":"https:\/\/api.w.org\/{rel}","templated":true}]}}