{"id":11830,"date":"2026-03-12T08:34:57","date_gmt":"2026-03-12T08:34:57","guid":{"rendered":"https:\/\/engitech.az\/?post_type=product&#038;p=11830"},"modified":"2026-03-12T08:34:58","modified_gmt":"2026-03-12T08:34:58","slug":"10inch-touch-screen-management-unit-poe-cgt-250","status":"publish","type":"product","link":"https:\/\/engitech.az\/en\/product\/10inch-touch-screen-management-unit-poe-cgt-250\/","title":{"rendered":"10inch Touch Screen Management unit PoE  &#8211; CGT-250"},"content":{"rendered":"<p>\u2022 <strong data-start=\"2\" data-end=\"13\">M\u0259hsul:<\/strong> ALCAD 10\u2033 Touch Screen Management Unit PoE (CGT-250, Code 9400323)<br data-start=\"80\" data-end=\"83\" \/>\u2022 <strong data-start=\"85\" data-end=\"100\">Category:<\/strong> \u0130dar\u0259etm\u0259 paneli<br data-start=\"117\" data-end=\"120\" \/>\u2022 <strong data-start=\"122\" data-end=\"132\">Contact:<\/strong> PoE (Ethernet)<br data-start=\"147\" data-end=\"150\" \/>\u2022 <strong data-start=\"152\" data-end=\"168\">Functions:<\/strong> 10\u2033 toxunma ekran\u0131, sistem idar\u0259si, plug-and-play<br data-start=\"218\" data-end=\"221\" \/>\u2022 <strong data-start=\"223\" data-end=\"236\">Usage:<\/strong> X\u0259st\u0259xana v\u0259 dig\u0259r m\u00fc\u0259ssis\u0259l\u0259rd\u0259 \u00e7a\u011f\u0131r\u0131\u015f v\u0259 idar\u0259etm\u0259 sisteml\u0259rinin n\u0259zar\u0259ti \u00fc\u00e7\u00fcn.<\/p>","protected":false},"excerpt":{"rendered":"<p>\u2022 M\u0259hsul: ALCAD 10\u2033 Touch Screen Management Unit PoE (CGT-250,  [&#8230;]<\/p>","protected":false},"featured_media":11831,"comment_status":"open","ping_status":"closed","template":"","meta":[],"product_brand":[],"product_cat":[174],"product_tag":[],"class_list":{"0":"post-11830","1":"product","2":"type-product","3":"status-publish","4":"has-post-thumbnail","6":"product_cat-alcad","7":"pa_mehsul-tipi-health-security","9":"first","10":"instock","11":"sold-individually","12":"shipping-taxable","13":"purchasable","14":"product-type-simple"},"_links":{"self":[{"href":"https:\/\/engitech.az\/en\/wp-json\/wp\/v2\/product\/11830","targetHints":{"allow":["GET"]}}],"collection":[{"href":"https:\/\/engitech.az\/en\/wp-json\/wp\/v2\/product"}],"about":[{"href":"https:\/\/engitech.az\/en\/wp-json\/wp\/v2\/types\/product"}],"replies":[{"embeddable":true,"href":"https:\/\/engitech.az\/en\/wp-json\/wp\/v2\/comments?post=11830"}],"wp:featuredmedia":[{"embeddable":true,"href":"https:\/\/engitech.az\/en\/wp-json\/wp\/v2\/media\/11831"}],"wp:attachment":[{"href":"https:\/\/engitech.az\/en\/wp-json\/wp\/v2\/media?parent=11830"}],"wp:term":[{"taxonomy":"product_brand","embeddable":true,"href":"https:\/\/engitech.az\/en\/wp-json\/wp\/v2\/product_brand?post=11830"},{"taxonomy":"product_cat","embeddable":true,"href":"https:\/\/engitech.az\/en\/wp-json\/wp\/v2\/product_cat?post=11830"},{"taxonomy":"product_tag","embeddable":true,"href":"https:\/\/engitech.az\/en\/wp-json\/wp\/v2\/product_tag?post=11830"}],"curies":[{"name":"wp","href":"https:\/\/api.w.org\/{rel}","templated":true}]}}