{"id":11869,"date":"2026-03-16T07:25:49","date_gmt":"2026-03-16T07:25:49","guid":{"rendered":"https:\/\/engitech.az\/?post_type=product&#038;p=11869"},"modified":"2026-03-16T07:25:49","modified_gmt":"2026-03-16T07:25:49","slug":"os-t7-65","status":"publish","type":"product","link":"https:\/\/engitech.az\/en\/product\/os-t7-65\/","title":{"rendered":"OS-T7-65"},"content":{"rendered":"<p>\u2022 <strong data-start=\"2\" data-end=\"13\">M\u0259hsul:<\/strong> OneScreen OS-T7-65<br data-start=\"32\" data-end=\"35\" \/>\u2022 <strong data-start=\"37\" data-end=\"52\">Category:<\/strong> \u0130nteraktiv toxunma ekran paneli<br data-start=\"84\" data-end=\"87\" \/>\u2022 <strong data-start=\"89\" data-end=\"99\">Contact:<\/strong> HDMI, USB, LAN, Wi-Fi 6<br data-start=\"123\" data-end=\"126\" \/>\u2022 <strong data-start=\"128\" data-end=\"144\">Functions:<\/strong> 65\u2033 4K 60Hz touchscreen, Android 15 (EDLA), 8-core CPU (4\u00d7A76 + 4\u00d7A55), 8 GB RAM, 128 GB yadda\u015f<br data-start=\"240\" data-end=\"243\" \/>\u2022 <strong data-start=\"245\" data-end=\"258\">Usage:<\/strong> T\u0259hsil, t\u0259qdimat v\u0259 iclas otaqlar\u0131 \u00fc\u00e7\u00fcn interaktiv ekran.<\/p>","protected":false},"excerpt":{"rendered":"<p>\u2022 M\u0259hsul: OneScreen OS-T7-65\u2022 Kateqoriya: \u0130nteraktiv toxunma ekran paneli\u2022 \u018flaq\u0259:  [&#8230;]<\/p>","protected":false},"featured_media":11870,"comment_status":"open","ping_status":"closed","template":"","meta":[],"product_brand":[],"product_cat":[284],"product_tag":[],"class_list":{"0":"post-11869","1":"product","2":"type-product","3":"status-publish","4":"has-post-thumbnail","6":"product_cat-onescreen","7":"pa_mehsul-tipi-ekranlar","9":"first","10":"instock","11":"sold-individually","12":"shipping-taxable","13":"purchasable","14":"product-type-simple"},"_links":{"self":[{"href":"https:\/\/engitech.az\/en\/wp-json\/wp\/v2\/product\/11869","targetHints":{"allow":["GET"]}}],"collection":[{"href":"https:\/\/engitech.az\/en\/wp-json\/wp\/v2\/product"}],"about":[{"href":"https:\/\/engitech.az\/en\/wp-json\/wp\/v2\/types\/product"}],"replies":[{"embeddable":true,"href":"https:\/\/engitech.az\/en\/wp-json\/wp\/v2\/comments?post=11869"}],"wp:featuredmedia":[{"embeddable":true,"href":"https:\/\/engitech.az\/en\/wp-json\/wp\/v2\/media\/11870"}],"wp:attachment":[{"href":"https:\/\/engitech.az\/en\/wp-json\/wp\/v2\/media?parent=11869"}],"wp:term":[{"taxonomy":"product_brand","embeddable":true,"href":"https:\/\/engitech.az\/en\/wp-json\/wp\/v2\/product_brand?post=11869"},{"taxonomy":"product_cat","embeddable":true,"href":"https:\/\/engitech.az\/en\/wp-json\/wp\/v2\/product_cat?post=11869"},{"taxonomy":"product_tag","embeddable":true,"href":"https:\/\/engitech.az\/en\/wp-json\/wp\/v2\/product_tag?post=11869"}],"curies":[{"name":"wp","href":"https:\/\/api.w.org\/{rel}","templated":true}]}}