{"id":11873,"date":"2026-03-16T07:35:36","date_gmt":"2026-03-16T07:35:36","guid":{"rendered":"https:\/\/engitech.az\/?post_type=product&#038;p=11873"},"modified":"2026-03-16T07:35:37","modified_gmt":"2026-03-16T07:35:37","slug":"t7-75","status":"publish","type":"product","link":"https:\/\/engitech.az\/en\/product\/t7-75\/","title":{"rendered":"T7-75"},"content":{"rendered":"<p>\u2022 <strong data-start=\"2\" data-end=\"13\">M\u0259hsul:<\/strong> OneScreen T7-75<br data-start=\"29\" data-end=\"32\" \/>\u2022 <strong data-start=\"34\" data-end=\"49\">Category:<\/strong> \u0130nteraktiv toxunma ekran paneli<br data-start=\"81\" data-end=\"84\" \/>\u2022 <strong data-start=\"86\" data-end=\"96\">Contact:<\/strong> HDMI, USB, LAN, Wi-Fi 6<br data-start=\"120\" data-end=\"123\" \/>\u2022 <strong data-start=\"125\" data-end=\"141\">Functions:<\/strong> 75\u2033 4K 60Hz touchscreen, Android 15 (EDLA), 8-core CPU (4\u00d7A76 + 4\u00d7A55), 8 GB RAM, 128 GB yadda\u015f<br data-start=\"237\" data-end=\"240\" \/>\u2022 <strong data-start=\"242\" data-end=\"255\">Usage:<\/strong> T\u0259hsil, t\u0259qdimat v\u0259 iclas otaqlar\u0131 \u00fc\u00e7\u00fcn interaktiv ekran.<\/p>","protected":false},"excerpt":{"rendered":"<p>\u2022 M\u0259hsul: OneScreen T7-75\u2022 Kateqoriya: \u0130nteraktiv toxunma ekran paneli\u2022 \u018flaq\u0259:  [&#8230;]<\/p>","protected":false},"featured_media":11875,"comment_status":"open","ping_status":"closed","template":"","meta":[],"product_brand":[],"product_cat":[284],"product_tag":[],"class_list":{"0":"post-11873","1":"product","2":"type-product","3":"status-publish","4":"has-post-thumbnail","6":"product_cat-onescreen","7":"pa_mehsul-tipi-ekranlar","9":"first","10":"instock","11":"sold-individually","12":"shipping-taxable","13":"purchasable","14":"product-type-simple"},"_links":{"self":[{"href":"https:\/\/engitech.az\/en\/wp-json\/wp\/v2\/product\/11873","targetHints":{"allow":["GET"]}}],"collection":[{"href":"https:\/\/engitech.az\/en\/wp-json\/wp\/v2\/product"}],"about":[{"href":"https:\/\/engitech.az\/en\/wp-json\/wp\/v2\/types\/product"}],"replies":[{"embeddable":true,"href":"https:\/\/engitech.az\/en\/wp-json\/wp\/v2\/comments?post=11873"}],"wp:featuredmedia":[{"embeddable":true,"href":"https:\/\/engitech.az\/en\/wp-json\/wp\/v2\/media\/11875"}],"wp:attachment":[{"href":"https:\/\/engitech.az\/en\/wp-json\/wp\/v2\/media?parent=11873"}],"wp:term":[{"taxonomy":"product_brand","embeddable":true,"href":"https:\/\/engitech.az\/en\/wp-json\/wp\/v2\/product_brand?post=11873"},{"taxonomy":"product_cat","embeddable":true,"href":"https:\/\/engitech.az\/en\/wp-json\/wp\/v2\/product_cat?post=11873"},{"taxonomy":"product_tag","embeddable":true,"href":"https:\/\/engitech.az\/en\/wp-json\/wp\/v2\/product_tag?post=11873"}],"curies":[{"name":"wp","href":"https:\/\/api.w.org\/{rel}","templated":true}]}}