{"id":11876,"date":"2026-03-16T07:40:55","date_gmt":"2026-03-16T07:40:55","guid":{"rendered":"https:\/\/engitech.az\/?post_type=product&#038;p=11876"},"modified":"2026-03-16T07:40:55","modified_gmt":"2026-03-16T07:40:55","slug":"t7-86-2","status":"publish","type":"product","link":"https:\/\/engitech.az\/en\/product\/t7-86-2\/","title":{"rendered":"T7-86"},"content":{"rendered":"<div class=\"flex flex-col text-sm\">\n<article class=\"text-token-text-primary w-full focus:outline-none [--shadow-height:45px] has-data-writing-block:pointer-events-none has-data-writing-block:-mt-(--shadow-height) has-data-writing-block:pt-(--shadow-height) [&amp;:has([data-writing-block])&gt;*]:pointer-events-auto scroll-mt-[calc(var(--header-height)+min(200px,max(70px,20svh)))]\" dir=\"auto\" tabindex=\"-1\" data-turn-id=\"request-WEB:bf903431-39bb-475a-a071-8045c451d216-1\" data-testid=\"conversation-turn-4\" data-scroll-anchor=\"true\" data-turn=\"assistant\">\n<div class=\"text-base my-auto mx-auto pb-10 [--thread-content-margin:var(--thread-content-margin-xs,calc(var(--spacing)*4))] @w-sm\/main:[--thread-content-margin:var(--thread-content-margin-sm,calc(var(--spacing)*6))] @w-lg\/main:[--thread-content-margin:var(--thread-content-margin-lg,calc(var(--spacing)*16))] px-(--thread-content-margin)\">\n<div class=\"[--thread-content-max-width:40rem] @w-lg\/main:[--thread-content-max-width:48rem] mx-auto max-w-(--thread-content-max-width) flex-1 group\/turn-messages focus-visible:outline-hidden relative flex w-full min-w-0 flex-col agent-turn\" tabindex=\"-1\">\n<div class=\"flex max-w-full flex-col gap-4 grow\">\n<div class=\"min-h-8 text-message relative flex w-full flex-col items-end gap-2 text-start break-words whitespace-normal [.text-message+&amp;]:mt-1\" dir=\"auto\" data-message-author-role=\"assistant\" data-message-id=\"3398a1a9-adec-451b-9ce0-cfab1f991185\" data-message-model-slug=\"gpt-5-mini\">\n<div class=\"flex w-full flex-col gap-1 empty:hidden\">\n<div class=\"markdown prose dark:prose-invert w-full wrap-break-word dark markdown-new-styling\">\n<ul>\n<li data-start=\"68\" data-end=\"97\"><strong data-start=\"68\" data-end=\"79\">M\u0259hsul:<\/strong> OneScreen T7\u201186<\/li>\n<li data-start=\"100\" data-end=\"149\"><strong data-start=\"100\" data-end=\"115\">Category:<\/strong> interaktiv toxunma ekran paneli<\/li>\n<li data-start=\"152\" data-end=\"188\"><strong data-start=\"152\" data-end=\"162\">Contact:<\/strong> HDMI, USB, LAN, Wi\u2011Fi\u202f6<\/li>\n<li data-start=\"191\" data-end=\"307\"><strong data-start=\"191\" data-end=\"208\">Funk\u00adsiyalar:<\/strong> 86\u2033 4K 60\u202fHz touchscreen, Android\u202f15 (EDLA), 8\u2011core CPU (4\u00d7A76 + 4\u00d7A55), 8\u202fGB RAM, 128\u202fGB yadda\u015f<\/li>\n<li data-start=\"310\" data-end=\"381\"><strong data-start=\"310\" data-end=\"323\">Usage:<\/strong> T\u0259hsil, t\u0259qdimat v\u0259 iclas otaqlar\u0131 \u00fc\u00e7\u00fcn interaktiv ekran.<\/li>\n<\/ul>\n<\/div>\n<\/div>\n<\/div>\n<\/div>\n<div class=\"z-0 flex min-h-[46px] justify-start\"><\/div>\n<div class=\"mt-3 w-full empty:hidden\">\n<div class=\"text-center\"><\/div>\n<\/div>\n<\/div>\n<\/div>\n<\/article>\n<\/div>\n<div class=\"pointer-events-none h-px w-px absolute bottom-0\" aria-hidden=\"true\" data-edge=\"true\"><\/div>","protected":false},"excerpt":{"rendered":"<p>M\u0259hsul: OneScreen T7\u201186 Kateqoriya: interaktiv toxunma ekran paneli \u018flaq\u0259: HDMI,  [&#8230;]<\/p>","protected":false},"featured_media":11877,"comment_status":"open","ping_status":"closed","template":"","meta":[],"product_brand":[],"product_cat":[284],"product_tag":[],"class_list":{"0":"post-11876","1":"product","2":"type-product","3":"status-publish","4":"has-post-thumbnail","6":"product_cat-onescreen","7":"pa_mehsul-tipi-ekranlar","9":"first","10":"instock","11":"sold-individually","12":"shipping-taxable","13":"purchasable","14":"product-type-simple"},"_links":{"self":[{"href":"https:\/\/engitech.az\/en\/wp-json\/wp\/v2\/product\/11876","targetHints":{"allow":["GET"]}}],"collection":[{"href":"https:\/\/engitech.az\/en\/wp-json\/wp\/v2\/product"}],"about":[{"href":"https:\/\/engitech.az\/en\/wp-json\/wp\/v2\/types\/product"}],"replies":[{"embeddable":true,"href":"https:\/\/engitech.az\/en\/wp-json\/wp\/v2\/comments?post=11876"}],"wp:featuredmedia":[{"embeddable":true,"href":"https:\/\/engitech.az\/en\/wp-json\/wp\/v2\/media\/11877"}],"wp:attachment":[{"href":"https:\/\/engitech.az\/en\/wp-json\/wp\/v2\/media?parent=11876"}],"wp:term":[{"taxonomy":"product_brand","embeddable":true,"href":"https:\/\/engitech.az\/en\/wp-json\/wp\/v2\/product_brand?post=11876"},{"taxonomy":"product_cat","embeddable":true,"href":"https:\/\/engitech.az\/en\/wp-json\/wp\/v2\/product_cat?post=11876"},{"taxonomy":"product_tag","embeddable":true,"href":"https:\/\/engitech.az\/en\/wp-json\/wp\/v2\/product_tag?post=11876"}],"curies":[{"name":"wp","href":"https:\/\/api.w.org\/{rel}","templated":true}]}}