{"id":11878,"date":"2026-03-16T08:22:46","date_gmt":"2026-03-16T08:22:46","guid":{"rendered":"https:\/\/engitech.az\/?post_type=product&#038;p=11878"},"modified":"2026-03-16T08:22:47","modified_gmt":"2026-03-16T08:22:47","slug":"core75","status":"publish","type":"product","link":"https:\/\/engitech.az\/en\/product\/core75\/","title":{"rendered":"Core75"},"content":{"rendered":"<p>\u2022 <strong data-start=\"96\" data-end=\"107\">M\u0259hsul:<\/strong> Core75<br data-start=\"114\" data-end=\"117\" \/>\u2022 <strong data-start=\"119\" data-end=\"134\">Category:<\/strong> \u0130nteraktiv toxunma ekran paneli<br data-start=\"166\" data-end=\"169\" \/>\u2022 <strong data-start=\"171\" data-end=\"181\">Contact:<\/strong> HDMI, USB, LAN, Wi\u2011Fi<br data-start=\"203\" data-end=\"206\" \/>\u2022 <strong data-start=\"208\" data-end=\"224\">Functions:<\/strong> 75\u2033 4K touchscreen, Android 14.0 (Google EDLA), 8 GB RAM, 128 GB yadda\u015f, 40 toxunma n\u00f6qt\u0259si<br data-start=\"316\" data-end=\"319\" \/>\u2022 <strong data-start=\"321\" data-end=\"334\">Usage:<\/strong> T\u0259hsil, t\u0259qdimat v\u0259 iclas otaqlar\u0131 \u00fc\u00e7\u00fcn interaktiv ekran<\/p>","protected":false},"excerpt":{"rendered":"<p>\u2022 M\u0259hsul: Core75\u2022 Kateqoriya: \u0130nteraktiv toxunma ekran paneli\u2022 \u018flaq\u0259: HDMI,  [&#8230;]<\/p>","protected":false},"featured_media":11879,"comment_status":"open","ping_status":"closed","template":"","meta":[],"product_brand":[],"product_cat":[284],"product_tag":[],"class_list":{"0":"post-11878","1":"product","2":"type-product","3":"status-publish","4":"has-post-thumbnail","6":"product_cat-onescreen","7":"pa_mehsul-tipi-ekranlar","9":"first","10":"instock","11":"sold-individually","12":"shipping-taxable","13":"purchasable","14":"product-type-simple"},"_links":{"self":[{"href":"https:\/\/engitech.az\/en\/wp-json\/wp\/v2\/product\/11878","targetHints":{"allow":["GET"]}}],"collection":[{"href":"https:\/\/engitech.az\/en\/wp-json\/wp\/v2\/product"}],"about":[{"href":"https:\/\/engitech.az\/en\/wp-json\/wp\/v2\/types\/product"}],"replies":[{"embeddable":true,"href":"https:\/\/engitech.az\/en\/wp-json\/wp\/v2\/comments?post=11878"}],"wp:featuredmedia":[{"embeddable":true,"href":"https:\/\/engitech.az\/en\/wp-json\/wp\/v2\/media\/11879"}],"wp:attachment":[{"href":"https:\/\/engitech.az\/en\/wp-json\/wp\/v2\/media?parent=11878"}],"wp:term":[{"taxonomy":"product_brand","embeddable":true,"href":"https:\/\/engitech.az\/en\/wp-json\/wp\/v2\/product_brand?post=11878"},{"taxonomy":"product_cat","embeddable":true,"href":"https:\/\/engitech.az\/en\/wp-json\/wp\/v2\/product_cat?post=11878"},{"taxonomy":"product_tag","embeddable":true,"href":"https:\/\/engitech.az\/en\/wp-json\/wp\/v2\/product_tag?post=11878"}],"curies":[{"name":"wp","href":"https:\/\/api.w.org\/{rel}","templated":true}]}}