{"id":11892,"date":"2026-03-16T11:03:10","date_gmt":"2026-03-16T11:03:10","guid":{"rendered":"https:\/\/engitech.az\/?post_type=product&#038;p=11892"},"modified":"2026-03-16T11:03:10","modified_gmt":"2026-03-16T11:03:10","slug":"revit","status":"publish","type":"product","link":"https:\/\/engitech.az\/en\/product\/revit\/","title":{"rendered":"Revit"},"content":{"rendered":"<p>\u2022 <strong data-start=\"2\" data-end=\"13\">M\u0259hsul:<\/strong> Revit<br data-start=\"19\" data-end=\"22\" \/>\u2022 <strong data-start=\"24\" data-end=\"39\">Category:<\/strong> BIM layih\u0259l\u0259ndirm\u0259 proqram\u0131<br data-start=\"67\" data-end=\"70\" \/>\u2022 <strong data-start=\"72\" data-end=\"87\">Haz\u0131rlayan:<\/strong> <span class=\"hover:entity-accent entity-underline inline cursor-pointer align-baseline\"><span class=\"whitespace-normal\">Autodesk<\/span><\/span><br data-start=\"125\" data-end=\"128\" \/>\u2022 <strong data-start=\"130\" data-end=\"146\">Functions:<\/strong> 3D bina modell\u0259\u015fdirm\u0259, memarl\u0131q v\u0259 m\u00fch\u0259ndislik layih\u0259l\u0259ri, BIM texnologiyas\u0131, avtomatik plan v\u0259 k\u0259sikl\u0259rin yarad\u0131lmas\u0131<br data-start=\"265\" data-end=\"268\" \/>\u2022 <strong data-start=\"270\" data-end=\"283\">Usage:<\/strong> Memarl\u0131q, tikinti v\u0259 m\u00fch\u0259ndislik layih\u0259l\u0259rinin haz\u0131rlanmas\u0131 v\u0259 idar\u0259 olunmas\u0131 \u00fc\u00e7\u00fcn proqram.<\/p>","protected":false},"excerpt":{"rendered":"<p>\u2022 M\u0259hsul: Revit\u2022 Kateqoriya: BIM layih\u0259l\u0259ndirm\u0259 proqram\u0131\u2022 Haz\u0131rlayan: Autodesk\u2022 Funksiyalar:  [&#8230;]<\/p>","protected":false},"featured_media":11893,"comment_status":"open","ping_status":"closed","template":"","meta":[],"product_brand":[],"product_cat":[185],"product_tag":[],"class_list":{"0":"post-11892","1":"product","2":"type-product","3":"status-publish","4":"has-post-thumbnail","6":"product_cat-autodesk","7":"pa_mehsul-tipi-architecture-engineering-construction","9":"first","10":"instock","11":"sold-individually","12":"shipping-taxable","13":"purchasable","14":"product-type-simple"},"_links":{"self":[{"href":"https:\/\/engitech.az\/en\/wp-json\/wp\/v2\/product\/11892","targetHints":{"allow":["GET"]}}],"collection":[{"href":"https:\/\/engitech.az\/en\/wp-json\/wp\/v2\/product"}],"about":[{"href":"https:\/\/engitech.az\/en\/wp-json\/wp\/v2\/types\/product"}],"replies":[{"embeddable":true,"href":"https:\/\/engitech.az\/en\/wp-json\/wp\/v2\/comments?post=11892"}],"wp:featuredmedia":[{"embeddable":true,"href":"https:\/\/engitech.az\/en\/wp-json\/wp\/v2\/media\/11893"}],"wp:attachment":[{"href":"https:\/\/engitech.az\/en\/wp-json\/wp\/v2\/media?parent=11892"}],"wp:term":[{"taxonomy":"product_brand","embeddable":true,"href":"https:\/\/engitech.az\/en\/wp-json\/wp\/v2\/product_brand?post=11892"},{"taxonomy":"product_cat","embeddable":true,"href":"https:\/\/engitech.az\/en\/wp-json\/wp\/v2\/product_cat?post=11892"},{"taxonomy":"product_tag","embeddable":true,"href":"https:\/\/engitech.az\/en\/wp-json\/wp\/v2\/product_tag?post=11892"}],"curies":[{"name":"wp","href":"https:\/\/api.w.org\/{rel}","templated":true}]}}