{"id":11905,"date":"2026-03-16T11:15:08","date_gmt":"2026-03-16T11:15:08","guid":{"rendered":"https:\/\/engitech.az\/?post_type=product&#038;p=11905"},"modified":"2026-03-16T11:15:09","modified_gmt":"2026-03-16T11:15:09","slug":"fusion","status":"publish","type":"product","link":"https:\/\/engitech.az\/en\/product\/fusion\/","title":{"rendered":"Fusion"},"content":{"rendered":"<p>\u2022 <strong data-start=\"2\" data-end=\"13\">M\u0259hsul:<\/strong> Fusion<br data-start=\"20\" data-end=\"23\" \/>\u2022 <strong data-start=\"25\" data-end=\"40\">Category:<\/strong> 3D CAD\/CAM dizayn proqram\u0131<br data-start=\"67\" data-end=\"70\" \/>\u2022 <strong data-start=\"72\" data-end=\"87\">Haz\u0131rlayan:<\/strong> <span class=\"hover:entity-accent entity-underline inline cursor-pointer align-baseline\"><span class=\"whitespace-normal\">Autodesk<\/span><\/span><br data-start=\"125\" data-end=\"128\" \/>\u2022 <strong data-start=\"130\" data-end=\"146\">Functions:<\/strong> 3D modell\u0259\u015fdirm\u0259, m\u0259hsul dizayn\u0131, simulyasiya, CAM istehsal al\u0259tl\u0259ri v\u0259 bulud \u0259sasl\u0131 \u0259m\u0259kda\u015fl\u0131q<br data-start=\"242\" data-end=\"245\" \/>\u2022 <strong data-start=\"247\" data-end=\"260\">Usage:<\/strong> M\u0259hsul dizayn\u0131, m\u00fch\u0259ndislik v\u0259 istehsal layih\u0259l\u0259rinin haz\u0131rlanmas\u0131 \u00fc\u00e7\u00fcn proqram.<\/p>","protected":false},"excerpt":{"rendered":"<p>\u2022 M\u0259hsul: Fusion\u2022 Kateqoriya: 3D CAD\/CAM dizayn proqram\u0131\u2022 Haz\u0131rlayan: Autodesk\u2022  [&#8230;]<\/p>","protected":false},"featured_media":11906,"comment_status":"open","ping_status":"closed","template":"","meta":[],"product_brand":[],"product_cat":[185],"product_tag":[],"class_list":{"0":"post-11905","1":"product","2":"type-product","3":"status-publish","4":"has-post-thumbnail","6":"product_cat-autodesk","7":"pa_mehsul-tipi-product-design-manufacturing","9":"first","10":"instock","11":"sold-individually","12":"shipping-taxable","13":"purchasable","14":"product-type-simple"},"_links":{"self":[{"href":"https:\/\/engitech.az\/en\/wp-json\/wp\/v2\/product\/11905","targetHints":{"allow":["GET"]}}],"collection":[{"href":"https:\/\/engitech.az\/en\/wp-json\/wp\/v2\/product"}],"about":[{"href":"https:\/\/engitech.az\/en\/wp-json\/wp\/v2\/types\/product"}],"replies":[{"embeddable":true,"href":"https:\/\/engitech.az\/en\/wp-json\/wp\/v2\/comments?post=11905"}],"wp:featuredmedia":[{"embeddable":true,"href":"https:\/\/engitech.az\/en\/wp-json\/wp\/v2\/media\/11906"}],"wp:attachment":[{"href":"https:\/\/engitech.az\/en\/wp-json\/wp\/v2\/media?parent=11905"}],"wp:term":[{"taxonomy":"product_brand","embeddable":true,"href":"https:\/\/engitech.az\/en\/wp-json\/wp\/v2\/product_brand?post=11905"},{"taxonomy":"product_cat","embeddable":true,"href":"https:\/\/engitech.az\/en\/wp-json\/wp\/v2\/product_cat?post=11905"},{"taxonomy":"product_tag","embeddable":true,"href":"https:\/\/engitech.az\/en\/wp-json\/wp\/v2\/product_tag?post=11905"}],"curies":[{"name":"wp","href":"https:\/\/api.w.org\/{rel}","templated":true}]}}