{"id":11907,"date":"2026-03-16T11:17:32","date_gmt":"2026-03-16T11:17:32","guid":{"rendered":"https:\/\/engitech.az\/?post_type=product&#038;p=11907"},"modified":"2026-03-16T11:17:32","modified_gmt":"2026-03-16T11:17:32","slug":"navisworks","status":"publish","type":"product","link":"https:\/\/engitech.az\/en\/product\/navisworks\/","title":{"rendered":"Navisworks"},"content":{"rendered":"<p>\u2022 <strong data-start=\"2\" data-end=\"13\">M\u0259hsul:<\/strong> Navisworks<br data-start=\"24\" data-end=\"27\" \/>\u2022 <strong data-start=\"29\" data-end=\"44\">Category:<\/strong> BIM model koordinasiya proqram\u0131<br data-start=\"76\" data-end=\"79\" \/>\u2022 <strong data-start=\"81\" data-end=\"96\">Haz\u0131rlayan:<\/strong> <span class=\"hover:entity-accent entity-underline inline cursor-pointer align-baseline\"><span class=\"whitespace-normal\">Autodesk<\/span><\/span><br data-start=\"134\" data-end=\"137\" \/>\u2022 <strong data-start=\"139\" data-end=\"155\">Functions:<\/strong> 3D model bax\u0131\u015f\u0131, model koordinasiyas\u0131, clash detection (toqqu\u015fma analizi), layih\u0259 simulyasiyas\u0131 v\u0259 layih\u0259 m\u0259lumatlar\u0131n\u0131n birl\u0259\u015fdirilm\u0259si<br data-start=\"292\" data-end=\"295\" \/>\u2022 <strong data-start=\"297\" data-end=\"310\">Usage:<\/strong> Memarl\u0131q, m\u00fch\u0259ndislik v\u0259 tikinti layih\u0259l\u0259rind\u0259 BIM modell\u0259rinin koordinasiyas\u0131 v\u0259 yoxlan\u0131lmas\u0131 \u00fc\u00e7\u00fcn proqram.<\/p>","protected":false},"excerpt":{"rendered":"<p>\u2022 M\u0259hsul: Navisworks\u2022 Kateqoriya: BIM model koordinasiya proqram\u0131\u2022 Haz\u0131rlayan: Autodesk\u2022  [&#8230;]<\/p>","protected":false},"featured_media":11908,"comment_status":"open","ping_status":"closed","template":"","meta":[],"product_brand":[],"product_cat":[185],"product_tag":[],"class_list":{"0":"post-11907","1":"product","2":"type-product","3":"status-publish","4":"has-post-thumbnail","6":"product_cat-autodesk","7":"pa_mehsul-tipi-product-design-manufacturing","9":"first","10":"instock","11":"sold-individually","12":"shipping-taxable","13":"purchasable","14":"product-type-simple"},"_links":{"self":[{"href":"https:\/\/engitech.az\/en\/wp-json\/wp\/v2\/product\/11907","targetHints":{"allow":["GET"]}}],"collection":[{"href":"https:\/\/engitech.az\/en\/wp-json\/wp\/v2\/product"}],"about":[{"href":"https:\/\/engitech.az\/en\/wp-json\/wp\/v2\/types\/product"}],"replies":[{"embeddable":true,"href":"https:\/\/engitech.az\/en\/wp-json\/wp\/v2\/comments?post=11907"}],"wp:featuredmedia":[{"embeddable":true,"href":"https:\/\/engitech.az\/en\/wp-json\/wp\/v2\/media\/11908"}],"wp:attachment":[{"href":"https:\/\/engitech.az\/en\/wp-json\/wp\/v2\/media?parent=11907"}],"wp:term":[{"taxonomy":"product_brand","embeddable":true,"href":"https:\/\/engitech.az\/en\/wp-json\/wp\/v2\/product_brand?post=11907"},{"taxonomy":"product_cat","embeddable":true,"href":"https:\/\/engitech.az\/en\/wp-json\/wp\/v2\/product_cat?post=11907"},{"taxonomy":"product_tag","embeddable":true,"href":"https:\/\/engitech.az\/en\/wp-json\/wp\/v2\/product_tag?post=11907"}],"curies":[{"name":"wp","href":"https:\/\/api.w.org\/{rel}","templated":true}]}}