{"id":11917,"date":"2026-03-16T11:28:47","date_gmt":"2026-03-16T11:28:47","guid":{"rendered":"https:\/\/engitech.az\/?post_type=product&#038;p=11917"},"modified":"2026-03-16T11:28:47","modified_gmt":"2026-03-16T11:28:47","slug":"maya","status":"publish","type":"product","link":"https:\/\/engitech.az\/en\/product\/maya\/","title":{"rendered":"Maya"},"content":{"rendered":"<p>\u2022 <strong data-start=\"2\" data-end=\"13\">M\u0259hsul:<\/strong> Maya<br data-start=\"18\" data-end=\"21\" \/>\u2022 <strong data-start=\"23\" data-end=\"38\">Category:<\/strong> 3D animasiya v\u0259 vizual effekt proqram\u0131<br data-start=\"77\" data-end=\"80\" \/>\u2022 <strong data-start=\"82\" data-end=\"97\">Haz\u0131rlayan:<\/strong> <span class=\"hover:entity-accent entity-underline inline cursor-pointer align-baseline\"><span class=\"whitespace-normal\">Autodesk<\/span><\/span><br data-start=\"135\" data-end=\"138\" \/>\u2022 <strong data-start=\"140\" data-end=\"156\">Functions:<\/strong> 3D modell\u0259\u015fdirm\u0259, animasiya, simulyasiya, vizual effektl\u0259r v\u0259 render<br data-start=\"225\" data-end=\"228\" \/>\u2022 <strong data-start=\"230\" data-end=\"243\">Usage:<\/strong> Film, animasiya, oyun v\u0259 vizual effekt layih\u0259l\u0259rinin yarad\u0131lmas\u0131 \u00fc\u00e7\u00fcn proqram.<\/p>","protected":false},"excerpt":{"rendered":"<p>\u2022 M\u0259hsul: Maya\u2022 Kateqoriya: 3D animasiya v\u0259 vizual effekt proqram\u0131\u2022  [&#8230;]<\/p>","protected":false},"featured_media":11918,"comment_status":"open","ping_status":"closed","template":"","meta":[],"product_brand":[],"product_cat":[185],"product_tag":[],"class_list":{"0":"post-11917","1":"product","2":"type-product","3":"status-publish","4":"has-post-thumbnail","6":"product_cat-autodesk","7":"pa_mehsul-tipi-media-entertainment","9":"first","10":"instock","11":"sold-individually","12":"shipping-taxable","13":"purchasable","14":"product-type-simple"},"_links":{"self":[{"href":"https:\/\/engitech.az\/en\/wp-json\/wp\/v2\/product\/11917","targetHints":{"allow":["GET"]}}],"collection":[{"href":"https:\/\/engitech.az\/en\/wp-json\/wp\/v2\/product"}],"about":[{"href":"https:\/\/engitech.az\/en\/wp-json\/wp\/v2\/types\/product"}],"replies":[{"embeddable":true,"href":"https:\/\/engitech.az\/en\/wp-json\/wp\/v2\/comments?post=11917"}],"wp:featuredmedia":[{"embeddable":true,"href":"https:\/\/engitech.az\/en\/wp-json\/wp\/v2\/media\/11918"}],"wp:attachment":[{"href":"https:\/\/engitech.az\/en\/wp-json\/wp\/v2\/media?parent=11917"}],"wp:term":[{"taxonomy":"product_brand","embeddable":true,"href":"https:\/\/engitech.az\/en\/wp-json\/wp\/v2\/product_brand?post=11917"},{"taxonomy":"product_cat","embeddable":true,"href":"https:\/\/engitech.az\/en\/wp-json\/wp\/v2\/product_cat?post=11917"},{"taxonomy":"product_tag","embeddable":true,"href":"https:\/\/engitech.az\/en\/wp-json\/wp\/v2\/product_tag?post=11917"}],"curies":[{"name":"wp","href":"https:\/\/api.w.org\/{rel}","templated":true}]}}