{"id":11919,"date":"2026-03-16T11:31:50","date_gmt":"2026-03-16T11:31:50","guid":{"rendered":"https:\/\/engitech.az\/?post_type=product&#038;p=11919"},"modified":"2026-03-16T11:31:50","modified_gmt":"2026-03-16T11:31:50","slug":"arnold","status":"publish","type":"product","link":"https:\/\/engitech.az\/en\/product\/arnold\/","title":{"rendered":"Arnold"},"content":{"rendered":"<p>\u2022 <strong data-start=\"2\" data-end=\"13\">M\u0259hsul:<\/strong> Arnold<br data-start=\"20\" data-end=\"23\" \/>\u2022 <strong data-start=\"25\" data-end=\"40\">Category:<\/strong> 3D render proqram\u0131<br data-start=\"59\" data-end=\"62\" \/>\u2022 <strong data-start=\"64\" data-end=\"79\">Haz\u0131rlayan:<\/strong> <span class=\"hover:entity-accent entity-underline inline cursor-pointer align-baseline\"><span class=\"whitespace-normal\">Autodesk<\/span><\/span><br data-start=\"117\" data-end=\"120\" \/>\u2022 <strong data-start=\"122\" data-end=\"138\">Functions:<\/strong> Photorealistic render, ray tracing, GPU v\u0259 CPU d\u0259st\u0259yi, vizual effekt v\u0259 animasiya layih\u0259l\u0259ri \u00fc\u00e7\u00fcn y\u00fcks\u0259k keyfiyy\u0259tli render<br data-start=\"263\" data-end=\"266\" \/>\u2022 <strong data-start=\"268\" data-end=\"281\">Usage:<\/strong> Film, animasiya, vizual effekt v\u0259 3D dizayn layih\u0259l\u0259rinin renderl\u0259nm\u0259si \u00fc\u00e7\u00fcn proqram.<\/p>","protected":false},"excerpt":{"rendered":"<p>\u2022 M\u0259hsul: Arnold\u2022 Kateqoriya: 3D render proqram\u0131\u2022 Haz\u0131rlayan: Autodesk\u2022 Funksiyalar:  [&#8230;]<\/p>","protected":false},"featured_media":11920,"comment_status":"open","ping_status":"closed","template":"","meta":[],"product_brand":[],"product_cat":[185],"product_tag":[],"class_list":{"0":"post-11919","1":"product","2":"type-product","3":"status-publish","4":"has-post-thumbnail","6":"product_cat-autodesk","7":"pa_mehsul-tipi-media-entertainment","9":"first","10":"instock","11":"sold-individually","12":"shipping-taxable","13":"purchasable","14":"product-type-simple"},"_links":{"self":[{"href":"https:\/\/engitech.az\/en\/wp-json\/wp\/v2\/product\/11919","targetHints":{"allow":["GET"]}}],"collection":[{"href":"https:\/\/engitech.az\/en\/wp-json\/wp\/v2\/product"}],"about":[{"href":"https:\/\/engitech.az\/en\/wp-json\/wp\/v2\/types\/product"}],"replies":[{"embeddable":true,"href":"https:\/\/engitech.az\/en\/wp-json\/wp\/v2\/comments?post=11919"}],"wp:featuredmedia":[{"embeddable":true,"href":"https:\/\/engitech.az\/en\/wp-json\/wp\/v2\/media\/11920"}],"wp:attachment":[{"href":"https:\/\/engitech.az\/en\/wp-json\/wp\/v2\/media?parent=11919"}],"wp:term":[{"taxonomy":"product_brand","embeddable":true,"href":"https:\/\/engitech.az\/en\/wp-json\/wp\/v2\/product_brand?post=11919"},{"taxonomy":"product_cat","embeddable":true,"href":"https:\/\/engitech.az\/en\/wp-json\/wp\/v2\/product_cat?post=11919"},{"taxonomy":"product_tag","embeddable":true,"href":"https:\/\/engitech.az\/en\/wp-json\/wp\/v2\/product_tag?post=11919"}],"curies":[{"name":"wp","href":"https:\/\/api.w.org\/{rel}","templated":true}]}}