{"id":11921,"date":"2026-03-16T11:39:34","date_gmt":"2026-03-16T11:39:34","guid":{"rendered":"https:\/\/engitech.az\/?post_type=product&#038;p=11921"},"modified":"2026-03-16T11:39:34","modified_gmt":"2026-03-16T11:39:34","slug":"flow-studio","status":"publish","type":"product","link":"https:\/\/engitech.az\/en\/product\/flow-studio\/","title":{"rendered":"Flow Studio"},"content":{"rendered":"<p>\u2022 <strong data-start=\"2\" data-end=\"13\">M\u0259hsul:<\/strong> Flow Studio<br data-start=\"25\" data-end=\"28\" \/>\u2022 <strong data-start=\"30\" data-end=\"45\">Category:<\/strong> Cloud\u2011\u0259sasl\u0131 AI 3D VFX v\u0259 animasiya al\u0259ti<br data-start=\"87\" data-end=\"90\" \/>\u2022 <strong data-start=\"92\" data-end=\"107\">Haz\u0131rlayan:<\/strong> <span class=\"hover:entity-accent entity-underline inline cursor-pointer align-baseline\"><span class=\"whitespace-normal\">Autodesk<\/span><\/span><br data-start=\"145\" data-end=\"148\" \/>\u2022 <strong data-start=\"150\" data-end=\"166\">Functions:<\/strong> AI il\u0259 canl\u0131 video kadrlar\u0131 redakt\u0259 edib <strong data-start=\"208\" data-end=\"233\">3D s\u0259hn\u0259l\u0259r\u0259 \u00e7evirm\u0259k<\/strong>, <strong data-start=\"235\" data-end=\"264\">markerless motion capture<\/strong>, kamera izl\u0259m\u0259, alfa maskalar\u0131 v\u0259 s\u0259hn\u0259 elementl\u0259rini avtomatik \u00e7\u0131xarma v\u0259 dig\u0259r 3D al\u0259tl\u0259r\u0259 (m\u0259s. Maya, Blender, Unreal) ixrac etm\u0259k imkanlar\u0131 <br data-start=\"446\" data-end=\"449\" \/>\u2022 <strong data-start=\"451\" data-end=\"464\">Usage:<\/strong> Film v\u0259 animasiya vizualla\u015fd\u0131rmas\u0131, VFX layih\u0259l\u0259ri, 3D animasiya v\u0259 yarad\u0131c\u0131 film istehsal\u0131 \u00fc\u00e7\u00fcn proqram<\/p>","protected":false},"excerpt":{"rendered":"<p>\u2022 M\u0259hsul: Flow Studio\u2022 Kateqoriya: Cloud\u2011\u0259sasl\u0131 AI 3D VFX v\u0259  [&#8230;]<\/p>","protected":false},"featured_media":11922,"comment_status":"open","ping_status":"closed","template":"","meta":[],"product_brand":[],"product_cat":[185],"product_tag":[],"class_list":{"0":"post-11921","1":"product","2":"type-product","3":"status-publish","4":"has-post-thumbnail","6":"product_cat-autodesk","7":"pa_mehsul-tipi-media-entertainment","9":"first","10":"instock","11":"sold-individually","12":"shipping-taxable","13":"purchasable","14":"product-type-simple"},"_links":{"self":[{"href":"https:\/\/engitech.az\/en\/wp-json\/wp\/v2\/product\/11921","targetHints":{"allow":["GET"]}}],"collection":[{"href":"https:\/\/engitech.az\/en\/wp-json\/wp\/v2\/product"}],"about":[{"href":"https:\/\/engitech.az\/en\/wp-json\/wp\/v2\/types\/product"}],"replies":[{"embeddable":true,"href":"https:\/\/engitech.az\/en\/wp-json\/wp\/v2\/comments?post=11921"}],"wp:featuredmedia":[{"embeddable":true,"href":"https:\/\/engitech.az\/en\/wp-json\/wp\/v2\/media\/11922"}],"wp:attachment":[{"href":"https:\/\/engitech.az\/en\/wp-json\/wp\/v2\/media?parent=11921"}],"wp:term":[{"taxonomy":"product_brand","embeddable":true,"href":"https:\/\/engitech.az\/en\/wp-json\/wp\/v2\/product_brand?post=11921"},{"taxonomy":"product_cat","embeddable":true,"href":"https:\/\/engitech.az\/en\/wp-json\/wp\/v2\/product_cat?post=11921"},{"taxonomy":"product_tag","embeddable":true,"href":"https:\/\/engitech.az\/en\/wp-json\/wp\/v2\/product_tag?post=11921"}],"curies":[{"name":"wp","href":"https:\/\/api.w.org\/{rel}","templated":true}]}}