{"id":11923,"date":"2026-03-16T11:42:07","date_gmt":"2026-03-16T11:42:07","guid":{"rendered":"https:\/\/engitech.az\/?post_type=product&#038;p=11923"},"modified":"2026-03-16T11:42:08","modified_gmt":"2026-03-16T11:42:08","slug":"flow-production-tracking","status":"publish","type":"product","link":"https:\/\/engitech.az\/en\/product\/flow-production-tracking\/","title":{"rendered":"Flow Production Tracking"},"content":{"rendered":"<p>\u2022 <strong data-start=\"2\" data-end=\"13\">M\u0259hsul:<\/strong> Flow Production Tracking<br data-start=\"38\" data-end=\"41\" \/>\u2022 <strong data-start=\"43\" data-end=\"58\">Category:<\/strong> Bulud \u0259sasl\u0131 istehsal v\u0259 layih\u0259 izleme platformas\u0131<br data-start=\"109\" data-end=\"112\" \/>\u2022 <strong data-start=\"114\" data-end=\"129\">Haz\u0131rlayan:<\/strong> Autodesk<br data-start=\"138\" data-end=\"141\" \/>\u2022 <strong data-start=\"143\" data-end=\"159\">Functions:<\/strong> \u0130\u015f ax\u0131n\u0131 idar\u0259etm\u0259si, resurs v\u0259 tap\u015f\u0131r\u0131q izl\u0259m\u0259, layih\u0259 komandas\u0131n\u0131n \u0259m\u0259kda\u015fl\u0131\u011f\u0131 v\u0259 istehsal prosesl\u0259rinin optimalla\u015fd\u0131r\u0131lmas\u0131<br data-start=\"286\" data-end=\"289\" \/>\u2022 <strong data-start=\"291\" data-end=\"304\">Usage:<\/strong> Mavi yakal\u0131 komanda koordinasiyas\u0131, istehsal layih\u0259l\u0259ri, film v\u0259 media istehsal\u0131 \u00fc\u00e7\u00fcn \u0259m\u0259liyyat izl\u0259m\u0259 v\u0259 idar\u0259etm\u0259 proqram\u0131.<\/p>","protected":false},"excerpt":{"rendered":"<p>\u2022 M\u0259hsul: Flow Production Tracking\u2022 Kateqoriya: Bulud \u0259sasl\u0131 istehsal v\u0259  [&#8230;]<\/p>","protected":false},"featured_media":11924,"comment_status":"open","ping_status":"closed","template":"","meta":[],"product_brand":[],"product_cat":[185],"product_tag":[],"class_list":{"0":"post-11923","1":"product","2":"type-product","3":"status-publish","4":"has-post-thumbnail","6":"product_cat-autodesk","7":"pa_mehsul-tipi-media-entertainment","9":"first","10":"instock","11":"sold-individually","12":"shipping-taxable","13":"purchasable","14":"product-type-simple"},"_links":{"self":[{"href":"https:\/\/engitech.az\/en\/wp-json\/wp\/v2\/product\/11923","targetHints":{"allow":["GET"]}}],"collection":[{"href":"https:\/\/engitech.az\/en\/wp-json\/wp\/v2\/product"}],"about":[{"href":"https:\/\/engitech.az\/en\/wp-json\/wp\/v2\/types\/product"}],"replies":[{"embeddable":true,"href":"https:\/\/engitech.az\/en\/wp-json\/wp\/v2\/comments?post=11923"}],"wp:featuredmedia":[{"embeddable":true,"href":"https:\/\/engitech.az\/en\/wp-json\/wp\/v2\/media\/11924"}],"wp:attachment":[{"href":"https:\/\/engitech.az\/en\/wp-json\/wp\/v2\/media?parent=11923"}],"wp:term":[{"taxonomy":"product_brand","embeddable":true,"href":"https:\/\/engitech.az\/en\/wp-json\/wp\/v2\/product_brand?post=11923"},{"taxonomy":"product_cat","embeddable":true,"href":"https:\/\/engitech.az\/en\/wp-json\/wp\/v2\/product_cat?post=11923"},{"taxonomy":"product_tag","embeddable":true,"href":"https:\/\/engitech.az\/en\/wp-json\/wp\/v2\/product_tag?post=11923"}],"curies":[{"name":"wp","href":"https:\/\/api.w.org\/{rel}","templated":true}]}}