{"id":11955,"date":"2026-03-17T06:24:08","date_gmt":"2026-03-17T06:24:08","guid":{"rendered":"https:\/\/engitech.az\/?post_type=product&#038;p=11955"},"modified":"2026-03-17T06:24:08","modified_gmt":"2026-03-17T06:24:08","slug":"vertiv-trinergy-ups-1500-kw-ce-400v-3-phase-modular-large-ups","status":"publish","type":"product","link":"https:\/\/engitech.az\/en\/product\/vertiv-trinergy-ups-1500-kw-ce-400v-3-phase-modular-large-ups\/","title":{"rendered":"Vertiv\u2122 Trinergy\u2122 UPS 1500 kW CE 400V 3-Phase Modular Large UPS"},"content":{"rendered":"<p>\u2022 <strong data-start=\"2\" data-end=\"13\">M\u0259hsul:<\/strong> Vertiv\u2122 Trinergy\u2122 UPS 1500 kW 400V 3-Fazal\u0131<br data-start=\"57\" data-end=\"60\" \/>\u2022 <strong data-start=\"62\" data-end=\"77\">Category:<\/strong> Modul UPS enerji sistemi<br data-start=\"102\" data-end=\"105\" \/>\u2022 <strong data-start=\"107\" data-end=\"122\">Haz\u0131rlayan:<\/strong> Vertiv<br data-start=\"129\" data-end=\"132\" \/>\u2022 <strong data-start=\"134\" data-end=\"150\">Functions:<\/strong> 1500 kW g\u00fcc, 3-fazal\u0131, modul dizayn, y\u00fcks\u0259k effektivlik (~99%)<br data-start=\"213\" data-end=\"216\" \/>\u2022 <strong data-start=\"218\" data-end=\"231\">Usage:<\/strong> Data m\u0259rk\u0259zl\u0259ri v\u0259 s\u0259naye \u00fc\u00e7\u00fcn fasil\u0259siz enerji t\u0259minat\u0131.<\/p>","protected":false},"excerpt":{"rendered":"<p>\u2022 M\u0259hsul: Vertiv\u2122 Trinergy\u2122 UPS 1500 kW 400V 3-Fazal\u0131\u2022 Kateqoriya:  [&#8230;]<\/p>","protected":false},"featured_media":11956,"comment_status":"open","ping_status":"closed","template":"","meta":[],"product_brand":[],"product_cat":[196],"product_tag":[],"class_list":{"0":"post-11955","1":"product","2":"type-product","3":"status-publish","4":"has-post-thumbnail","6":"product_cat-vertiv","7":"pa_mehsul-tipi-uninterruptible-power-supplies-ups","9":"first","10":"instock","11":"sold-individually","12":"shipping-taxable","13":"purchasable","14":"product-type-simple"},"_links":{"self":[{"href":"https:\/\/engitech.az\/en\/wp-json\/wp\/v2\/product\/11955","targetHints":{"allow":["GET"]}}],"collection":[{"href":"https:\/\/engitech.az\/en\/wp-json\/wp\/v2\/product"}],"about":[{"href":"https:\/\/engitech.az\/en\/wp-json\/wp\/v2\/types\/product"}],"replies":[{"embeddable":true,"href":"https:\/\/engitech.az\/en\/wp-json\/wp\/v2\/comments?post=11955"}],"wp:featuredmedia":[{"embeddable":true,"href":"https:\/\/engitech.az\/en\/wp-json\/wp\/v2\/media\/11956"}],"wp:attachment":[{"href":"https:\/\/engitech.az\/en\/wp-json\/wp\/v2\/media?parent=11955"}],"wp:term":[{"taxonomy":"product_brand","embeddable":true,"href":"https:\/\/engitech.az\/en\/wp-json\/wp\/v2\/product_brand?post=11955"},{"taxonomy":"product_cat","embeddable":true,"href":"https:\/\/engitech.az\/en\/wp-json\/wp\/v2\/product_cat?post=11955"},{"taxonomy":"product_tag","embeddable":true,"href":"https:\/\/engitech.az\/en\/wp-json\/wp\/v2\/product_tag?post=11955"}],"curies":[{"name":"wp","href":"https:\/\/api.w.org\/{rel}","templated":true}]}}