{"id":11957,"date":"2026-03-17T06:27:06","date_gmt":"2026-03-17T06:27:06","guid":{"rendered":"https:\/\/engitech.az\/?post_type=product&#038;p=11957"},"modified":"2026-03-17T06:27:07","modified_gmt":"2026-03-17T06:27:07","slug":"vertiv-powerups-9000-400v","status":"publish","type":"product","link":"https:\/\/engitech.az\/en\/product\/vertiv-powerups-9000-400v\/","title":{"rendered":"Vertiv\u2122 PowerUPS 9000 400V"},"content":{"rendered":"<div class=\"flex flex-col text-sm pb-25\">\n<article class=\"text-token-text-primary w-full focus:outline-none [--shadow-height:45px] has-data-writing-block:pointer-events-none has-data-writing-block:-mt-(--shadow-height) has-data-writing-block:pt-(--shadow-height) [&amp;:has([data-writing-block])&gt;*]:pointer-events-auto scroll-mt-(--header-height)\" dir=\"auto\" tabindex=\"-1\" data-turn-id=\"f393d637-640f-4468-8ef9-3fc8113db198\" data-testid=\"conversation-turn-47\" data-scroll-anchor=\"false\" data-turn=\"user\"><\/article>\n<article class=\"text-token-text-primary w-full focus:outline-none [--shadow-height:45px] has-data-writing-block:pointer-events-none has-data-writing-block:-mt-(--shadow-height) has-data-writing-block:pt-(--shadow-height) [&amp;:has([data-writing-block])&gt;*]:pointer-events-auto scroll-mt-[calc(var(--header-height)+min(200px,max(70px,20svh)))]\" dir=\"auto\" tabindex=\"-1\" data-turn-id=\"request-WEB:defcb49f-4faa-494a-9b71-6b7fb82466d1-23\" data-testid=\"conversation-turn-48\" data-scroll-anchor=\"true\" data-turn=\"assistant\">\n<div class=\"text-base my-auto mx-auto pb-10 [--thread-content-margin:var(--thread-content-margin-xs,calc(var(--spacing)*4))] @w-sm\/main:[--thread-content-margin:var(--thread-content-margin-sm,calc(var(--spacing)*6))] @w-lg\/main:[--thread-content-margin:var(--thread-content-margin-lg,calc(var(--spacing)*16))] px-(--thread-content-margin)\">\n<div class=\"[--thread-content-max-width:40rem] @w-lg\/main:[--thread-content-max-width:48rem] mx-auto max-w-(--thread-content-max-width) flex-1 group\/turn-messages focus-visible:outline-hidden relative flex w-full min-w-0 flex-col agent-turn\" tabindex=\"-1\">\n<div class=\"flex max-w-full flex-col gap-4 grow\">\n<div class=\"min-h-8 text-message relative flex w-full flex-col items-end gap-2 text-start break-words whitespace-normal [.text-message+&amp;]:mt-1\" dir=\"auto\" data-message-author-role=\"assistant\" data-message-id=\"05957663-31af-4c6d-836f-996ca236dbdc\" data-message-model-slug=\"gpt-5-3\">\n<div class=\"flex w-full flex-col gap-1 empty:hidden\">\n<div class=\"markdown prose dark:prose-invert w-full wrap-break-word dark markdown-new-styling\">\n<p data-start=\"0\" data-end=\"441\">\u2022 <strong data-start=\"2\" data-end=\"13\">M\u0259hsul:<\/strong> Vertiv\u2122 PowerUPS 9000 400V<br data-start=\"40\" data-end=\"43\" \/>\u2022 <strong data-start=\"45\" data-end=\"60\">Category:<\/strong> Modul 3-fazal\u0131 UPS enerji sistemi<br data-start=\"94\" data-end=\"97\" \/>\u2022 <strong data-start=\"99\" data-end=\"114\">Haz\u0131rlayan:<\/strong> Vertiv<br data-start=\"121\" data-end=\"124\" \/>\u2022 <strong data-start=\"126\" data-end=\"142\">Functions:<\/strong> 400 V sistem, modul dizayn, 250-1250 kW g\u00fcc aral\u0131\u011f\u0131, y\u00fcks\u0259k effektivlik (\u224897.5% \u2013 99%), double-conversion texnologiyas\u0131 <br data-start=\"300\" data-end=\"303\" \/>\u2022 <strong data-start=\"305\" data-end=\"318\">Usage:<\/strong> Data m\u0259rk\u0259zl\u0259ri, y\u00fcks\u0259k y\u00fckl\u00fc IT v\u0259 s\u0259naye sisteml\u0259ri \u00fc\u00e7\u00fcn fasil\u0259siz enerji t\u0259minat\u0131<\/p>\n<\/div>\n<\/div>\n<\/div>\n<\/div>\n<div class=\"z-0 flex min-h-[46px] justify-start\"><\/div>\n<div class=\"mt-3 w-full empty:hidden\">\n<div class=\"text-center\"><\/div>\n<\/div>\n<\/div>\n<\/div>\n<\/article>\n<\/div>\n<div class=\"pointer-events-none h-px w-px absolute bottom-0\" aria-hidden=\"true\" data-edge=\"true\"><\/div>","protected":false},"excerpt":{"rendered":"<p>\u2022 M\u0259hsul: Vertiv\u2122 PowerUPS 9000 400V\u2022 Kateqoriya: Modul 3-fazal\u0131 UPS  [&#8230;]<\/p>","protected":false},"featured_media":11958,"comment_status":"open","ping_status":"closed","template":"","meta":[],"product_brand":[],"product_cat":[196],"product_tag":[],"class_list":{"0":"post-11957","1":"product","2":"type-product","3":"status-publish","4":"has-post-thumbnail","6":"product_cat-vertiv","7":"pa_mehsul-tipi-uninterruptible-power-supplies-ups","9":"first","10":"instock","11":"sold-individually","12":"shipping-taxable","13":"purchasable","14":"product-type-simple"},"_links":{"self":[{"href":"https:\/\/engitech.az\/en\/wp-json\/wp\/v2\/product\/11957","targetHints":{"allow":["GET"]}}],"collection":[{"href":"https:\/\/engitech.az\/en\/wp-json\/wp\/v2\/product"}],"about":[{"href":"https:\/\/engitech.az\/en\/wp-json\/wp\/v2\/types\/product"}],"replies":[{"embeddable":true,"href":"https:\/\/engitech.az\/en\/wp-json\/wp\/v2\/comments?post=11957"}],"wp:featuredmedia":[{"embeddable":true,"href":"https:\/\/engitech.az\/en\/wp-json\/wp\/v2\/media\/11958"}],"wp:attachment":[{"href":"https:\/\/engitech.az\/en\/wp-json\/wp\/v2\/media?parent=11957"}],"wp:term":[{"taxonomy":"product_brand","embeddable":true,"href":"https:\/\/engitech.az\/en\/wp-json\/wp\/v2\/product_brand?post=11957"},{"taxonomy":"product_cat","embeddable":true,"href":"https:\/\/engitech.az\/en\/wp-json\/wp\/v2\/product_cat?post=11957"},{"taxonomy":"product_tag","embeddable":true,"href":"https:\/\/engitech.az\/en\/wp-json\/wp\/v2\/product_tag?post=11957"}],"curies":[{"name":"wp","href":"https:\/\/api.w.org\/{rel}","templated":true}]}}