{"id":11968,"date":"2026-03-17T07:34:58","date_gmt":"2026-03-17T07:34:58","guid":{"rendered":"https:\/\/engitech.az\/?post_type=product&#038;p=11968"},"modified":"2026-03-17T07:34:58","modified_gmt":"2026-03-17T07:34:58","slug":"liebert-nxc-30-kva","status":"publish","type":"product","link":"https:\/\/engitech.az\/en\/product\/liebert-nxc-30-kva\/","title":{"rendered":"Liebert NXC 30 kVA"},"content":{"rendered":"<p>\u2022 <strong data-start=\"2\" data-end=\"13\">M\u0259hsul:<\/strong> Vertiv\u2122 Liebert\u00ae NXC 30 kVA<br data-start=\"41\" data-end=\"44\" \/>\u2022 <strong data-start=\"46\" data-end=\"61\">Category:<\/strong> Online UPS (fasil\u0259siz enerji m\u0259nb\u0259yi)<br data-start=\"99\" data-end=\"102\" \/>\u2022 <strong data-start=\"104\" data-end=\"119\">Haz\u0131rlayan:<\/strong> Vertiv<br data-start=\"126\" data-end=\"129\" \/>\u2022 <strong data-start=\"131\" data-end=\"147\">Functions:<\/strong> 30\u202fkVA g\u00fcc, <strong data-start=\"160\" data-end=\"181\">double\u2011conversion<\/strong> texnologiyas\u0131 il\u0259 sabit enerji t\u0259minat\u0131, y\u00fcks\u0259k s\u0259m\u0259r\u0259lilik, LCD idar\u0259etm\u0259 paneli, m\u00fcxt\u0259lif konfiqurasiyalar<br data-start=\"290\" data-end=\"293\" \/>\u2022 <strong data-start=\"295\" data-end=\"308\">Usage:<\/strong> Server otaqlar\u0131, data m\u0259rk\u0259zl\u0259ri v\u0259 kritik IT \/ s\u0259naye sisteml\u0259ri \u00fc\u00e7\u00fcn fasil\u0259siz enerji t\u0259minat\u0131.<\/p>","protected":false},"excerpt":{"rendered":"<p>\u2022 M\u0259hsul: Vertiv\u2122 Liebert\u00ae NXC 30 kVA\u2022 Kateqoriya: Online UPS  [&#8230;]<\/p>","protected":false},"featured_media":11969,"comment_status":"open","ping_status":"closed","template":"","meta":[],"product_brand":[],"product_cat":[196],"product_tag":[],"class_list":{"0":"post-11968","1":"product","2":"type-product","3":"status-publish","4":"has-post-thumbnail","6":"product_cat-vertiv","7":"pa_mehsul-tipi-uninterruptible-power-supplies-ups","9":"first","10":"instock","11":"sold-individually","12":"shipping-taxable","13":"purchasable","14":"product-type-simple"},"_links":{"self":[{"href":"https:\/\/engitech.az\/en\/wp-json\/wp\/v2\/product\/11968","targetHints":{"allow":["GET"]}}],"collection":[{"href":"https:\/\/engitech.az\/en\/wp-json\/wp\/v2\/product"}],"about":[{"href":"https:\/\/engitech.az\/en\/wp-json\/wp\/v2\/types\/product"}],"replies":[{"embeddable":true,"href":"https:\/\/engitech.az\/en\/wp-json\/wp\/v2\/comments?post=11968"}],"wp:featuredmedia":[{"embeddable":true,"href":"https:\/\/engitech.az\/en\/wp-json\/wp\/v2\/media\/11969"}],"wp:attachment":[{"href":"https:\/\/engitech.az\/en\/wp-json\/wp\/v2\/media?parent=11968"}],"wp:term":[{"taxonomy":"product_brand","embeddable":true,"href":"https:\/\/engitech.az\/en\/wp-json\/wp\/v2\/product_brand?post=11968"},{"taxonomy":"product_cat","embeddable":true,"href":"https:\/\/engitech.az\/en\/wp-json\/wp\/v2\/product_cat?post=11968"},{"taxonomy":"product_tag","embeddable":true,"href":"https:\/\/engitech.az\/en\/wp-json\/wp\/v2\/product_tag?post=11968"}],"curies":[{"name":"wp","href":"https:\/\/api.w.org\/{rel}","templated":true}]}}