{"id":11970,"date":"2026-03-17T07:38:33","date_gmt":"2026-03-17T07:38:33","guid":{"rendered":"https:\/\/engitech.az\/?post_type=product&#038;p=11970"},"modified":"2026-03-17T07:38:33","modified_gmt":"2026-03-17T07:38:33","slug":"liebert-psa500mt3-230u","status":"publish","type":"product","link":"https:\/\/engitech.az\/en\/product\/liebert-psa500mt3-230u\/","title":{"rendered":"Liebert PSA500MT3-230U"},"content":{"rendered":"<p>\u2022 <strong data-start=\"2\" data-end=\"13\">M\u0259hsul:<\/strong> <strong data-start=\"14\" data-end=\"48\">Vertiv\u2122 Liebert PSA500MT3\u2011230U<\/strong><br data-start=\"48\" data-end=\"51\" \/>\u2022 <strong data-start=\"53\" data-end=\"68\">Category:<\/strong> Line\u2011interactive UPS (fasil\u0259siz enerji m\u0259nb\u0259yi)<br data-start=\"116\" data-end=\"119\" \/>\u2022 <strong data-start=\"121\" data-end=\"136\">Haz\u0131rlayan:<\/strong> Vertiv<br data-start=\"143\" data-end=\"146\" \/>\u2022 <strong data-start=\"148\" data-end=\"164\">Functions:<\/strong> 500\u202fVA g\u00fcc, AVR (avtomatik g\u0259rginlik t\u0259nziml\u0259yicisi), 230\u202fV \u00e7\u0131x\u0131\u015f, enerji qorunmas\u0131 v\u0259 q\u0131sa gecikm\u0259<br data-start=\"264\" data-end=\"267\" \/>\u2022 <strong data-start=\"269\" data-end=\"282\">Usage:<\/strong> Komp\u00fcterl\u0259r, ofis v\u0259 ki\u00e7ik IT avadanl\u0131qlar\u0131 \u00fc\u00e7\u00fcn enerji ehtiyat\u0131 v\u0259 qorunmas\u0131.<\/p>","protected":false},"excerpt":{"rendered":"<p>\u2022 M\u0259hsul: Vertiv\u2122 Liebert PSA500MT3\u2011230U\u2022 Kateqoriya: Line\u2011interactive UPS (fasil\u0259siz enerji  [&#8230;]<\/p>","protected":false},"featured_media":11971,"comment_status":"open","ping_status":"closed","template":"","meta":[],"product_brand":[],"product_cat":[196],"product_tag":[],"class_list":{"0":"post-11970","1":"product","2":"type-product","3":"status-publish","4":"has-post-thumbnail","6":"product_cat-vertiv","7":"pa_mehsul-tipi-uninterruptible-power-supplies-ups","9":"first","10":"instock","11":"sold-individually","12":"shipping-taxable","13":"purchasable","14":"product-type-simple"},"_links":{"self":[{"href":"https:\/\/engitech.az\/en\/wp-json\/wp\/v2\/product\/11970","targetHints":{"allow":["GET"]}}],"collection":[{"href":"https:\/\/engitech.az\/en\/wp-json\/wp\/v2\/product"}],"about":[{"href":"https:\/\/engitech.az\/en\/wp-json\/wp\/v2\/types\/product"}],"replies":[{"embeddable":true,"href":"https:\/\/engitech.az\/en\/wp-json\/wp\/v2\/comments?post=11970"}],"wp:featuredmedia":[{"embeddable":true,"href":"https:\/\/engitech.az\/en\/wp-json\/wp\/v2\/media\/11971"}],"wp:attachment":[{"href":"https:\/\/engitech.az\/en\/wp-json\/wp\/v2\/media?parent=11970"}],"wp:term":[{"taxonomy":"product_brand","embeddable":true,"href":"https:\/\/engitech.az\/en\/wp-json\/wp\/v2\/product_brand?post=11970"},{"taxonomy":"product_cat","embeddable":true,"href":"https:\/\/engitech.az\/en\/wp-json\/wp\/v2\/product_cat?post=11970"},{"taxonomy":"product_tag","embeddable":true,"href":"https:\/\/engitech.az\/en\/wp-json\/wp\/v2\/product_tag?post=11970"}],"curies":[{"name":"wp","href":"https:\/\/api.w.org\/{rel}","templated":true}]}}