{"id":11972,"date":"2026-03-17T07:42:20","date_gmt":"2026-03-17T07:42:20","guid":{"rendered":"https:\/\/engitech.az\/?post_type=product&#038;p=11972"},"modified":"2026-03-17T07:42:20","modified_gmt":"2026-03-17T07:42:20","slug":"liebert-hipulse-u-80kva","status":"publish","type":"product","link":"https:\/\/engitech.az\/en\/product\/liebert-hipulse-u-80kva\/","title":{"rendered":"Liebert Hipulse-U 80kVA"},"content":{"rendered":"<p><strong data-start=\"2\" data-end=\"13\">M\u0259hsul:<\/strong> Vertiv\u2122 Liebert\u00ae Hipulse\u2011U 80\u202fkVA<br data-start=\"47\" data-end=\"50\" \/>\u2022 <strong data-start=\"52\" data-end=\"67\">Category:<\/strong> Online UPS (fasil\u0259siz enerji m\u0259nb\u0259yi)<br data-start=\"105\" data-end=\"108\" \/>\u2022 <strong data-start=\"110\" data-end=\"125\">Haz\u0131rlayan:<\/strong> Vertiv<br data-start=\"132\" data-end=\"135\" \/>\u2022 <strong data-start=\"137\" data-end=\"153\">Functions:<\/strong> 80\u202fkVA g\u00fcc, <strong data-start=\"166\" data-end=\"187\">double\u2011conversion<\/strong> texnologiyas\u0131, y\u00fcks\u0259k etibarl\u0131l\u0131q v\u0259 s\u0259m\u0259r\u0259lilik, LCD idar\u0259etm\u0259 paneli<br data-start=\"258\" data-end=\"261\" \/>\u2022 <strong data-start=\"263\" data-end=\"276\">Usage:<\/strong> Server otaqlar\u0131, data m\u0259rk\u0259zl\u0259ri v\u0259 kritik IT\/s\u0259naye sisteml\u0259ri \u00fc\u00e7\u00fcn fasil\u0259siz enerji t\u0259minat\u0131.<\/p>","protected":false},"excerpt":{"rendered":"<p>M\u0259hsul: Vertiv\u2122 Liebert\u00ae Hipulse\u2011U 80\u202fkVA\u2022 Kateqoriya: Online UPS (fasil\u0259siz enerji  [&#8230;]<\/p>","protected":false},"featured_media":11973,"comment_status":"open","ping_status":"closed","template":"","meta":[],"product_brand":[],"product_cat":[196],"product_tag":[],"class_list":{"0":"post-11972","1":"product","2":"type-product","3":"status-publish","4":"has-post-thumbnail","6":"product_cat-vertiv","7":"pa_mehsul-tipi-uninterruptible-power-supplies-ups","9":"first","10":"instock","11":"sold-individually","12":"shipping-taxable","13":"purchasable","14":"product-type-simple"},"_links":{"self":[{"href":"https:\/\/engitech.az\/en\/wp-json\/wp\/v2\/product\/11972","targetHints":{"allow":["GET"]}}],"collection":[{"href":"https:\/\/engitech.az\/en\/wp-json\/wp\/v2\/product"}],"about":[{"href":"https:\/\/engitech.az\/en\/wp-json\/wp\/v2\/types\/product"}],"replies":[{"embeddable":true,"href":"https:\/\/engitech.az\/en\/wp-json\/wp\/v2\/comments?post=11972"}],"wp:featuredmedia":[{"embeddable":true,"href":"https:\/\/engitech.az\/en\/wp-json\/wp\/v2\/media\/11973"}],"wp:attachment":[{"href":"https:\/\/engitech.az\/en\/wp-json\/wp\/v2\/media?parent=11972"}],"wp:term":[{"taxonomy":"product_brand","embeddable":true,"href":"https:\/\/engitech.az\/en\/wp-json\/wp\/v2\/product_brand?post=11972"},{"taxonomy":"product_cat","embeddable":true,"href":"https:\/\/engitech.az\/en\/wp-json\/wp\/v2\/product_cat?post=11972"},{"taxonomy":"product_tag","embeddable":true,"href":"https:\/\/engitech.az\/en\/wp-json\/wp\/v2\/product_tag?post=11972"}],"curies":[{"name":"wp","href":"https:\/\/api.w.org\/{rel}","templated":true}]}}