{"id":11974,"date":"2026-03-17T08:22:18","date_gmt":"2026-03-17T08:22:18","guid":{"rendered":"https:\/\/engitech.az\/?post_type=product&#038;p=11974"},"modified":"2026-03-17T08:22:19","modified_gmt":"2026-03-17T08:22:19","slug":"liebert-aps-fp-10zm-5-20-kva","status":"publish","type":"product","link":"https:\/\/engitech.az\/en\/product\/liebert-aps-fp-10zm-5-20-kva\/","title":{"rendered":"Liebert APS\/FP-10ZM, 5-20 kVA"},"content":{"rendered":"<p>\u2022 <strong data-start=\"2\" data-end=\"13\">M\u0259hsul:<\/strong> <strong data-start=\"14\" data-end=\"59\">Vertiv\u2122 Liebert\u00ae APS\/FP\u201110ZM 5\u201120 kVA UPS<\/strong><br data-start=\"59\" data-end=\"62\" \/>\u2022 <strong data-start=\"64\" data-end=\"79\">Category:<\/strong> Modul <strong data-start=\"86\" data-end=\"100\">online UPS<\/strong> (fasil\u0259siz enerji m\u0259nb\u0259yi)<br data-start=\"127\" data-end=\"130\" \/>\u2022 <strong data-start=\"132\" data-end=\"147\">Haz\u0131rlayan:<\/strong> Vertiv<br data-start=\"154\" data-end=\"157\" \/>\u2022 <strong data-start=\"159\" data-end=\"175\">Functions:<\/strong> 5\u201120\u202fkVA g\u00fcc diapazonu, <strong data-start=\"200\" data-end=\"228\">double\u2011conversion online<\/strong> enerji qorunmas\u0131, <strong data-start=\"247\" data-end=\"263\">modul dizayn<\/strong> il\u0259 \u00e7evik g\u00fcc geni\u015fl\u0259nm\u0259si, hot\u2011swappable modullar v\u0259 y\u00fcks\u0259k s\u0259m\u0259r\u0259lilik (~92\u202f%) <br data-start=\"382\" data-end=\"385\" \/>\u2022 <strong data-start=\"387\" data-end=\"400\">Usage:<\/strong> Serverl\u0259r, \u015f\u0259b\u0259k\u0259 avadanl\u0131qlar\u0131 v\u0259 dig\u0259r kritik sisteml\u0259r \u00fc\u00e7\u00fcn etibarl\u0131 enerji t\u0259minat\u0131.<\/p>","protected":false},"excerpt":{"rendered":"<p>\u2022 M\u0259hsul: Vertiv\u2122 Liebert\u00ae APS\/FP\u201110ZM 5\u201120 kVA UPS\u2022 Kateqoriya: Modul  [&#8230;]<\/p>","protected":false},"featured_media":11975,"comment_status":"open","ping_status":"closed","template":"","meta":[],"product_brand":[],"product_cat":[196],"product_tag":[],"class_list":{"0":"post-11974","1":"product","2":"type-product","3":"status-publish","4":"has-post-thumbnail","6":"product_cat-vertiv","7":"pa_mehsul-tipi-uninterruptible-power-supplies-ups","9":"first","10":"instock","11":"sold-individually","12":"shipping-taxable","13":"purchasable","14":"product-type-simple"},"_links":{"self":[{"href":"https:\/\/engitech.az\/en\/wp-json\/wp\/v2\/product\/11974","targetHints":{"allow":["GET"]}}],"collection":[{"href":"https:\/\/engitech.az\/en\/wp-json\/wp\/v2\/product"}],"about":[{"href":"https:\/\/engitech.az\/en\/wp-json\/wp\/v2\/types\/product"}],"replies":[{"embeddable":true,"href":"https:\/\/engitech.az\/en\/wp-json\/wp\/v2\/comments?post=11974"}],"wp:featuredmedia":[{"embeddable":true,"href":"https:\/\/engitech.az\/en\/wp-json\/wp\/v2\/media\/11975"}],"wp:attachment":[{"href":"https:\/\/engitech.az\/en\/wp-json\/wp\/v2\/media?parent=11974"}],"wp:term":[{"taxonomy":"product_brand","embeddable":true,"href":"https:\/\/engitech.az\/en\/wp-json\/wp\/v2\/product_brand?post=11974"},{"taxonomy":"product_cat","embeddable":true,"href":"https:\/\/engitech.az\/en\/wp-json\/wp\/v2\/product_cat?post=11974"},{"taxonomy":"product_tag","embeddable":true,"href":"https:\/\/engitech.az\/en\/wp-json\/wp\/v2\/product_tag?post=11974"}],"curies":[{"name":"wp","href":"https:\/\/api.w.org\/{rel}","templated":true}]}}