{"id":11976,"date":"2026-03-17T10:36:09","date_gmt":"2026-03-17T10:36:09","guid":{"rendered":"https:\/\/engitech.az\/?post_type=product&#038;p=11976"},"modified":"2026-03-17T10:36:09","modified_gmt":"2026-03-17T10:36:09","slug":"vertiv-powerups-6000-industrial-ups-6-40kva-1-phase-220v-or-3-phase-400v","status":"publish","type":"product","link":"https:\/\/engitech.az\/en\/product\/vertiv-powerups-6000-industrial-ups-6-40kva-1-phase-220v-or-3-phase-400v\/","title":{"rendered":"Vertiv\u2122 PowerUPS 6000 Industrial UPS, 6-40kVA, (1-Phase) 220V or (3-Phase) 400V"},"content":{"rendered":"<p>\u2022 <strong data-start=\"2\" data-end=\"13\">M\u0259hsul:<\/strong> Vertiv\u2122 PowerUPS 6000 Industrial UPS 6-40 kVA<br data-start=\"59\" data-end=\"62\" \/>\u2022 <strong data-start=\"64\" data-end=\"79\">Category:<\/strong> S\u0259naye tipli online UPS<br data-start=\"103\" data-end=\"106\" \/>\u2022 <strong data-start=\"108\" data-end=\"123\">Haz\u0131rlayan:<\/strong> Vertiv<br data-start=\"130\" data-end=\"133\" \/>\u2022 <strong data-start=\"135\" data-end=\"151\">Functions:<\/strong> 6-40 kVA g\u00fcc, 220 V (1-fazal\u0131) v\u0259 400 V (3-fazal\u0131), double-conversion texnologiyas\u0131, y\u00fcks\u0259k effektivlik (\u224897%), modul\/paralel i\u015fl\u0259m\u0259, IP42 qoruma <br data-start=\"335\" data-end=\"338\" \/>\u2022 <strong data-start=\"340\" data-end=\"353\">Usage:<\/strong> S\u0259naye sisteml\u0259ri, istehsalat, SCADA\/PLC v\u0259 kritik infrastrukturlar \u00fc\u00e7\u00fcn fasil\u0259siz enerji t\u0259minat\u0131<\/p>","protected":false},"excerpt":{"rendered":"<p>\u2022 M\u0259hsul: Vertiv\u2122 PowerUPS 6000 Industrial UPS 6-40 kVA\u2022 Kateqoriya:  [&#8230;]<\/p>","protected":false},"featured_media":11977,"comment_status":"open","ping_status":"closed","template":"","meta":[],"product_brand":[],"product_cat":[196],"product_tag":[],"class_list":{"0":"post-11976","1":"product","2":"type-product","3":"status-publish","4":"has-post-thumbnail","6":"product_cat-vertiv","7":"pa_mehsul-tipi-uninterruptible-power-supplies-ups","9":"first","10":"instock","11":"sold-individually","12":"shipping-taxable","13":"purchasable","14":"product-type-simple"},"_links":{"self":[{"href":"https:\/\/engitech.az\/en\/wp-json\/wp\/v2\/product\/11976","targetHints":{"allow":["GET"]}}],"collection":[{"href":"https:\/\/engitech.az\/en\/wp-json\/wp\/v2\/product"}],"about":[{"href":"https:\/\/engitech.az\/en\/wp-json\/wp\/v2\/types\/product"}],"replies":[{"embeddable":true,"href":"https:\/\/engitech.az\/en\/wp-json\/wp\/v2\/comments?post=11976"}],"wp:featuredmedia":[{"embeddable":true,"href":"https:\/\/engitech.az\/en\/wp-json\/wp\/v2\/media\/11977"}],"wp:attachment":[{"href":"https:\/\/engitech.az\/en\/wp-json\/wp\/v2\/media?parent=11976"}],"wp:term":[{"taxonomy":"product_brand","embeddable":true,"href":"https:\/\/engitech.az\/en\/wp-json\/wp\/v2\/product_brand?post=11976"},{"taxonomy":"product_cat","embeddable":true,"href":"https:\/\/engitech.az\/en\/wp-json\/wp\/v2\/product_cat?post=11976"},{"taxonomy":"product_tag","embeddable":true,"href":"https:\/\/engitech.az\/en\/wp-json\/wp\/v2\/product_tag?post=11976"}],"curies":[{"name":"wp","href":"https:\/\/api.w.org\/{rel}","templated":true}]}}