{"id":11985,"date":"2026-03-17T10:47:00","date_gmt":"2026-03-17T10:47:00","guid":{"rendered":"https:\/\/engitech.az\/?post_type=product&#038;p=11985"},"modified":"2026-03-17T10:47:00","modified_gmt":"2026-03-17T10:47:00","slug":"vertiv-netsure-solar-converter-shelf","status":"publish","type":"product","link":"https:\/\/engitech.az\/en\/product\/vertiv-netsure-solar-converter-shelf\/","title":{"rendered":"Vertiv NetSure Solar Converter Shelf"},"content":{"rendered":"<p>\u2022 <strong data-start=\"2\" data-end=\"13\">M\u0259hsul:<\/strong> Vertiv\u2122 NetSure Solar Converter Shelf<br data-start=\"51\" data-end=\"54\" \/>\u2022 <strong data-start=\"56\" data-end=\"71\">Category:<\/strong> DC g\u00fcn\u0259\u015f enerji konvertor sistemi<br data-start=\"105\" data-end=\"108\" \/>\u2022 <strong data-start=\"110\" data-end=\"125\">Haz\u0131rlayan:<\/strong> Vertiv<br data-start=\"132\" data-end=\"135\" \/>\u2022 <strong data-start=\"137\" data-end=\"153\">Functions:<\/strong> 8.6 kW g\u00fcc, -48 V DC \u00e7\u0131x\u0131\u015f, MPPT texnologiyas\u0131, y\u00fcks\u0259k effektivlik (~97%), modul v\u0259 rack tipli dizayn <br data-start=\"293\" data-end=\"296\" \/>\u2022 <strong data-start=\"298\" data-end=\"311\">Usage:<\/strong> Telekom v\u0259 DC enerji sisteml\u0259rind\u0259 g\u00fcn\u0259\u015f enerjisini inteqrasiya ed\u0259r\u0259k \u0259lav\u0259 enerji t\u0259minat\u0131 v\u0259 x\u0259rcl\u0259rin azald\u0131lmas\u0131<\/p>","protected":false},"excerpt":{"rendered":"<p>\u2022 M\u0259hsul: Vertiv\u2122 NetSure Solar Converter Shelf\u2022 Kateqoriya: DC g\u00fcn\u0259\u015f  [&#8230;]<\/p>","protected":false},"featured_media":11986,"comment_status":"open","ping_status":"closed","template":"","meta":[],"product_brand":[],"product_cat":[196],"product_tag":[],"class_list":{"0":"post-11985","1":"product","2":"type-product","3":"status-publish","4":"has-post-thumbnail","6":"product_cat-vertiv","7":"pa_mehsul-tipi-dc-power-systems","9":"first","10":"instock","11":"sold-individually","12":"shipping-taxable","13":"purchasable","14":"product-type-simple"},"_links":{"self":[{"href":"https:\/\/engitech.az\/en\/wp-json\/wp\/v2\/product\/11985","targetHints":{"allow":["GET"]}}],"collection":[{"href":"https:\/\/engitech.az\/en\/wp-json\/wp\/v2\/product"}],"about":[{"href":"https:\/\/engitech.az\/en\/wp-json\/wp\/v2\/types\/product"}],"replies":[{"embeddable":true,"href":"https:\/\/engitech.az\/en\/wp-json\/wp\/v2\/comments?post=11985"}],"wp:featuredmedia":[{"embeddable":true,"href":"https:\/\/engitech.az\/en\/wp-json\/wp\/v2\/media\/11986"}],"wp:attachment":[{"href":"https:\/\/engitech.az\/en\/wp-json\/wp\/v2\/media?parent=11985"}],"wp:term":[{"taxonomy":"product_brand","embeddable":true,"href":"https:\/\/engitech.az\/en\/wp-json\/wp\/v2\/product_brand?post=11985"},{"taxonomy":"product_cat","embeddable":true,"href":"https:\/\/engitech.az\/en\/wp-json\/wp\/v2\/product_cat?post=11985"},{"taxonomy":"product_tag","embeddable":true,"href":"https:\/\/engitech.az\/en\/wp-json\/wp\/v2\/product_tag?post=11985"}],"curies":[{"name":"wp","href":"https:\/\/api.w.org\/{rel}","templated":true}]}}